{"id":986,"date":"2023-03-16T10:17:18","date_gmt":"2023-03-16T10:17:18","guid":{"rendered":"https:\/\/flyfish-bregenzerwald.at\/?page_id=986"},"modified":"2023-05-24T10:10:29","modified_gmt":"2023-05-24T10:10:29","slug":"kurse","status":"publish","type":"page","link":"https:\/\/flyfish-bregenzerwald.at\/index.php\/kurse\/","title":{"rendered":"Kurse"},"content":{"rendered":"<div class=\"wp-block-image\">\n<figure class=\"alignleft size-large is-resized\"><img decoding=\"async\" src=\"https:\/\/flyfish-bregenzerwald.at\/wp-content\/uploads\/2023\/05\/Luca_Michael_Gebbert_3-1024x576.jpg\" alt=\"\" class=\"wp-image-1323\" width=\"358\" srcset=\"https:\/\/flyfish-bregenzerwald.at\/wp-content\/uploads\/2023\/05\/Luca_Michael_Gebbert_3-1024x576.jpg 1024w, https:\/\/flyfish-bregenzerwald.at\/wp-content\/uploads\/2023\/05\/Luca_Michael_Gebbert_3-300x169.jpg 300w, https:\/\/flyfish-bregenzerwald.at\/wp-content\/uploads\/2023\/05\/Luca_Michael_Gebbert_3-768x432.jpg 768w, https:\/\/flyfish-bregenzerwald.at\/wp-content\/uploads\/2023\/05\/Luca_Michael_Gebbert_3-1536x865.jpg 1536w, https:\/\/flyfish-bregenzerwald.at\/wp-content\/uploads\/2023\/05\/Luca_Michael_Gebbert_3-2048x1153.jpg 2048w\" sizes=\"(max-width: 1024px) 100vw, 1024px\" \/><\/figure><\/div>\n\n\n<p>Jedes Jahr veranstalten wir verschiedenste Kurse f\u00fcr Einsteiger und fortgeschrittene Fliegenfischer.<\/p>\n\n\n\n<p>Egal ob Schnupper-, Gruppen-, Privatkurse oder Guidings, die individuelle Einzelbetreuung und Schulung sind das Um und Auf f\u00fcr einen optimalen Lern- und Fangerfolg.<\/p>\n\n\n\n<p><\/p>\n\n\n<div class=\"wp-block-image\">\n<figure class=\"alignright size-large is-resized\"><img decoding=\"async\" src=\"https:\/\/flyfish-bregenzerwald.at\/wp-content\/uploads\/2023\/05\/Ursula_Westphal_Malzacher_2-1024x576.jpg\" alt=\"\" class=\"wp-image-1325\" width=\"358\" srcset=\"https:\/\/flyfish-bregenzerwald.at\/wp-content\/uploads\/2023\/05\/Ursula_Westphal_Malzacher_2-1024x576.jpg 1024w, https:\/\/flyfish-bregenzerwald.at\/wp-content\/uploads\/2023\/05\/Ursula_Westphal_Malzacher_2-300x169.jpg 300w, https:\/\/flyfish-bregenzerwald.at\/wp-content\/uploads\/2023\/05\/Ursula_Westphal_Malzacher_2-768x432.jpg 768w, https:\/\/flyfish-bregenzerwald.at\/wp-content\/uploads\/2023\/05\/Ursula_Westphal_Malzacher_2-1536x865.jpg 1536w, https:\/\/flyfish-bregenzerwald.at\/wp-content\/uploads\/2023\/05\/Ursula_Westphal_Malzacher_2-2048x1153.jpg 2048w\" sizes=\"(max-width: 1024px) 100vw, 1024px\" \/><\/figure><\/div>\n\n\n<p>Um optimale Ergebnisse zu gew\u00e4hrleisten, finden die Gruppenkurse jeweils nur mit geringen Teilnehmerzahlen statt. Durch unsere langj\u00e4hrige Erfahrung, sowie beste Orts- und Gew\u00e4sserkenntnisse zeigen sich schnell Fortschritte und Fangerfolge.<\/p>\n\n\n\n<p><\/p>\n\n\n\n<p><\/p>\n\n\n<div class=\"wp-block-image\">\n<figure class=\"alignleft size-large is-resized\"><img decoding=\"async\" src=\"https:\/\/flyfish-bregenzerwald.at\/wp-content\/uploads\/2023\/05\/Maria_Lisa_Til_Schernikau_1-1024x576.jpg\" alt=\"\" class=\"wp-image-1329\" width=\"358\" srcset=\"https:\/\/flyfish-bregenzerwald.at\/wp-content\/uploads\/2023\/05\/Maria_Lisa_Til_Schernikau_1-1024x576.jpg 1024w, https:\/\/flyfish-bregenzerwald.at\/wp-content\/uploads\/2023\/05\/Maria_Lisa_Til_Schernikau_1-300x169.jpg 300w, https:\/\/flyfish-bregenzerwald.at\/wp-content\/uploads\/2023\/05\/Maria_Lisa_Til_Schernikau_1-768x432.jpg 768w, https:\/\/flyfish-bregenzerwald.at\/wp-content\/uploads\/2023\/05\/Maria_Lisa_Til_Schernikau_1-1536x865.jpg 1536w, https:\/\/flyfish-bregenzerwald.at\/wp-content\/uploads\/2023\/05\/Maria_Lisa_Til_Schernikau_1-2048x1153.jpg 2048w\" sizes=\"(max-width: 1024px) 100vw, 1024px\" \/><\/figure><\/div>\n\n\n<p>Oder: W\u00fcnschen Sie einen Gruppenkurs in Ihrer Umgebung oder planen Sie eine Veranstaltung? Wir bieten Ihren Besuchern Kurse und Wurfvorf\u00fchrungen vom Grundwurf bis zum Doppelzug oder zu Trick- und Wasserw\u00fcrfen und reisen gerne auch zu Ihnen.<\/p>\n\n\n\n<p>\u00dcbernachtungsm\u00f6glichkeiten in umliegenden Hotels oder Pensionen werden auf Wunsch bei unseren Kursen gerne vermittelt.<\/p>\n","protected":false},"excerpt":{"rendered":"<p>Jedes Jahr veranstalten wir verschiedenste Kurse f\u00fcr Einsteiger und fortgeschrittene Fliegenfischer. Egal ob Schnupper-, Gruppen-, Privatkurse oder Guidings, die individuelle Einzelbetreuung und Schulung sind das Um und Auf f\u00fcr einen optimalen Lern- und Fangerfolg. Um optimale Ergebnisse zu gew\u00e4hrleisten, finden die Gruppenkurse jeweils nur mit geringen Teilnehmerzahlen statt. Durch unsere langj\u00e4hrige Erfahrung, sowie beste Orts- &#8230; <\/p>\n<p class=\"read-more-container\"><a title=\"Kurse\" class=\"read-more button\" href=\"https:\/\/flyfish-bregenzerwald.at\/index.php\/kurse\/#more-986\" aria-label=\"Mehr zu Kurse\">Mehr &#8230;<\/a><\/p>\n","protected":false},"author":2,"featured_media":1037,"parent":0,"menu_order":0,"comment_status":"closed","ping_status":"closed","template":"","meta":{"footnotes":""},"_links":{"self":[{"href":"https:\/\/flyfish-bregenzerwald.at\/index.php\/wp-json\/wp\/v2\/pages\/986"}],"collection":[{"href":"https:\/\/flyfish-bregenzerwald.at\/index.php\/wp-json\/wp\/v2\/pages"}],"about":[{"href":"https:\/\/flyfish-bregenzerwald.at\/index.php\/wp-json\/wp\/v2\/types\/page"}],"author":[{"embeddable":true,"href":"https:\/\/flyfish-bregenzerwald.at\/index.php\/wp-json\/wp\/v2\/users\/2"}],"replies":[{"embeddable":true,"href":"https:\/\/flyfish-bregenzerwald.at\/index.php\/wp-json\/wp\/v2\/comments?post=986"}],"version-history":[{"count":14,"href":"https:\/\/flyfish-bregenzerwald.at\/index.php\/wp-json\/wp\/v2\/pages\/986\/revisions"}],"predecessor-version":[{"id":1369,"href":"https:\/\/flyfish-bregenzerwald.at\/index.php\/wp-json\/wp\/v2\/pages\/986\/revisions\/1369"}],"wp:featuredmedia":[{"embeddable":true,"href":"https:\/\/flyfish-bregenzerwald.at\/index.php\/wp-json\/wp\/v2\/media\/1037"}],"wp:attachment":[{"href":"https:\/\/flyfish-bregenzerwald.at\/index.php\/wp-json\/wp\/v2\/media?parent=986"}],"curies":[{"name":"wp","href":"https:\/\/api.w.org\/{rel}","templated":true}]}}