{"id":983,"date":"2023-03-16T10:14:19","date_gmt":"2023-03-16T10:14:19","guid":{"rendered":"https:\/\/flyfish-bregenzerwald.at\/?page_id=983"},"modified":"2023-03-16T10:14:20","modified_gmt":"2023-03-16T10:14:20","slug":"verleih","status":"publish","type":"page","link":"https:\/\/flyfish-bregenzerwald.at\/index.php\/verleih\/","title":{"rendered":"Verleih"},"content":{"rendered":"\n<p>Sie ben\u00f6tigen eine Fliegenfischausr\u00fcstung nur f\u00fcr einen Tag, wollen unsere Flie\u00dfgew\u00e4sser kennenlernen, einfach mal einen Tag mit dem Bellyboot auf dem See verbringen, oder einfach ausprobieren, wie Ihnen das Fliegenfischen gef\u00e4llt. Dann sind Sie bei uns genau richtig:<\/p>\n\n\n\n<p>Warum mieten:<br>Sie bekommen fachm\u00e4nnische Beratung und erhalten das richtige Ger\u00e4t f\u00fcr die jeweilige Situation am Gew\u00e4sser und die Fischart, welche Sie befischen m\u00f6chten. Sie haben keine zus\u00e4tzliche Arbeit mit der Reinigung und Service und erhalten immer top gepflegtes Material.\u00a0 Sollten Sie in Ihrem Urlaub zu uns kommen, m\u00fcssen Sie kein unn\u00fctzes Gep\u00e4ck mitschleppen. Sie haben kein gro\u00dfes finanzielles Risiko, falls die Wetter- oder Wasserverh\u00e4ltnisse nicht mitspielen.<\/p>\n","protected":false},"excerpt":{"rendered":"<p>Sie ben\u00f6tigen eine Fliegenfischausr\u00fcstung nur f\u00fcr einen Tag, wollen unsere Flie\u00dfgew\u00e4sser kennenlernen, einfach mal einen Tag mit dem Bellyboot auf dem See verbringen, oder einfach ausprobieren, wie Ihnen das Fliegenfischen gef\u00e4llt. Dann sind Sie bei uns genau richtig: Warum mieten:Sie bekommen fachm\u00e4nnische Beratung und erhalten das richtige Ger\u00e4t f\u00fcr die jeweilige Situation am Gew\u00e4sser und &#8230; <\/p>\n<p class=\"read-more-container\"><a title=\"Verleih\" class=\"read-more button\" href=\"https:\/\/flyfish-bregenzerwald.at\/index.php\/verleih\/#more-983\" aria-label=\"Mehr zu Verleih\">Mehr &#8230;<\/a><\/p>\n","protected":false},"author":2,"featured_media":0,"parent":0,"menu_order":0,"comment_status":"closed","ping_status":"closed","template":"","meta":{"footnotes":""},"_links":{"self":[{"href":"https:\/\/flyfish-bregenzerwald.at\/index.php\/wp-json\/wp\/v2\/pages\/983"}],"collection":[{"href":"https:\/\/flyfish-bregenzerwald.at\/index.php\/wp-json\/wp\/v2\/pages"}],"about":[{"href":"https:\/\/flyfish-bregenzerwald.at\/index.php\/wp-json\/wp\/v2\/types\/page"}],"author":[{"embeddable":true,"href":"https:\/\/flyfish-bregenzerwald.at\/index.php\/wp-json\/wp\/v2\/users\/2"}],"replies":[{"embeddable":true,"href":"https:\/\/flyfish-bregenzerwald.at\/index.php\/wp-json\/wp\/v2\/comments?post=983"}],"version-history":[{"count":1,"href":"https:\/\/flyfish-bregenzerwald.at\/index.php\/wp-json\/wp\/v2\/pages\/983\/revisions"}],"predecessor-version":[{"id":984,"href":"https:\/\/flyfish-bregenzerwald.at\/index.php\/wp-json\/wp\/v2\/pages\/983\/revisions\/984"}],"wp:attachment":[{"href":"https:\/\/flyfish-bregenzerwald.at\/index.php\/wp-json\/wp\/v2\/media?parent=983"}],"curies":[{"name":"wp","href":"https:\/\/api.w.org\/{rel}","templated":true}]}}