{"id":979,"date":"2023-03-16T10:08:55","date_gmt":"2023-03-16T10:08:55","guid":{"rendered":"https:\/\/flyfish-bregenzerwald.at\/?page_id=979"},"modified":"2023-03-16T10:09:55","modified_gmt":"2023-03-16T10:09:55","slug":"shop-neu","status":"publish","type":"page","link":"https:\/\/flyfish-bregenzerwald.at\/index.php\/shop-neu\/","title":{"rendered":"Shop"},"content":{"rendered":"\n<p>Besuchen Sie unser Fachgesch\u00e4ft f\u00fcr die Fliegenfischerei im Bregenzerwald.<\/p>\n\n\n\n<p>Bei uns finden Sie Ruten, Rollen, Schn\u00fcre, Watbekleidung, Vorf\u00e4cher, Fliegen, einfach alles was ein Fliegenfischer ben\u00f6tigt, fachm\u00e4nnische Beratung inclusive. Weiters diverse Materialien und Werkzeuge zum Fliegen binden.<\/p>\n\n\n\n<p>Bevor wir Produkte in unser Sortiment aufnehmen, werden diese von uns intensiv getestet. Alle Produkte k\u00f6nnen in Ruhe betrachtet und ausprobiert werden. So wird ein Fehlkauf nahezu unm\u00f6glich.<\/p>\n\n\n\n<p>Tageskarten f\u00fcr viele Gew\u00e4sser im Bregenzer Wald erhalten Sie ebenfalls bei uns.<\/p>\n\n\n\n<p>Wir haben t\u00e4glich f\u00fcr Sie ge\u00f6ffnet, allerdings nur nach telefonischer Vereinbarung!<\/p>\n\n\n\n<p>T +43 664 4146482<\/p>\n","protected":false},"excerpt":{"rendered":"<p>Besuchen Sie unser Fachgesch\u00e4ft f\u00fcr die Fliegenfischerei im Bregenzerwald. Bei uns finden Sie Ruten, Rollen, Schn\u00fcre, Watbekleidung, Vorf\u00e4cher, Fliegen, einfach alles was ein Fliegenfischer ben\u00f6tigt, fachm\u00e4nnische Beratung inclusive. Weiters diverse Materialien und Werkzeuge zum Fliegen binden. Bevor wir Produkte in unser Sortiment aufnehmen, werden diese von uns intensiv getestet. Alle Produkte k\u00f6nnen in Ruhe betrachtet &#8230; <\/p>\n<p class=\"read-more-container\"><a title=\"Shop\" class=\"read-more button\" href=\"https:\/\/flyfish-bregenzerwald.at\/index.php\/shop-neu\/#more-979\" aria-label=\"Mehr zu Shop\">Mehr &#8230;<\/a><\/p>\n","protected":false},"author":2,"featured_media":0,"parent":0,"menu_order":0,"comment_status":"closed","ping_status":"closed","template":"","meta":{"footnotes":""},"_links":{"self":[{"href":"https:\/\/flyfish-bregenzerwald.at\/index.php\/wp-json\/wp\/v2\/pages\/979"}],"collection":[{"href":"https:\/\/flyfish-bregenzerwald.at\/index.php\/wp-json\/wp\/v2\/pages"}],"about":[{"href":"https:\/\/flyfish-bregenzerwald.at\/index.php\/wp-json\/wp\/v2\/types\/page"}],"author":[{"embeddable":true,"href":"https:\/\/flyfish-bregenzerwald.at\/index.php\/wp-json\/wp\/v2\/users\/2"}],"replies":[{"embeddable":true,"href":"https:\/\/flyfish-bregenzerwald.at\/index.php\/wp-json\/wp\/v2\/comments?post=979"}],"version-history":[{"count":2,"href":"https:\/\/flyfish-bregenzerwald.at\/index.php\/wp-json\/wp\/v2\/pages\/979\/revisions"}],"predecessor-version":[{"id":981,"href":"https:\/\/flyfish-bregenzerwald.at\/index.php\/wp-json\/wp\/v2\/pages\/979\/revisions\/981"}],"wp:attachment":[{"href":"https:\/\/flyfish-bregenzerwald.at\/index.php\/wp-json\/wp\/v2\/media?parent=979"}],"curies":[{"name":"wp","href":"https:\/\/api.w.org\/{rel}","templated":true}]}}