{"id":975,"date":"2023-03-16T10:01:01","date_gmt":"2023-03-16T10:01:01","guid":{"rendered":"https:\/\/flyfish-bregenzerwald.at\/?page_id=975"},"modified":"2023-05-17T15:38:57","modified_gmt":"2023-05-17T15:38:57","slug":"benjamin-eienbach","status":"publish","type":"page","link":"https:\/\/flyfish-bregenzerwald.at\/index.php\/benjamin-eienbach\/","title":{"rendered":"Benjamin Eienbach"},"content":{"rendered":"<div class=\"wp-block-image\">\n<figure class=\"alignright size-large is-resized\"><img decoding=\"async\" src=\"https:\/\/flyfish-bregenzerwald.at\/wp-content\/uploads\/2023\/05\/IMG_E7909-1-768x1024.jpg\" alt=\"\" class=\"wp-image-1220\" width=\"358\" srcset=\"https:\/\/flyfish-bregenzerwald.at\/wp-content\/uploads\/2023\/05\/IMG_E7909-1-768x1024.jpg 768w, https:\/\/flyfish-bregenzerwald.at\/wp-content\/uploads\/2023\/05\/IMG_E7909-1-225x300.jpg 225w, https:\/\/flyfish-bregenzerwald.at\/wp-content\/uploads\/2023\/05\/IMG_E7909-1-1152x1536.jpg 1152w, https:\/\/flyfish-bregenzerwald.at\/wp-content\/uploads\/2023\/05\/IMG_E7909-1-1536x2048.jpg 1536w, https:\/\/flyfish-bregenzerwald.at\/wp-content\/uploads\/2023\/05\/IMG_E7909-1-scaled.jpg 1920w\" sizes=\"(max-width: 768px) 100vw, 768px\" \/><\/figure><\/div>\n\n\n<p>Name: Eienbach Benjamin<br>Geboren: 1982<\/p>\n\n\n\n<p>Mit dem Wort \u201eFliegenfischen\u201c verbinde ich Freiheit, Natur, Erholung vom Alltag und Freude am Tun.<\/p>\n\n\n\n<p>Dies sind so meine ersten Gedanken, wenn ich mit der Fliegenrute am Wasser stehe. Das m\u00f6chte ich auch dir am Wasser zeigen! Wichtig ist es Spa\u00df zu haben, an dem was man macht. Darum habe ich mich nach langj\u00e4hriger Erfahrung entschieden, die Fliegenfischerei als Guide auch mit anderen zu teilen, die sich am Wasser noch verbessern oder auch dieses Hobby neu erlernen m\u00f6chten.<\/p>\n\n\n\n<p>Ob mit der Nymphe oder Trockenfliege, mein K\u00f6nnen werde ich gerne weitergeben. So kannst auch du diese Freude am Wasser leben und an neue Erfolge ankn\u00fcpfen.<\/p>\n\n\n\n<p>\u00dcbung macht den Meister! Das ist meine Einstellung. Darum befinde auch ich mich \u201efast\u201c jede freie Minute am Gew\u00e4sser. Es gibt st\u00e4ndig neue, herausfordernde Situationen am Wasser, die zu bew\u00e4ltigen sind.<\/p>\n\n\n<div class=\"wp-block-image\">\n<figure class=\"aligncenter size-full\"><img loading=\"lazy\" decoding=\"async\" width=\"2560\" height=\"1440\" src=\"https:\/\/flyfish-bregenzerwald.at\/wp-content\/uploads\/2023\/05\/20230422_113838-scaled.jpg\" alt=\"\" class=\"wp-image-1295\" srcset=\"https:\/\/flyfish-bregenzerwald.at\/wp-content\/uploads\/2023\/05\/20230422_113838-scaled.jpg 2560w, https:\/\/flyfish-bregenzerwald.at\/wp-content\/uploads\/2023\/05\/20230422_113838-300x169.jpg 300w, https:\/\/flyfish-bregenzerwald.at\/wp-content\/uploads\/2023\/05\/20230422_113838-1024x576.jpg 1024w, https:\/\/flyfish-bregenzerwald.at\/wp-content\/uploads\/2023\/05\/20230422_113838-768x432.jpg 768w, https:\/\/flyfish-bregenzerwald.at\/wp-content\/uploads\/2023\/05\/20230422_113838-1536x864.jpg 1536w, https:\/\/flyfish-bregenzerwald.at\/wp-content\/uploads\/2023\/05\/20230422_113838-2048x1152.jpg 2048w\" sizes=\"(max-width: 2560px) 100vw, 2560px\" \/><\/figure><\/div>\n\n\n<p>Wenn auch du das Alles miterleben m\u00f6chtest, w\u00fcrde ich mit dir diese Erfahrung am Gew\u00e4sser gerne teilen.<\/p>\n\n\n\n<p>Nice greets Guide Benny<\/p>\n","protected":false},"excerpt":{"rendered":"<p>Name: Eienbach BenjaminGeboren: 1982 Mit dem Wort \u201eFliegenfischen\u201c verbinde ich Freiheit, Natur, Erholung vom Alltag und Freude am Tun. Dies sind so meine ersten Gedanken, wenn ich mit der Fliegenrute am Wasser stehe. Das m\u00f6chte ich auch dir am Wasser zeigen! Wichtig ist es Spa\u00df zu haben, an dem was man macht. Darum habe ich &#8230; <\/p>\n<p class=\"read-more-container\"><a title=\"Benjamin Eienbach\" class=\"read-more button\" href=\"https:\/\/flyfish-bregenzerwald.at\/index.php\/benjamin-eienbach\/#more-975\" aria-label=\"Mehr zu Benjamin Eienbach\">Mehr &#8230;<\/a><\/p>\n","protected":false},"author":2,"featured_media":1282,"parent":0,"menu_order":0,"comment_status":"closed","ping_status":"closed","template":"","meta":{"footnotes":""},"_links":{"self":[{"href":"https:\/\/flyfish-bregenzerwald.at\/index.php\/wp-json\/wp\/v2\/pages\/975"}],"collection":[{"href":"https:\/\/flyfish-bregenzerwald.at\/index.php\/wp-json\/wp\/v2\/pages"}],"about":[{"href":"https:\/\/flyfish-bregenzerwald.at\/index.php\/wp-json\/wp\/v2\/types\/page"}],"author":[{"embeddable":true,"href":"https:\/\/flyfish-bregenzerwald.at\/index.php\/wp-json\/wp\/v2\/users\/2"}],"replies":[{"embeddable":true,"href":"https:\/\/flyfish-bregenzerwald.at\/index.php\/wp-json\/wp\/v2\/comments?post=975"}],"version-history":[{"count":4,"href":"https:\/\/flyfish-bregenzerwald.at\/index.php\/wp-json\/wp\/v2\/pages\/975\/revisions"}],"predecessor-version":[{"id":1298,"href":"https:\/\/flyfish-bregenzerwald.at\/index.php\/wp-json\/wp\/v2\/pages\/975\/revisions\/1298"}],"wp:featuredmedia":[{"embeddable":true,"href":"https:\/\/flyfish-bregenzerwald.at\/index.php\/wp-json\/wp\/v2\/media\/1282"}],"wp:attachment":[{"href":"https:\/\/flyfish-bregenzerwald.at\/index.php\/wp-json\/wp\/v2\/media?parent=975"}],"curies":[{"name":"wp","href":"https:\/\/api.w.org\/{rel}","templated":true}]}}