{"id":972,"date":"2023-03-16T09:58:01","date_gmt":"2023-03-16T09:58:01","guid":{"rendered":"https:\/\/flyfish-bregenzerwald.at\/?page_id=972"},"modified":"2023-05-17T11:44:41","modified_gmt":"2023-05-17T11:44:41","slug":"martin-weidisch","status":"publish","type":"page","link":"https:\/\/flyfish-bregenzerwald.at\/index.php\/martin-weidisch\/","title":{"rendered":"Martin Weidisch"},"content":{"rendered":"<div class=\"wp-block-image\">\n<figure class=\"alignright size-large is-resized\"><img decoding=\"async\" src=\"https:\/\/flyfish-bregenzerwald.at\/wp-content\/uploads\/2023\/05\/IMG_E8384-1024x768.jpg\" alt=\"\" class=\"wp-image-1227\" width=\"358\" srcset=\"https:\/\/flyfish-bregenzerwald.at\/wp-content\/uploads\/2023\/05\/IMG_E8384-1024x768.jpg 1024w, https:\/\/flyfish-bregenzerwald.at\/wp-content\/uploads\/2023\/05\/IMG_E8384-300x225.jpg 300w, https:\/\/flyfish-bregenzerwald.at\/wp-content\/uploads\/2023\/05\/IMG_E8384-768x576.jpg 768w, https:\/\/flyfish-bregenzerwald.at\/wp-content\/uploads\/2023\/05\/IMG_E8384-1536x1152.jpg 1536w, https:\/\/flyfish-bregenzerwald.at\/wp-content\/uploads\/2023\/05\/IMG_E8384-2048x1536.jpg 2048w\" sizes=\"(max-width: 1024px) 100vw, 1024px\" \/><\/figure><\/div>\n\n\n<p>Mein Name ist Martin Weidisch, ich bin 1976 in Ravensburg (Deutschland) geboren und wohne in Friedrichshafen am Bodensee.<\/p>\n\n\n\n<p>Meine Fischerkarriere begann fr\u00fch am Forellenteich und im Urlaub am Meer. Mit 12 Jahren machte ich die Fischerpr\u00fcfung und durfte dann endlich offiziell angeln gehen, anfangs nat\u00fcrlich noch mit Wurm und Blinker. Als in unserem Fischereiverein das Rutenbauen auf dem Programm stand, baute ich unter Anleitung meine erste Fliegenrute \u2013 die Schnurklasse wurde auf ca. 4-5 gesch\u00e4tzt \ud83d\ude09 Dazu kaufte ich von meinem Ersparten noch Rolle und Schnur und fing meinen ersten Fisch mit der Fliege: einen D\u00f6bel.<\/p>\n\n\n\n<p>Das Interesse am Fliegenfischen wuchs immer mehr und es kam, was kommen musste, ich fing an Fliegen zu binden. Zuerst mit einem selbstgebauten Bindestock und einer kleinen Grundausstattung, sp\u00e4ter mit immer mehr und besserem Material. Das machte ich einige Jahre, bis ich Anfang 20 war\u2026 naja und da waren dann andere Dinge wohl wichtiger als die Fischerei ;-). Aber wenn einen das Fieber mal gepackt hat, l\u00e4sst es einen auch nicht mehr los und so begann ich mit Ende 20 wieder mit der Fischerei und dem Fliegenbinden.<\/p>\n\n\n<div class=\"wp-block-image\">\n<figure class=\"alignleft size-large is-resized\"><img decoding=\"async\" src=\"https:\/\/flyfish-bregenzerwald.at\/wp-content\/uploads\/2023\/05\/IMG_E8395-768x1024.jpg\" alt=\"\" class=\"wp-image-1229\" width=\"358\" srcset=\"https:\/\/flyfish-bregenzerwald.at\/wp-content\/uploads\/2023\/05\/IMG_E8395-768x1024.jpg 768w, https:\/\/flyfish-bregenzerwald.at\/wp-content\/uploads\/2023\/05\/IMG_E8395-225x300.jpg 225w, https:\/\/flyfish-bregenzerwald.at\/wp-content\/uploads\/2023\/05\/IMG_E8395-1152x1536.jpg 1152w, https:\/\/flyfish-bregenzerwald.at\/wp-content\/uploads\/2023\/05\/IMG_E8395-1536x2048.jpg 1536w, https:\/\/flyfish-bregenzerwald.at\/wp-content\/uploads\/2023\/05\/IMG_E8395-scaled.jpg 1920w\" sizes=\"(max-width: 768px) 100vw, 768px\" \/><\/figure><\/div>\n\n\n<p>Bis heute durfte ich schon viele Gew\u00e4sser im In- und Ausland befischen und konnte somit viel Erfahrung im S\u00fcss- und Salzwasser sammeln. Meine Fliegenbindef\u00e4higkeiten habe ich weiter verbessert und konnte schon einige Titel gewinnen. 2022 ist mein Traum in Erf\u00fcllung gegangen und ich gewann die deutsche Meisterschaft in der Kategorie Trockenfliege.<\/p>\n\n\n\n<p>Ich freue mich, Euch das Fliegenfischen in dieser herrlichen Natur n\u00e4her zu bringen und Euch die Tricks, Kniffe, Standpl\u00e4tze und W\u00fcrfe zu zeigen um einen sch\u00f6nen Fisch zu fangen.<\/p>\n\n\n\n<p>Gerne sehen wir uns auch in einem der Fliegenbindekurse, in denen ich Euch das Binden von Trockenfliegen, Nymphen und Streamern zeige \u2013 Vom Anf\u00e4nger bis zum Fortgeschrittenen.<\/p>\n\n\n\n<p>Wir sehen uns am Wasser oder am Bindestock!<\/p>\n\n\n\n<p>Bis dahin Tight Lines!<\/p>\n","protected":false},"excerpt":{"rendered":"<p>Mein Name ist Martin Weidisch, ich bin 1976 in Ravensburg (Deutschland) geboren und wohne in Friedrichshafen am Bodensee. Meine Fischerkarriere begann fr\u00fch am Forellenteich und im Urlaub am Meer. Mit 12 Jahren machte ich die Fischerpr\u00fcfung und durfte dann endlich offiziell angeln gehen, anfangs nat\u00fcrlich noch mit Wurm und Blinker. Als in unserem Fischereiverein das &#8230; <\/p>\n<p class=\"read-more-container\"><a title=\"Martin Weidisch\" class=\"read-more button\" href=\"https:\/\/flyfish-bregenzerwald.at\/index.php\/martin-weidisch\/#more-972\" aria-label=\"Mehr zu Martin Weidisch\">Mehr &#8230;<\/a><\/p>\n","protected":false},"author":2,"featured_media":1154,"parent":0,"menu_order":0,"comment_status":"closed","ping_status":"closed","template":"","meta":{"footnotes":""},"_links":{"self":[{"href":"https:\/\/flyfish-bregenzerwald.at\/index.php\/wp-json\/wp\/v2\/pages\/972"}],"collection":[{"href":"https:\/\/flyfish-bregenzerwald.at\/index.php\/wp-json\/wp\/v2\/pages"}],"about":[{"href":"https:\/\/flyfish-bregenzerwald.at\/index.php\/wp-json\/wp\/v2\/types\/page"}],"author":[{"embeddable":true,"href":"https:\/\/flyfish-bregenzerwald.at\/index.php\/wp-json\/wp\/v2\/users\/2"}],"replies":[{"embeddable":true,"href":"https:\/\/flyfish-bregenzerwald.at\/index.php\/wp-json\/wp\/v2\/comments?post=972"}],"version-history":[{"count":2,"href":"https:\/\/flyfish-bregenzerwald.at\/index.php\/wp-json\/wp\/v2\/pages\/972\/revisions"}],"predecessor-version":[{"id":1236,"href":"https:\/\/flyfish-bregenzerwald.at\/index.php\/wp-json\/wp\/v2\/pages\/972\/revisions\/1236"}],"wp:featuredmedia":[{"embeddable":true,"href":"https:\/\/flyfish-bregenzerwald.at\/index.php\/wp-json\/wp\/v2\/media\/1154"}],"wp:attachment":[{"href":"https:\/\/flyfish-bregenzerwald.at\/index.php\/wp-json\/wp\/v2\/media?parent=972"}],"curies":[{"name":"wp","href":"https:\/\/api.w.org\/{rel}","templated":true}]}}