{"id":895,"date":"2023-03-14T12:58:55","date_gmt":"2023-03-14T12:58:55","guid":{"rendered":"https:\/\/flyfish-bregenzerwald.at\/?page_id=895"},"modified":"2023-04-16T17:15:34","modified_gmt":"2023-04-16T17:15:34","slug":"hechtkurs-11-03-2023","status":"publish","type":"page","link":"https:\/\/flyfish-bregenzerwald.at\/index.php\/hechtkurs-11-03-2023\/","title":{"rendered":"Hechtkurs 11.03.2023"},"content":{"rendered":"\n<p>In unseren ersten Hechtkurs 2023 sind wir bei winterlichen Verh\u00e4ltnissen im angenehm warmen Clubheim des FV- Bregenzerwald zun\u00e4chst mit Kaffee und kleinem Snacks gestartet.<\/p>\n\n\n<div class=\"wp-block-image\">\n<figure class=\"alignright size-large is-resized\"><img loading=\"lazy\" decoding=\"async\" src=\"https:\/\/flyfish-bregenzerwald.at\/wp-content\/uploads\/2023\/03\/Barbara_Paal_1-1024x576.jpg\" alt=\"\" class=\"wp-image-929\" width=\"358\" height=\"200\" srcset=\"https:\/\/flyfish-bregenzerwald.at\/wp-content\/uploads\/2023\/03\/Barbara_Paal_1-1024x576.jpg 1024w, https:\/\/flyfish-bregenzerwald.at\/wp-content\/uploads\/2023\/03\/Barbara_Paal_1-300x169.jpg 300w, https:\/\/flyfish-bregenzerwald.at\/wp-content\/uploads\/2023\/03\/Barbara_Paal_1-768x432.jpg 768w, https:\/\/flyfish-bregenzerwald.at\/wp-content\/uploads\/2023\/03\/Barbara_Paal_1-1536x864.jpg 1536w, https:\/\/flyfish-bregenzerwald.at\/wp-content\/uploads\/2023\/03\/Barbara_Paal_1-2048x1152.jpg 2048w\" sizes=\"(max-width: 358px) 100vw, 358px\" \/><\/figure><\/div>\n\n\n<p>Nach etwas Theorie und dem gemeinsamen Ger\u00e4te- und Ausr\u00fcstungscheck wagten wir uns bei Schneegest\u00f6ber und d\u00fcnner Schneedecke auf das \u00dcbungsgel\u00e4nde. Dort wurde die Wurftechnik mit etwas schwereren Ger\u00e4ten und K\u00f6dern den verschiedenen Situationen und W\u00fcrfen angepasst.<\/p>\n\n\n\n<p>Umgesetzt haben wir das Gelernte am Nachmittag am Hechtgew\u00e4sser. Dort ging es ans Eingemachte. Standort und Verhalten der Hechte wurde ersp\u00e4ht, Futterfische und Verhalten besprochen, Anbiettechniken und F\u00fchrung der verschiedenen K\u00f6der gezeigt. Dann ging`s endlich individuell mit der &#8222;Jagd&#8220; los!<\/p>\n\n\n<div class=\"wp-block-image\">\n<figure class=\"alignleft size-large is-resized\"><img loading=\"lazy\" decoding=\"async\" src=\"https:\/\/flyfish-bregenzerwald.at\/wp-content\/uploads\/2023\/03\/Andreas_Vogel_3-1024x576.jpg\" alt=\"\" class=\"wp-image-932\" width=\"358\" height=\"200\" srcset=\"https:\/\/flyfish-bregenzerwald.at\/wp-content\/uploads\/2023\/03\/Andreas_Vogel_3-1024x576.jpg 1024w, https:\/\/flyfish-bregenzerwald.at\/wp-content\/uploads\/2023\/03\/Andreas_Vogel_3-300x169.jpg 300w, https:\/\/flyfish-bregenzerwald.at\/wp-content\/uploads\/2023\/03\/Andreas_Vogel_3-768x432.jpg 768w\" sizes=\"(max-width: 358px) 100vw, 358px\" \/><\/figure><\/div>\n\n\n<p>Bei unserer Abschlussbesprechung am fr\u00fchen Abend freuten wir uns sehr! Petrus war gn\u00e4dig!<br>Andreas konnte seinen Fang pr\u00e4sentieren und wir durften mit ihm auf seine Beute ansto\u00dfen!<\/p>\n\n\n\n<p>Ein wirklich sehr gelungener Start in die Kurssaison 2023 mit einer absolut coooooolen Truppe!<\/p>\n\n\n\n<p>Claus Elmenreich<\/p>\n\n\n\n<p>Hechtkurs am 18.03.2023\u00a0<strong>\u2013 ein freier Kursplatz!<\/strong><br>->\u00a0<a href=\"https:\/\/flyfish-bregenzerwald.at\/index.php\/kurstermine-2\/\">zu den Kursen<\/a><\/p>\n\n\n\n<div class=\"rl-gallery-container rl-loading\" id=\"rl-gallery-container-1\" data-gallery_id=\"933\"> <div class=\"rl-gallery rl-basicgrid-gallery \" id=\"rl-gallery-1\" data-gallery_no=\"1\"> <div class=\"rl-gallery-item\"><a href=\"https:\/\/flyfish-bregenzerwald.at\/wp-content\/uploads\/2023\/03\/Barbara_Paal_1-scaled.jpg\" title=\"\" data-rl_title=\"\" class=\"rl-gallery-link\" data-rl_caption=\"\" data-rel=\"lightbox-gallery-1\"><img loading=\"lazy\" decoding=\"async\" src=\"https:\/\/flyfish-bregenzerwald.at\/wp-content\/uploads\/2023\/03\/Barbara_Paal_1-300x169.jpg\" width=\"300\" height=\"169\" alt=\"\" \/><\/a><\/div><div class=\"rl-gallery-item\"><a href=\"https:\/\/flyfish-bregenzerwald.at\/wp-content\/uploads\/2023\/03\/Andreas_Vogel_1-scaled.jpg\" title=\"\" data-rl_title=\"\" class=\"rl-gallery-link\" data-rl_caption=\"\" data-rel=\"lightbox-gallery-1\"><img loading=\"lazy\" decoding=\"async\" src=\"https:\/\/flyfish-bregenzerwald.at\/wp-content\/uploads\/2023\/03\/Andreas_Vogel_1-300x169.jpg\" width=\"300\" height=\"169\" alt=\"\" \/><\/a><\/div><div class=\"rl-gallery-item\"><a href=\"https:\/\/flyfish-bregenzerwald.at\/wp-content\/uploads\/2023\/03\/Michael_Kollrieder_1-scaled.jpg\" title=\"\" data-rl_title=\"\" class=\"rl-gallery-link\" data-rl_caption=\"\" data-rel=\"lightbox-gallery-1\"><img loading=\"lazy\" decoding=\"async\" src=\"https:\/\/flyfish-bregenzerwald.at\/wp-content\/uploads\/2023\/03\/Michael_Kollrieder_1-300x200.jpg\" width=\"300\" height=\"200\" alt=\"\" \/><\/a><\/div><div class=\"rl-gallery-item\"><a href=\"https:\/\/flyfish-bregenzerwald.at\/wp-content\/uploads\/2023\/03\/Gruppe_2-scaled.jpg\" title=\"\" data-rl_title=\"\" class=\"rl-gallery-link\" data-rl_caption=\"\" data-rel=\"lightbox-gallery-1\"><img loading=\"lazy\" decoding=\"async\" src=\"https:\/\/flyfish-bregenzerwald.at\/wp-content\/uploads\/2023\/03\/Gruppe_2-300x169.jpg\" width=\"300\" height=\"169\" alt=\"\" \/><\/a><\/div><div class=\"rl-gallery-item\"><a href=\"https:\/\/flyfish-bregenzerwald.at\/wp-content\/uploads\/2023\/03\/Barbara_Paal_Claus_Elmenreich-scaled.jpg\" title=\"\" data-rl_title=\"\" class=\"rl-gallery-link\" data-rl_caption=\"\" data-rel=\"lightbox-gallery-1\"><img loading=\"lazy\" decoding=\"async\" src=\"https:\/\/flyfish-bregenzerwald.at\/wp-content\/uploads\/2023\/03\/Barbara_Paal_Claus_Elmenreich-300x169.jpg\" width=\"300\" height=\"169\" alt=\"\" \/><\/a><\/div><div class=\"rl-gallery-item\"><a href=\"https:\/\/flyfish-bregenzerwald.at\/wp-content\/uploads\/2023\/03\/Thomas_Bader_2-scaled.jpg\" title=\"\" data-rl_title=\"\" class=\"rl-gallery-link\" data-rl_caption=\"\" data-rel=\"lightbox-gallery-1\"><img loading=\"lazy\" decoding=\"async\" src=\"https:\/\/flyfish-bregenzerwald.at\/wp-content\/uploads\/2023\/03\/Thomas_Bader_2-300x169.jpg\" width=\"300\" height=\"169\" alt=\"\" \/><\/a><\/div><div class=\"rl-gallery-item\"><a href=\"https:\/\/flyfish-bregenzerwald.at\/wp-content\/uploads\/2023\/03\/Peter_Walser_2.jpg\" title=\"\" data-rl_title=\"\" class=\"rl-gallery-link\" data-rl_caption=\"\" data-rel=\"lightbox-gallery-1\"><img loading=\"lazy\" decoding=\"async\" src=\"https:\/\/flyfish-bregenzerwald.at\/wp-content\/uploads\/2023\/03\/Peter_Walser_2-300x169.jpg\" width=\"300\" height=\"169\" alt=\"\" \/><\/a><\/div><div class=\"rl-gallery-item\"><a href=\"https:\/\/flyfish-bregenzerwald.at\/wp-content\/uploads\/2023\/03\/Barbara_Paal_2-scaled.jpg\" title=\"\" data-rl_title=\"\" class=\"rl-gallery-link\" data-rl_caption=\"\" data-rel=\"lightbox-gallery-1\"><img loading=\"lazy\" decoding=\"async\" src=\"https:\/\/flyfish-bregenzerwald.at\/wp-content\/uploads\/2023\/03\/Barbara_Paal_2-300x169.jpg\" width=\"300\" height=\"169\" alt=\"\" \/><\/a><\/div><div class=\"rl-gallery-item\"><a href=\"https:\/\/flyfish-bregenzerwald.at\/wp-content\/uploads\/2023\/03\/Marcel_Walser_2.jpg\" title=\"\" data-rl_title=\"\" class=\"rl-gallery-link\" data-rl_caption=\"\" data-rel=\"lightbox-gallery-1\"><img loading=\"lazy\" decoding=\"async\" src=\"https:\/\/flyfish-bregenzerwald.at\/wp-content\/uploads\/2023\/03\/Marcel_Walser_2-300x169.jpg\" width=\"300\" height=\"169\" alt=\"\" \/><\/a><\/div><div class=\"rl-gallery-item\"><a href=\"https:\/\/flyfish-bregenzerwald.at\/wp-content\/uploads\/2023\/03\/Andreas_Vogel_3-scaled.jpg\" title=\"\" data-rl_title=\"\" class=\"rl-gallery-link\" data-rl_caption=\"\" data-rel=\"lightbox-gallery-1\"><img loading=\"lazy\" decoding=\"async\" src=\"https:\/\/flyfish-bregenzerwald.at\/wp-content\/uploads\/2023\/03\/Andreas_Vogel_3-300x169.jpg\" width=\"300\" height=\"169\" alt=\"\" \/><\/a><\/div> <\/div> <\/div>\n","protected":false},"excerpt":{"rendered":"<p>In unseren ersten Hechtkurs 2023 sind wir bei winterlichen Verh\u00e4ltnissen im angenehm warmen Clubheim des FV- Bregenzerwald zun\u00e4chst mit Kaffee und kleinem Snacks gestartet. Nach etwas Theorie und dem gemeinsamen Ger\u00e4te- und Ausr\u00fcstungscheck wagten wir uns bei Schneegest\u00f6ber und d\u00fcnner Schneedecke auf das \u00dcbungsgel\u00e4nde. Dort wurde die Wurftechnik mit etwas schwereren Ger\u00e4ten und K\u00f6dern den &#8230; <\/p>\n<p class=\"read-more-container\"><a title=\"Hechtkurs 11.03.2023\" class=\"read-more button\" href=\"https:\/\/flyfish-bregenzerwald.at\/index.php\/hechtkurs-11-03-2023\/#more-895\" aria-label=\"Mehr zu Hechtkurs 11.03.2023\">Mehr &#8230;<\/a><\/p>\n","protected":false},"author":2,"featured_media":925,"parent":0,"menu_order":0,"comment_status":"closed","ping_status":"closed","template":"","meta":{"footnotes":""},"_links":{"self":[{"href":"https:\/\/flyfish-bregenzerwald.at\/index.php\/wp-json\/wp\/v2\/pages\/895"}],"collection":[{"href":"https:\/\/flyfish-bregenzerwald.at\/index.php\/wp-json\/wp\/v2\/pages"}],"about":[{"href":"https:\/\/flyfish-bregenzerwald.at\/index.php\/wp-json\/wp\/v2\/types\/page"}],"author":[{"embeddable":true,"href":"https:\/\/flyfish-bregenzerwald.at\/index.php\/wp-json\/wp\/v2\/users\/2"}],"replies":[{"embeddable":true,"href":"https:\/\/flyfish-bregenzerwald.at\/index.php\/wp-json\/wp\/v2\/comments?post=895"}],"version-history":[{"count":20,"href":"https:\/\/flyfish-bregenzerwald.at\/index.php\/wp-json\/wp\/v2\/pages\/895\/revisions"}],"predecessor-version":[{"id":1118,"href":"https:\/\/flyfish-bregenzerwald.at\/index.php\/wp-json\/wp\/v2\/pages\/895\/revisions\/1118"}],"wp:featuredmedia":[{"embeddable":true,"href":"https:\/\/flyfish-bregenzerwald.at\/index.php\/wp-json\/wp\/v2\/media\/925"}],"wp:attachment":[{"href":"https:\/\/flyfish-bregenzerwald.at\/index.php\/wp-json\/wp\/v2\/media?parent=895"}],"curies":[{"name":"wp","href":"https:\/\/api.w.org\/{rel}","templated":true}]}}