{"id":676,"date":"2022-07-21T09:32:06","date_gmt":"2022-07-21T09:32:06","guid":{"rendered":"https:\/\/flyfish-bregenzerwald.at\/?page_id=676"},"modified":"2022-07-25T18:08:56","modified_gmt":"2022-07-25T18:08:56","slug":"revival-johannes-friends","status":"publish","type":"page","link":"https:\/\/flyfish-bregenzerwald.at\/index.php\/revival-johannes-friends\/","title":{"rendered":"Revival &#8211; Johannes &#038; Friends"},"content":{"rendered":"\n<p>Wenn im Juli die Mittagshitze nachl\u00e4sst, die ersten Schatten aufs Wasser fallen und der Wasserstand leicht f\u00e4llt, ist die Stunde der Fliegenfischer gekommen. Die Bregenzer Ache k\u00fchlt angenehm, den bei niedriger Temperatur in der Wathose Garenden.<\/p>\n\n\n\n<div class=\"wp-block-image\"><figure class=\"alignright size-full is-resized\"><img decoding=\"async\" src=\"https:\/\/flyfish-bregenzerwald.at\/wp-content\/uploads\/2022\/07\/Gruppe_3-Kopie-scaled.jpg\" alt=\"\" class=\"wp-image-682\" width=\"458\" srcset=\"https:\/\/flyfish-bregenzerwald.at\/wp-content\/uploads\/2022\/07\/Gruppe_3-Kopie-scaled.jpg 2560w, https:\/\/flyfish-bregenzerwald.at\/wp-content\/uploads\/2022\/07\/Gruppe_3-Kopie-300x200.jpg 300w, https:\/\/flyfish-bregenzerwald.at\/wp-content\/uploads\/2022\/07\/Gruppe_3-Kopie-1024x683.jpg 1024w, https:\/\/flyfish-bregenzerwald.at\/wp-content\/uploads\/2022\/07\/Gruppe_3-Kopie-768x512.jpg 768w, https:\/\/flyfish-bregenzerwald.at\/wp-content\/uploads\/2022\/07\/Gruppe_3-Kopie-1536x1024.jpg 1536w, https:\/\/flyfish-bregenzerwald.at\/wp-content\/uploads\/2022\/07\/Gruppe_3-Kopie-2048x1365.jpg 2048w\" sizes=\"(max-width: 2560px) 100vw, 2560px\" \/><\/figure><\/div>\n\n\n\n<p>Sch\u00f6n das Claus den Nachmittag f\u00fcr uns frei gehalten hatte um unserem gl\u00fccklichen Kleeblatt &#8211; es bringt zu viert mehr als 250 Lebensjahre zusammen &#8211; etwas Neues zu zeigen. Jeder, der pro Jahr allenfalls eine Woche dem Fliegenfischen widmen kann, profitiert, wenn er von einem wirklichen K\u00f6nner etwas gezeigt bekommt. Niemand ist perfekt und die kleinen oder gr\u00f6\u00dferen dummen Angewohnheiten korrigiert Claus mit viel Geduld und p\u00e4dagogischem Geschick. Auch alte Sturk\u00f6pfe freuen sich so, etwas zu lernen. Wir hatten letztes Jahr immerhin verstanden, dass wenn der Fisch nicht zur Fliege kommt, die Fliege zum Fisch muss. Aber wie das genau geht, wie man eine Str\u00f6mung mit einem Trickwurf \u00fcberwindet, wie man die Schnur f\u00fchrt, damit die Nymphe nicht dreggt, wir bekommen das in Perfektion gezeigt. Aber wie es so ist, Perfektion erreicht der Laie nie, er versteht aber wo er hinm\u00fcsste. Wie so oft, der Weg ist das Ziel und der Fisch ist nur die Kirsche oben auf dem Eisbecher.<\/p>\n\n\n\n<div class=\"wp-block-image\"><figure class=\"alignleft size-full is-resized\"><img decoding=\"async\" src=\"https:\/\/flyfish-bregenzerwald.at\/wp-content\/uploads\/2022\/07\/Josef_1-Kopie-scaled.jpg\" alt=\"\" class=\"wp-image-684\" width=\"458\" srcset=\"https:\/\/flyfish-bregenzerwald.at\/wp-content\/uploads\/2022\/07\/Josef_1-Kopie-scaled.jpg 2560w, https:\/\/flyfish-bregenzerwald.at\/wp-content\/uploads\/2022\/07\/Josef_1-Kopie-300x200.jpg 300w, https:\/\/flyfish-bregenzerwald.at\/wp-content\/uploads\/2022\/07\/Josef_1-Kopie-1024x683.jpg 1024w, https:\/\/flyfish-bregenzerwald.at\/wp-content\/uploads\/2022\/07\/Josef_1-Kopie-768x512.jpg 768w, https:\/\/flyfish-bregenzerwald.at\/wp-content\/uploads\/2022\/07\/Josef_1-Kopie-1536x1024.jpg 1536w, https:\/\/flyfish-bregenzerwald.at\/wp-content\/uploads\/2022\/07\/Josef_1-Kopie-2048x1365.jpg 2048w\" sizes=\"(max-width: 2560px) 100vw, 2560px\" \/><\/figure><\/div>\n\n\n\n<p>Sch\u00f6n, dass Sankt Petrus auch die Strebenden belohnt. Zun\u00e4chst einmal damit, dass er es gewittrig werden l\u00e4sst, so dass er es weniger hei\u00df und die Fische bei\u00dffreudiger macht. Der aufkommende Wind st\u00f6rt in der tief eingeschnittenen Ache nicht so sehr, die Bedingungen zum Waten sind gut. Die Pools sind gro\u00dfz\u00fcgig, so dass auch zu viert niemand zweimal in den gleichen Pool steigen muss. <\/p>\n\n\n\n<p>Einen Watstock sollte man aber schon benutzen, nicht nur wegen des Alters. Die Steine rutschen manchmal weg. Waren anfangs nur kleinere Fische zu \u00fcberreden, wurde es f\u00fcr alle zunehmend spannender. Seppi erwischte einen D\u00f6bel, der dort eigentlich nichts zu suchen hatte und f\u00fcr seinen vorwitzigen Ausflug die H\u00f6chststrafe bekam. Die Bachforellen waren bei\u00dffreudig, reagierten mit freudigen Bissen auf das korrekte Pr\u00e4sentieren. Allerdings nicht jede kann gelandet werden, Fischen ohne Widerhaken gibt dem Fisch eine faire Chance, die dieser unweigerlich nutzt. Eine Weile sp\u00e4ter hatte Seppi eine kapitale Trutta Fario an seiner Nymphe und auch gl\u00fccklich gelandet. <\/p>\n\n\n\n<div class=\"wp-block-image\"><figure class=\"alignright size-full is-resized\"><img decoding=\"async\" src=\"https:\/\/flyfish-bregenzerwald.at\/wp-content\/uploads\/2022\/07\/Josef_4-Kopie-scaled.jpg\" alt=\"\" class=\"wp-image-685\" width=\"458\" srcset=\"https:\/\/flyfish-bregenzerwald.at\/wp-content\/uploads\/2022\/07\/Josef_4-Kopie-scaled.jpg 2560w, https:\/\/flyfish-bregenzerwald.at\/wp-content\/uploads\/2022\/07\/Josef_4-Kopie-300x200.jpg 300w, https:\/\/flyfish-bregenzerwald.at\/wp-content\/uploads\/2022\/07\/Josef_4-Kopie-1024x683.jpg 1024w, https:\/\/flyfish-bregenzerwald.at\/wp-content\/uploads\/2022\/07\/Josef_4-Kopie-768x512.jpg 768w, https:\/\/flyfish-bregenzerwald.at\/wp-content\/uploads\/2022\/07\/Josef_4-Kopie-1536x1024.jpg 1536w, https:\/\/flyfish-bregenzerwald.at\/wp-content\/uploads\/2022\/07\/Josef_4-Kopie-2048x1365.jpg 2048w\" sizes=\"(max-width: 2560px) 100vw, 2560px\" \/><\/figure><\/div>\n\n\n\n<p class=\"has-text-align-left\">Ein Ansporn f\u00fcr seine Freunde, der nicht ohne Folgen blieb. Eine nahe am Grund gef\u00fchrte Nymphe kann schon einmal h\u00e4ngen bleiben. Solche H\u00e4nger hatte ich schon einige erlebt und mit ein wenig Geduld und Positions\u00e4nderung auch ohne Verlust \u00fcberwunden. Diesmal aber bekam ich einen H\u00e4nger, der mich sehr verwirrte. Bei dem Versuch ihn unter m\u00e4\u00dfigem Zug flussaufw\u00e4rts zu l\u00f6sen bewegte sich der H\u00e4nger ganz deutlich mit. War es also ein schwer mit Wasser vollgesogenes St\u00fcck Holz? W\u00e4hrend ich noch \u00fcberlegte, wie ich meine Nymphe wohl retten k\u00f6nnte, begann das \u201eHolz\u201c zu zappeln. Aber selbst die au\u00dfergew\u00f6hnlich sch\u00f6nen B\u00e4ume des Begrenzer Waldes bringen sicher kein magisches Treibholz hervor. Es musste also ein Fisch sein, der da stur am Boden stand und unschl\u00fcssig aber mit z\u00e4hem Widerstand langsam hin und her schwamm. Ein 20er Vorfach h\u00e4lt einiges aus, aber \u00fcberlasten wollte ich es auch nicht. Eine Forelle war es wohl eher nicht, aber was war das f\u00fcr ein Monster? Es wurde auch zunehmend ungeduldig, versuchte mit Sch\u00fctteln und gr\u00f6\u00dferen Kreisen die Nymphe los zu werden. Mir war klar, dass ich einen au\u00dfergew\u00f6hnlichen Fisch am Haken hatte, den ich zumindest einmal sehen wollte. Also die Leine auf Zug und geduldig nachhalten. Es dauerte mehr als zehn angstvolle Minuten bis der Fisch sich langsam vom Boden l\u00f6ste. Es kam Bewegung in die Sache und ein erster kurzer Auftaucher zeigte eine geschuppte m\u00e4chtige Flanke. Nach fast zwanzig Minuten ziehen und ziehen lassen war der Fisch hinreichend m\u00fcde um nicht mehr aus dem Kescher zu zappeln, der f\u00fcr ihn eigentlich eine Nummer zu klein war. Es war eine 53cm Barbe, den gr\u00f6\u00dften und schwersten Fisch den ich je mit Fliege in einem Flie\u00dfgew\u00e4sser gefangen habe. <\/p>\n\n\n\n<div class=\"wp-block-image\"><figure class=\"alignleft size-full is-resized\"><img loading=\"lazy\" decoding=\"async\" src=\"https:\/\/flyfish-bregenzerwald.at\/wp-content\/uploads\/2022\/07\/Johannes_Schaede_4-Kopie-1024x683-1.jpg\" alt=\"\" class=\"wp-image-699\" width=\"458\" height=\"307\"\/><\/figure><\/div>\n\n\n\n<p>Mit den ersten Tropfen der abendlichen Gewitter waren wir zur\u00fcck am Auto. Das von Claus vorsorglich gek\u00fchlte Bier haben wir trocken unter dem Vordach des Egger Fussballvereins genie\u00dfen k\u00f6nnen, um die unvergesslichen Erlebnisse des Tages noch einmal durchzugehen. Dabei kann man sich etwas w\u00fcnschen. Zum Beispiel einmal eine Bachforelle von der Klasse der gefangenen Mega Barbe an den Haken zu bekommen. Oder auch, dass wir n\u00e4chstes Jahr wieder kommen und unser Guide Claus wieder Zeit f\u00fcr uns hat. Der erste Wunsch wurde mir noch in der gleichen Woche erf\u00fcllt. Eine 45 cm Bachforelle beim Abendsprung. Es muss wohl an der guten Anleitung liegen. Die Nymphe war \u00fcbrigens die Gleiche wie f\u00fcr die Barbe. Sie ist selbstgebunden, gr\u00fcn mit kupferroten Streifen und wurde auf den Namen Annalena getauft.<br>Johannes Schaede<\/p>\n\n\n\n<div class=\"rl-gallery-container rl-loading\" id=\"rl-gallery-container-1\" data-gallery_id=\"712\"> <div class=\"rl-gallery rl-basicgrid-gallery \" id=\"rl-gallery-1\" data-gallery_no=\"1\"> <div class=\"rl-gallery-item\"><a href=\"https:\/\/flyfish-bregenzerwald.at\/wp-content\/uploads\/2022\/07\/Claus_2-Kopie-scaled.jpg\" title=\"\" data-rl_title=\"\" class=\"rl-gallery-link\" data-rl_caption=\"\" data-rel=\"lightbox-gallery-1\"><img loading=\"lazy\" decoding=\"async\" src=\"https:\/\/flyfish-bregenzerwald.at\/wp-content\/uploads\/2022\/07\/Claus_2-Kopie-300x200.jpg\" width=\"300\" height=\"200\" alt=\"\" \/><\/a><\/div><div class=\"rl-gallery-item\"><a href=\"https:\/\/flyfish-bregenzerwald.at\/wp-content\/uploads\/2022\/07\/Max_2-Kopie-scaled.jpg\" title=\"\" data-rl_title=\"\" class=\"rl-gallery-link\" data-rl_caption=\"\" data-rel=\"lightbox-gallery-1\"><img loading=\"lazy\" decoding=\"async\" src=\"https:\/\/flyfish-bregenzerwald.at\/wp-content\/uploads\/2022\/07\/Max_2-Kopie-300x200.jpg\" width=\"300\" height=\"200\" alt=\"\" \/><\/a><\/div><div class=\"rl-gallery-item\"><a href=\"https:\/\/flyfish-bregenzerwald.at\/wp-content\/uploads\/2022\/07\/Josef_1-Kopie-scaled.jpg\" title=\"\" data-rl_title=\"\" class=\"rl-gallery-link\" data-rl_caption=\"\" data-rel=\"lightbox-gallery-1\"><img loading=\"lazy\" decoding=\"async\" src=\"https:\/\/flyfish-bregenzerwald.at\/wp-content\/uploads\/2022\/07\/Josef_1-Kopie-300x200.jpg\" width=\"300\" height=\"200\" alt=\"\" \/><\/a><\/div><div class=\"rl-gallery-item\"><a href=\"https:\/\/flyfish-bregenzerwald.at\/wp-content\/uploads\/2022\/07\/Max_3-Kopie-scaled.jpg\" title=\"\" data-rl_title=\"\" class=\"rl-gallery-link\" data-rl_caption=\"\" data-rel=\"lightbox-gallery-1\"><img loading=\"lazy\" decoding=\"async\" src=\"https:\/\/flyfish-bregenzerwald.at\/wp-content\/uploads\/2022\/07\/Max_3-Kopie-300x200.jpg\" width=\"300\" height=\"200\" alt=\"\" \/><\/a><\/div><div class=\"rl-gallery-item\"><a href=\"https:\/\/flyfish-bregenzerwald.at\/wp-content\/uploads\/2022\/07\/Josef_4-Kopie-scaled.jpg\" title=\"\" data-rl_title=\"\" class=\"rl-gallery-link\" data-rl_caption=\"\" data-rel=\"lightbox-gallery-1\"><img loading=\"lazy\" decoding=\"async\" src=\"https:\/\/flyfish-bregenzerwald.at\/wp-content\/uploads\/2022\/07\/Josef_4-Kopie-300x200.jpg\" width=\"300\" height=\"200\" alt=\"\" \/><\/a><\/div><div class=\"rl-gallery-item\"><a href=\"https:\/\/flyfish-bregenzerwald.at\/wp-content\/uploads\/2022\/07\/Johannes_Schaede_4-Kopie-scaled.jpg\" title=\"\" data-rl_title=\"\" class=\"rl-gallery-link\" data-rl_caption=\"\" data-rel=\"lightbox-gallery-1\"><img loading=\"lazy\" decoding=\"async\" src=\"https:\/\/flyfish-bregenzerwald.at\/wp-content\/uploads\/2022\/07\/Johannes_Schaede_4-Kopie-300x200.jpg\" width=\"300\" height=\"200\" alt=\"\" \/><\/a><\/div><div class=\"rl-gallery-item\"><a href=\"https:\/\/flyfish-bregenzerwald.at\/wp-content\/uploads\/2022\/07\/Gruppe_3-Kopie-scaled.jpg\" title=\"\" data-rl_title=\"\" class=\"rl-gallery-link\" data-rl_caption=\"\" data-rel=\"lightbox-gallery-1\"><img loading=\"lazy\" decoding=\"async\" src=\"https:\/\/flyfish-bregenzerwald.at\/wp-content\/uploads\/2022\/07\/Gruppe_3-Kopie-300x200.jpg\" width=\"300\" height=\"200\" alt=\"\" \/><\/a><\/div><div class=\"rl-gallery-item\"><a href=\"https:\/\/flyfish-bregenzerwald.at\/wp-content\/uploads\/2022\/07\/johannes_mit_Bachforelle-1.jpg\" title=\"\" data-rl_title=\"\" class=\"rl-gallery-link\" data-rl_caption=\"\" data-rel=\"lightbox-gallery-1\"><img loading=\"lazy\" decoding=\"async\" src=\"https:\/\/flyfish-bregenzerwald.at\/wp-content\/uploads\/2022\/07\/johannes_mit_Bachforelle-1-300x203.jpg\" width=\"300\" height=\"203\" alt=\"\" \/><\/a><\/div> <\/div> <\/div>\n","protected":false},"excerpt":{"rendered":"<p>Wenn im Juli die Mittagshitze nachl\u00e4sst, die ersten Schatten aufs Wasser fallen und der Wasserstand leicht f\u00e4llt, ist die Stunde der Fliegenfischer gekommen. Die Bregenzer Ache k\u00fchlt angenehm, den bei niedriger Temperatur in der Wathose Garenden. Sch\u00f6n das Claus den Nachmittag f\u00fcr uns frei gehalten hatte um unserem gl\u00fccklichen Kleeblatt &#8211; es bringt zu viert &#8230; <\/p>\n<p class=\"read-more-container\"><a title=\"Revival &#8211; Johannes &#038; Friends\" class=\"read-more button\" href=\"https:\/\/flyfish-bregenzerwald.at\/index.php\/revival-johannes-friends\/#more-676\" aria-label=\"Mehr zu Revival &#8211; Johannes &#038; Friends\">Mehr &#8230;<\/a><\/p>\n","protected":false},"author":2,"featured_media":683,"parent":0,"menu_order":0,"comment_status":"closed","ping_status":"closed","template":"","meta":{"footnotes":""},"_links":{"self":[{"href":"https:\/\/flyfish-bregenzerwald.at\/index.php\/wp-json\/wp\/v2\/pages\/676"}],"collection":[{"href":"https:\/\/flyfish-bregenzerwald.at\/index.php\/wp-json\/wp\/v2\/pages"}],"about":[{"href":"https:\/\/flyfish-bregenzerwald.at\/index.php\/wp-json\/wp\/v2\/types\/page"}],"author":[{"embeddable":true,"href":"https:\/\/flyfish-bregenzerwald.at\/index.php\/wp-json\/wp\/v2\/users\/2"}],"replies":[{"embeddable":true,"href":"https:\/\/flyfish-bregenzerwald.at\/index.php\/wp-json\/wp\/v2\/comments?post=676"}],"version-history":[{"count":16,"href":"https:\/\/flyfish-bregenzerwald.at\/index.php\/wp-json\/wp\/v2\/pages\/676\/revisions"}],"predecessor-version":[{"id":713,"href":"https:\/\/flyfish-bregenzerwald.at\/index.php\/wp-json\/wp\/v2\/pages\/676\/revisions\/713"}],"wp:featuredmedia":[{"embeddable":true,"href":"https:\/\/flyfish-bregenzerwald.at\/index.php\/wp-json\/wp\/v2\/media\/683"}],"wp:attachment":[{"href":"https:\/\/flyfish-bregenzerwald.at\/index.php\/wp-json\/wp\/v2\/media?parent=676"}],"curies":[{"name":"wp","href":"https:\/\/api.w.org\/{rel}","templated":true}]}}