{"id":621,"date":"2022-02-11T14:59:20","date_gmt":"2022-02-11T14:59:20","guid":{"rendered":"http:\/\/flyfish-bregenzerwald.at\/?page_id=621"},"modified":"2022-02-21T08:27:18","modified_gmt":"2022-02-21T08:27:18","slug":"saisoneroeffnung-am-rhein-von-dominik-erne","status":"publish","type":"page","link":"https:\/\/flyfish-bregenzerwald.at\/index.php\/saisoneroeffnung-am-rhein-von-dominik-erne\/","title":{"rendered":"Saisoner\u00f6ffnung am Rhein von Dominik Erne"},"content":{"rendered":"<p><strong>Anfang Februar hei\u00dft es Saisoner\u00f6ffnung am Rhein \u2013 und alle Jahre wieder brenne ich auf den Termin.<\/strong><\/p>\n<p>Nach dem langen Winter, sehr unterfischt, endlich wieder die Rute schwingen zu k\u00f6nnen.<br \/>\nAber der Rhein schenkt einem nichts. Die Jahre zuvor ging ich ausnahmslos jedes Mal als Schneider nach Hause. Trotz guten Verh\u00e4ltnissen konnte ich noch keinen Fisch im Lustenauer Revier 44 fangen. Der Fang einer 74cm langen Seeforelle von einem Vereinskollegen im Jahr 2021 motiviert zwar sehr, aber eine Forelle im Rhein scheint fast wie eine Meerforelle an der Ostsee zu sein: Fisch der 1000 W\u00fcrfe. Immer wieder berichten andere Angler sie seien ohne Biss nach Hause gefahren&#8230;<\/p>\n<p><img loading=\"lazy\" decoding=\"async\" class=\" wp-image-625 alignright\" src=\"https:\/\/flyfish-bregenzerwald.at\/wp-content\/uploads\/2022\/02\/Dominik_Erne_rhein2-227x300.jpg\" alt=\"\" width=\"385\" height=\"509\" srcset=\"https:\/\/flyfish-bregenzerwald.at\/wp-content\/uploads\/2022\/02\/Dominik_Erne_rhein2-227x300.jpg 227w, https:\/\/flyfish-bregenzerwald.at\/wp-content\/uploads\/2022\/02\/Dominik_Erne_rhein2-768x1015.jpg 768w, https:\/\/flyfish-bregenzerwald.at\/wp-content\/uploads\/2022\/02\/Dominik_Erne_rhein2-775x1024.jpg 775w, https:\/\/flyfish-bregenzerwald.at\/wp-content\/uploads\/2022\/02\/Dominik_Erne_rhein2.jpg 1514w\" sizes=\"(max-width: 385px) 100vw, 385px\" \/><\/p>\n<p>Aber Hauptsache am Wasser dachte ich mir am 4.2. und ging nach dem arbeiten noch f\u00fcr ein paar W\u00fcrfe los.\u00a0Die Luft war frisch und kalt, kaum Wind, die Sonne wurde immer wieder von einigen Wolken unterbrochen.\u00a0Der Wasserstand war ideal \u2013 man konnte direkt an der Kante stehen, das Wasser leicht angestaubt aber gerade noch klar genug.\u00a0Ohne allzu gro\u00dfe Erwartungen warf ich meinen kleinen beschwerten Streamer aus. Ich freute mich am Wasser zu sein und genoss die Aussicht auf die Schweizer Berge. Doch schon nach einer Handvoll W\u00fcrfen sah ich einen dunklen Schatten dem K\u00f6der bis vor meine F\u00fc\u00dfe hinterherflitzen. Etwas ungl\u00e4ubig und perplex fragte ich mich: War das ein Fisch oder hab ich mich get\u00e4uscht?<\/p>\n<p>Vorsichtig schlenze ich den Streamer an die Stelle wo der Schatten verschwunden war, und beim ersten Zupfen schoss ein Fisch wie aus dem nichts empor, und hing! Trotz heftigem Zappeln, und dank 25er Vorfach, konnte ich die Forelle schon nach wenigen Sekunden keschern. Da lag sie vor mir im Wasser, eine kleine Bachforelle, wundersch\u00f6n gl\u00e4nzend, zwar nur 36cm lang aber sehr gut gen\u00e4hrt.<\/p>\n<p><img loading=\"lazy\" decoding=\"async\" class=\"wp-image-624 aligncenter\" src=\"https:\/\/flyfish-bregenzerwald.at\/wp-content\/uploads\/2022\/02\/Dominik_Erne_rhein1-300x182.jpg\" alt=\"\" width=\"475\" height=\"288\" srcset=\"https:\/\/flyfish-bregenzerwald.at\/wp-content\/uploads\/2022\/02\/Dominik_Erne_rhein1-300x182.jpg 300w, https:\/\/flyfish-bregenzerwald.at\/wp-content\/uploads\/2022\/02\/Dominik_Erne_rhein1-768x467.jpg 768w, https:\/\/flyfish-bregenzerwald.at\/wp-content\/uploads\/2022\/02\/Dominik_Erne_rhein1-1024x622.jpg 1024w, https:\/\/flyfish-bregenzerwald.at\/wp-content\/uploads\/2022\/02\/Dominik_Erne_rhein1.jpg 2000w\" sizes=\"(max-width: 475px) 100vw, 475px\" \/><br \/>\nEin Jogger blieb stehen und staunte ebenso \u00fcberrascht wie ich. Nach einem schnellen Foto wurde der Fisch wieder gl\u00fccklich in die Freiheit entlassen. \u201eIch wusste gar nicht das hier Fische drin sind\u201c meinte der Sportler. \u201eIch war mir auch nicht ganz sicher\u201c entgegnete ich lachend.<br \/>\nDankbar und voller Gl\u00fccksgef\u00fchle packte ich dann auch schon wieder ein. Insgeheim war ich aber schon am \u00dcberlegen ob es wohl wieder gef\u00fchlte 1000 W\u00fcrfe bis zum n\u00e4chsten Biss am Rhein dauern wird.<\/p>\n<p>Dominik Erne<\/p>\n","protected":false},"excerpt":{"rendered":"<p>Anfang Februar hei\u00dft es Saisoner\u00f6ffnung am Rhein \u2013 und alle Jahre wieder brenne ich auf den Termin. Nach dem langen Winter, sehr unterfischt, endlich wieder die Rute schwingen zu k\u00f6nnen. Aber der Rhein schenkt einem nichts. Die Jahre zuvor ging ich ausnahmslos jedes Mal als Schneider nach Hause. Trotz guten Verh\u00e4ltnissen konnte ich noch keinen &#8230; <\/p>\n<p class=\"read-more-container\"><a title=\"Saisoner\u00f6ffnung am Rhein von Dominik Erne\" class=\"read-more button\" href=\"https:\/\/flyfish-bregenzerwald.at\/index.php\/saisoneroeffnung-am-rhein-von-dominik-erne\/#more-621\" aria-label=\"Mehr zu Saisoner\u00f6ffnung am Rhein von Dominik Erne\">Mehr &#8230;<\/a><\/p>\n","protected":false},"author":2,"featured_media":0,"parent":0,"menu_order":0,"comment_status":"closed","ping_status":"closed","template":"","meta":{"footnotes":""},"_links":{"self":[{"href":"https:\/\/flyfish-bregenzerwald.at\/index.php\/wp-json\/wp\/v2\/pages\/621"}],"collection":[{"href":"https:\/\/flyfish-bregenzerwald.at\/index.php\/wp-json\/wp\/v2\/pages"}],"about":[{"href":"https:\/\/flyfish-bregenzerwald.at\/index.php\/wp-json\/wp\/v2\/types\/page"}],"author":[{"embeddable":true,"href":"https:\/\/flyfish-bregenzerwald.at\/index.php\/wp-json\/wp\/v2\/users\/2"}],"replies":[{"embeddable":true,"href":"https:\/\/flyfish-bregenzerwald.at\/index.php\/wp-json\/wp\/v2\/comments?post=621"}],"version-history":[{"count":12,"href":"https:\/\/flyfish-bregenzerwald.at\/index.php\/wp-json\/wp\/v2\/pages\/621\/revisions"}],"predecessor-version":[{"id":641,"href":"https:\/\/flyfish-bregenzerwald.at\/index.php\/wp-json\/wp\/v2\/pages\/621\/revisions\/641"}],"wp:attachment":[{"href":"https:\/\/flyfish-bregenzerwald.at\/index.php\/wp-json\/wp\/v2\/media?parent=621"}],"curies":[{"name":"wp","href":"https:\/\/api.w.org\/{rel}","templated":true}]}}