{"id":565,"date":"2022-01-06T18:37:59","date_gmt":"2022-01-06T18:37:59","guid":{"rendered":"http:\/\/flyfish-bregenzerwald.at\/?page_id=565"},"modified":"2022-01-07T15:04:12","modified_gmt":"2022-01-07T15:04:12","slug":"ein-tag-der-ewig-in-erinnerung-bleiben-wird","status":"publish","type":"page","link":"https:\/\/flyfish-bregenzerwald.at\/index.php\/ein-tag-der-ewig-in-erinnerung-bleiben-wird\/","title":{"rendered":"Ein Tag der ewig in Erinnerung bleiben wird"},"content":{"rendered":"<p><strong>Hallo Angelfreunde, werte Kollegen,<\/strong><\/p>\n<p>ein Tag, der ewig in Erinnerung bleiben wird, besser gesagt ein Angeltag, den mein Kollege Jonas Greber und ich so noch nie erlebt haben.<br \/>\nEs war Samstagabend der 01.01.2022, wir haben f\u00fcr den n\u00e4chsten Tag einen Hechtangeltrip an den Bodensee geplant, die Wetterprognosen waren nicht gerade berauschend.<br \/>\nSomit haben wir unsere Entscheidung, ob wir gehen sollen oder nicht, auf Sonntagmorgen verlegt.\u00a0Die Wetterprognosen haben sich ins Bessere ge\u00e4ndert, somit entschieden wir, uns Sonntagmittag Richtung Bodensee zu machen.<br \/>\nKaum beim Boot angekommen, stellte sich heraus, dass dies eine gute Entscheidung war und die folgenden Stunden uns sprachlos machten. Alle Sachen ins Boot gepackt, schon ging es raus auf den spiegelglatten Bodensee. Die letzten Angeltage auf dem See waren nicht wirklich von Erfolg gekr\u00f6nt.<br \/>\nDie kalte Jahreszeit macht die Fische weniger bei\u00dffreudig, die Fische sind nicht mehr so aktiv, da die Wassertemperatur momentan um die 6\u00b0 liegt.\u00a0Aber wir wussten, dass die dicken \u201eHechtmuttis\u201c h\u00e4ufiger in der Winterjahreszeit gefangen werden.<br \/>\nDrau\u00dfen angekommen, schalteten wir das Echolot ein und schauten mal, ob was in der N\u00e4he ist, leider vergebens, also mussten wir sie suchen.\u00a0Eine halbe Stunde sp\u00e4ter, ein sch\u00f6ner Hecht auf dem Bildschirm, leider gefiel diesem unser Gummifisch nicht wirklich und er verabschiedete sich prompt in die Tiefe.\u00a0Wir dachten uns, das geht genau so weiter wie bei den letzten Angeltagen, somit ging die Suche weiter.\u00a0Kurze Zeit sp\u00e4ter wurde der n\u00e4chste sch\u00f6ne Hecht gefunden, Jonas fischte den Hecht perfekt an, der Fisch inhalierte knallhart den K\u00f6der, jedoch ging der Anhieb unverst\u00e4ndlicherweise ins Leere, kurz war getr\u00fcbte Stimmung auf dem Boot, jedoch wussten wir das sie doch bei\u00dfen.<\/p>\n<p>Danach war ich wieder an der Reihe, der n\u00e4chste Hecht lie\u00df nicht l<img loading=\"lazy\" decoding=\"async\" class=\"alignright wp-image-582 size-full\" src=\"https:\/\/flyfish-bregenzerwald.at\/wp-content\/uploads\/2022\/01\/IMG_0009.png\" alt=\"\" width=\"530\" height=\"285\" srcset=\"https:\/\/flyfish-bregenzerwald.at\/wp-content\/uploads\/2022\/01\/IMG_0009.png 530w, https:\/\/flyfish-bregenzerwald.at\/wp-content\/uploads\/2022\/01\/IMG_0009-300x161.png 300w\" sizes=\"(max-width: 530px) 100vw, 530px\" \/>ange auf sich warten und attackierte meinen K\u00f6der, der Anhieb hat gepasst, der Drill ging los. Auf dem Ma\u00dfband stellte sich heraus die ein Meter Marke wurde um einen Centimeter geknackt.\u00a0Die Freude war gro\u00df, f\u00fcr uns war der Angeltag schon perfekt.<\/p>\n<p>Somit war Jonas wieder an der Reihe und die Suche ging weiter.\u00a0Eine Bierl\u00e4nge sp\u00e4ter kam ein Fisch auf den Bildschirm und ich wusste sofort &#8211; wenn der einsteigt dann wird\u2019s richtig gro\u00df.\u00a0Wir versuchten den Fisch perfekt anzufahren, kaum waren wir \u00fcber ihm ging der K\u00f6der schon runter, perfekt pr\u00e4sentiert, 2 Sekunden sp\u00e4ter kam der Einschlag und die Rute war krumm.\u00a0Was dann folgte habe ich bisher nur vom Welsangeln gekannt, knallharte Schl\u00e4ge, enorme Fluchten, Jonas kam mit seiner Rute an die Grenzen.\u00a0<img loading=\"lazy\" decoding=\"async\" class=\"alignleft wp-image-581 size-full\" src=\"https:\/\/flyfish-bregenzerwald.at\/wp-content\/uploads\/2022\/01\/IMG_0008.png\" alt=\"\" width=\"547\" height=\"378\" srcset=\"https:\/\/flyfish-bregenzerwald.at\/wp-content\/uploads\/2022\/01\/IMG_0008.png 547w, https:\/\/flyfish-bregenzerwald.at\/wp-content\/uploads\/2022\/01\/IMG_0008-300x207.png 300w\" sizes=\"(max-width: 547px) 100vw, 547px\" \/>10 Minuten sp\u00e4ter kam der Hecht das erste Mal kurz an die Oberfl\u00e4che, ich stand mit dem Kescher schon bereit, der Fisch hatte noch Energie und somit ging er wieder in die Tiefe.\u00a0Dies ging dann drei mal so weiter bis der Fisch im Kescher war und wir trauten unseren Augen nicht als der Fisch auf dem Ma\u00dfband lag. Sagenhafte 120 cm pure Sch\u00f6nheit eines Fisches, die wir so noch nie gesehen haben. Wir sa\u00dfen im Boot und meinten, dass dieses Jahr schon gewaltig angefangen hat und dass es schwierig werde das heuer noch zu toppen.<\/p>\n<p>Somit war ich wieder an der Reihe und die Suche ging weiter.\u00a0Kurz darauf stieg der n\u00e4chste bei mir ein, jedoch verlor ich diesen Hecht mit ca. 80 cm vor dem Boot, was mir an diesem Tag relativ egal war.\u00a0Der Blick auf die Uhr sagte uns wir haben noch eine halbe Stunde bis die gesetzliche Fischereizeit zu Ende war.<\/p>\n<p>Dann kam der Augenblick der unseren Tag &#8211; der bis dahin schon gigantisch war &#8211; unbeschreiblich machte.\u00a0Der Blick auf den Bildschirm sagte mir sofort &#8211; wenn das ein Hecht ist, dann wird er noch gr\u00f6\u00dfer sein.\u00a0Bei genauerem Betrachten wusste ich, dass muss ein Hecht sein, da sie sich in dieser Gr\u00f6\u00dfe nicht mehr so gut von einem Wels unterscheiden lassen.<\/p>\n<p>Jonas war an der Reihe &#8211; Kr\u00e4fte sammeln, volle Konzentration und runter mit dem Gummifisch.\u00a0Der Fisch reagierte zun\u00e4chst nicht, ich dachte mir vielleicht doch ein Wels, der Fisch schwamm davon.\u00a0Nach kurzer Verfolgung ging der K\u00f6der wieder runter, wieder keine Reaktion, der Fisch schwamm wieder langsam davon.\u00a0Ich sagte zu Jonas \u201eeinmal probieren wir es noch und dann kann er mich mal\u201c.\u00a0Perfekt \u00fcber ihm lie\u00df er den K\u00f6der runter, wieder zun\u00e4chst keine Reaktion, jedoch blieb der Fisch unter dem Boot auf 14\u00a0Meter Tiefe stehen.<\/p>\n<p>Unsere Herzschl\u00e4ge wurden schneller, dann kam der knallharte Einschlag.\u00a0Der Drill begann und ich wusste, wenn das gut geht dann werden wir ein Exemplar der besonderen Klasse zu sehen bekommen.\u00a0Jonas merkte sofort, dass er sich jetzt keinerlei Fehler erlauben darf, jeder Fehler kann mit dem Ausstieg des Fisches bestraft werden.\u00a0<img loading=\"lazy\" decoding=\"async\" class=\"wp-image-583 size-full alignright\" src=\"https:\/\/flyfish-bregenzerwald.at\/wp-content\/uploads\/2022\/01\/IMG_0011.png\" alt=\"\" width=\"526\" height=\"381\" srcset=\"https:\/\/flyfish-bregenzerwald.at\/wp-content\/uploads\/2022\/01\/IMG_0011.png 526w, https:\/\/flyfish-bregenzerwald.at\/wp-content\/uploads\/2022\/01\/IMG_0011-300x217.png 300w\" sizes=\"(max-width: 526px) 100vw, 526px\" \/>Nach kr\u00e4ftezerrenden 15 Minuten kam der Fisch das erste Mal an die Oberfl\u00e4che und ich konnte ihn mit dem ersten Kescherhieb direkt verhaften.<\/p>\n<p>Wir wussten prompt, dass diese Hechtdame noch brutaler, noch dicker, noch gr\u00f6\u00dfer ist als die zuvor. Unser Gef\u00fchl t\u00e4uschte uns nicht, diese sch\u00f6ne Hechtdame brachte sagenhafte 126 cm auf die Messlatte.<\/p>\n<p>Die Zeit war hin\u00fcber, wir h\u00e4tten gerne weitergefischt, aber mussten diesen atemberaubenden Angeltag leider beenden.<\/p>\n<p>Heute, drei Tage sp\u00e4ter, haben wir realisiert, was da abging. Umso mehr freut es uns einerseits auf die n\u00e4chsten Angelausfl\u00fcge und anderseits &#8211; mich pers\u00f6nlich &#8211; auf mein eigenes Angelboot, das speziell f\u00fcr Raubfische entwickelt wurde und sich momentan im Aufbau befindet.<\/p>\n<p>Petri Heil, auf eine erfolgreiche Saison<br \/>\nMichael Helbock<br \/>\nJonas Greber<\/p>\n","protected":false},"excerpt":{"rendered":"<p>Hallo Angelfreunde, werte Kollegen, ein Tag, der ewig in Erinnerung bleiben wird, besser gesagt ein Angeltag, den mein Kollege Jonas Greber und ich so noch nie erlebt haben. Es war Samstagabend der 01.01.2022, wir haben f\u00fcr den n\u00e4chsten Tag einen Hechtangeltrip an den Bodensee geplant, die Wetterprognosen waren nicht gerade berauschend. Somit haben wir unsere &#8230; <\/p>\n<p class=\"read-more-container\"><a title=\"Ein Tag der ewig in Erinnerung bleiben wird\" class=\"read-more button\" href=\"https:\/\/flyfish-bregenzerwald.at\/index.php\/ein-tag-der-ewig-in-erinnerung-bleiben-wird\/#more-565\" aria-label=\"Mehr zu Ein Tag der ewig in Erinnerung bleiben wird\">Mehr &#8230;<\/a><\/p>\n","protected":false},"author":2,"featured_media":583,"parent":0,"menu_order":0,"comment_status":"closed","ping_status":"closed","template":"","meta":{"footnotes":""},"_links":{"self":[{"href":"https:\/\/flyfish-bregenzerwald.at\/index.php\/wp-json\/wp\/v2\/pages\/565"}],"collection":[{"href":"https:\/\/flyfish-bregenzerwald.at\/index.php\/wp-json\/wp\/v2\/pages"}],"about":[{"href":"https:\/\/flyfish-bregenzerwald.at\/index.php\/wp-json\/wp\/v2\/types\/page"}],"author":[{"embeddable":true,"href":"https:\/\/flyfish-bregenzerwald.at\/index.php\/wp-json\/wp\/v2\/users\/2"}],"replies":[{"embeddable":true,"href":"https:\/\/flyfish-bregenzerwald.at\/index.php\/wp-json\/wp\/v2\/comments?post=565"}],"version-history":[{"count":27,"href":"https:\/\/flyfish-bregenzerwald.at\/index.php\/wp-json\/wp\/v2\/pages\/565\/revisions"}],"predecessor-version":[{"id":609,"href":"https:\/\/flyfish-bregenzerwald.at\/index.php\/wp-json\/wp\/v2\/pages\/565\/revisions\/609"}],"wp:featuredmedia":[{"embeddable":true,"href":"https:\/\/flyfish-bregenzerwald.at\/index.php\/wp-json\/wp\/v2\/media\/583"}],"wp:attachment":[{"href":"https:\/\/flyfish-bregenzerwald.at\/index.php\/wp-json\/wp\/v2\/media?parent=565"}],"curies":[{"name":"wp","href":"https:\/\/api.w.org\/{rel}","templated":true}]}}