{"id":453,"date":"2021-10-27T05:23:49","date_gmt":"2021-10-27T05:23:49","guid":{"rendered":"http:\/\/flyfish-bregenzerwald.at\/?page_id=453"},"modified":"2021-10-27T05:31:05","modified_gmt":"2021-10-27T05:31:05","slug":"luenersee-zum-saisonabschluss-2","status":"publish","type":"page","link":"https:\/\/flyfish-bregenzerwald.at\/index.php\/luenersee-zum-saisonabschluss-2\/","title":{"rendered":"L\u00fcnersee zum Saisonabschluss"},"content":{"rendered":"<p style=\"text-align: center;\"><strong>Eineinhalb traumhafte Tage am L\u00fcnersee<\/strong><\/p>\n<p><img loading=\"lazy\" decoding=\"async\" class=\"wp-image-459 alignright\" src=\"https:\/\/flyfish-bregenzerwald.at\/wp-content\/uploads\/2021\/10\/20211024_151645-Kopie-300x225.jpg\" alt=\"\" width=\"300\" height=\"225\" srcset=\"https:\/\/flyfish-bregenzerwald.at\/wp-content\/uploads\/2021\/10\/20211024_151645-Kopie-300x225.jpg 300w, https:\/\/flyfish-bregenzerwald.at\/wp-content\/uploads\/2021\/10\/20211024_151645-Kopie-768x576.jpg 768w, https:\/\/flyfish-bregenzerwald.at\/wp-content\/uploads\/2021\/10\/20211024_151645-Kopie-1024x768.jpg 1024w\" sizes=\"(max-width: 300px) 100vw, 300px\" \/><\/p>\n<p>Um die Saison nun auch am L\u00fcnersee abzuschlie\u00dfen fuhr ich am Sonntag den 24.10. nachmittags, eine gute Stunde von Egg aus, zum L\u00fcnersee.<br \/>\nNach ca. 45 min\u00fctigen Aufstieg \u00fcber den &#8222;B\u00f6sen Tritt&#8220; begann das &#8222;Ausschau nach Fisch halten&#8220;!<\/p>\n<p>Der Plan &#8211; rund um den See zu laufen, Fischstandorte auszumachen und ein wenig Smalltalk mit dem ein oder anderen Fischerkollegen.<br \/>\nDer &#8222;D\u00e4mpfer&#8220; kam prompt! Die ersten Zwei denen ich begegnete &#8211; Entt\u00e4uschung pur &#8211; kein Fisch. Da ich aber gleich zu &#8211; Beginn schon Fische am Ufer sah, die auf Nahrungssuche waren, lie\u00df ich mich nicht entmutigen. Weitere Fischer best\u00e4tigten &#8211; &#8222;z\u00e4he Partie&#8220; &#8211; aber am sp\u00e4teren Nachmittag sah ich dann doch Einige steigen und die m\u00fcssten dann zum \u00dcberlisten sein!?\u00a0<img loading=\"lazy\" decoding=\"async\" class=\" wp-image-460 alignleft\" src=\"https:\/\/flyfish-bregenzerwald.at\/wp-content\/uploads\/2021\/10\/20211024_165619-Kopie-300x225.jpg\" alt=\"\" width=\"300\" height=\"225\" srcset=\"https:\/\/flyfish-bregenzerwald.at\/wp-content\/uploads\/2021\/10\/20211024_165619-Kopie-300x225.jpg 300w, https:\/\/flyfish-bregenzerwald.at\/wp-content\/uploads\/2021\/10\/20211024_165619-Kopie-768x576.jpg 768w, https:\/\/flyfish-bregenzerwald.at\/wp-content\/uploads\/2021\/10\/20211024_165619-Kopie-1024x768.jpg 1024w\" sizes=\"(max-width: 300px) 100vw, 300px\" \/>Bei einem kurzen Gespr\u00e4ch mit einem Aufsichtsfischer war klar, wirkliche Infos werden keine rausger\u00fcckt und so begann ich nach der Runde um den See doch, mit einem Plan f\u00fcr den n\u00e4chsten Tag, den Abstieg.<\/p>\n<p>Am Montag gings dann um 06:45 los. Nach dem unvergesslichen Aufstieg bei Mondschein und Stirnlampe ein &#8222;G\u00e4nsehauterlebnis&#8220;. Keine Menschenseele war zu sehen und ich genoss,\u00a0 die Stille, den Wind, den See, die Berge, den Mond, das Morgenrot &#8211; unvergesslich!<img loading=\"lazy\" decoding=\"async\" class=\"wp-image-467 alignright\" src=\"https:\/\/flyfish-bregenzerwald.at\/wp-content\/uploads\/2021\/10\/20211025_074225-Kopie-300x225.jpg\" alt=\"\" width=\"302\" height=\"226\" srcset=\"https:\/\/flyfish-bregenzerwald.at\/wp-content\/uploads\/2021\/10\/20211025_074225-Kopie-300x225.jpg 300w, https:\/\/flyfish-bregenzerwald.at\/wp-content\/uploads\/2021\/10\/20211025_074225-Kopie-768x576.jpg 768w, https:\/\/flyfish-bregenzerwald.at\/wp-content\/uploads\/2021\/10\/20211025_074225-Kopie-1024x768.jpg 1024w\" sizes=\"(max-width: 302px) 100vw, 302px\" \/><br \/>\nEin Schluck aus meiner Trinkflasche und auf zu meinem gestern ausgesuchten Platz. Rute, Rolle, Vorfach und nach dem checken ob was steigt, Fliege montiert und die ersten W\u00fcrfe. Nach und nach f\u00fcllte sich der See mit Fischerkollegen. Nach guten 2 Stunden &#8211; Fr\u00fchst\u00fcck und Platzwechsel (bis dahin noch kein Fisch ausgemacht und kein &#8222;Zupfer&#8220;).<br \/>\nNach einem Gespr\u00e4ch mit einem zuf\u00e4llig getroffenen ehemaligen Kursteilnehmer der, wie ich glaube bis dahin fast alle, noch keinen Fisch hatte entschloss ich mich Fische zu suchen. Wie es sich herausstellte eine gute Idee. In den n\u00e4chsten 3 Stunden hatte ich einiges an Action, mehrere gute Fische und super neue Fischerbekanntschaften geschlossen.<img loading=\"lazy\" decoding=\"async\" class=\"wp-image-471 alignleft\" src=\"https:\/\/flyfish-bregenzerwald.at\/wp-content\/uploads\/2021\/10\/20211025_133008-Kopie-300x225.jpg\" alt=\"\" width=\"299\" height=\"224\" srcset=\"https:\/\/flyfish-bregenzerwald.at\/wp-content\/uploads\/2021\/10\/20211025_133008-Kopie-300x225.jpg 300w, https:\/\/flyfish-bregenzerwald.at\/wp-content\/uploads\/2021\/10\/20211025_133008-Kopie-768x576.jpg 768w, https:\/\/flyfish-bregenzerwald.at\/wp-content\/uploads\/2021\/10\/20211025_133008-Kopie-1024x768.jpg 1024w\" sizes=\"(max-width: 299px) 100vw, 299px\" \/> Beim R\u00fcckweg zeigte mir mein ehemaliger Kursteilnehmer, die wohl sch\u00f6nste Regenbogenforelle die ich in diesem Jahr sehen werde, blau schimmernd wie eine Makrele, ein Traumfisch!<br \/>\nBeim Auto, wieder \u00fcber den &#8222;B\u00f6sen Tritt&#8220; angekommen sp\u00fcrte ich dann doch von diesen zwei Tagen etwas meine Beine, so solls sein! \ud83d\ude42<\/p>\n<p>Freue mich schon sehr auf eine Wiederholung im n\u00e4chsten Jahr!<br \/>\nClaus Elmenreich<\/p>\n<div class=\"rl-gallery-container rl-loading\" id=\"rl-gallery-container-1\" data-gallery_id=\"478\"> <div class=\"rl-gallery rl-basicgrid-gallery \" id=\"rl-gallery-1\" data-gallery_no=\"1\"> <div class=\"rl-gallery-item\"><a href=\"https:\/\/flyfish-bregenzerwald.at\/wp-content\/uploads\/2021\/10\/20211024_151645-Kopie.jpg\" title=\"\" data-rl_title=\"\" class=\"rl-gallery-link\" data-rl_caption=\"\" data-rel=\"lightbox-gallery-1\"><img loading=\"lazy\" decoding=\"async\" src=\"https:\/\/flyfish-bregenzerwald.at\/wp-content\/uploads\/2021\/10\/20211024_151645-Kopie-300x225.jpg\" width=\"300\" height=\"225\" alt=\"\" \/><\/a><\/div><div class=\"rl-gallery-item\"><a href=\"https:\/\/flyfish-bregenzerwald.at\/wp-content\/uploads\/2021\/10\/20211024_151639-Kopie.jpg\" title=\"\" data-rl_title=\"\" class=\"rl-gallery-link\" data-rl_caption=\"\" data-rel=\"lightbox-gallery-1\"><img loading=\"lazy\" decoding=\"async\" src=\"https:\/\/flyfish-bregenzerwald.at\/wp-content\/uploads\/2021\/10\/20211024_151639-Kopie-300x225.jpg\" width=\"300\" height=\"225\" alt=\"\" \/><\/a><\/div><div class=\"rl-gallery-item\"><a href=\"https:\/\/flyfish-bregenzerwald.at\/wp-content\/uploads\/2021\/10\/20211024_165619-Kopie.jpg\" title=\"\" data-rl_title=\"\" class=\"rl-gallery-link\" data-rl_caption=\"\" data-rel=\"lightbox-gallery-1\"><img loading=\"lazy\" decoding=\"async\" src=\"https:\/\/flyfish-bregenzerwald.at\/wp-content\/uploads\/2021\/10\/20211024_165619-Kopie-300x225.jpg\" width=\"300\" height=\"225\" alt=\"\" \/><\/a><\/div><div class=\"rl-gallery-item\"><a href=\"https:\/\/flyfish-bregenzerwald.at\/wp-content\/uploads\/2021\/10\/20211025_064503.jpg\" title=\"\" data-rl_title=\"\" class=\"rl-gallery-link\" data-rl_caption=\"\" data-rel=\"lightbox-gallery-1\"><img loading=\"lazy\" decoding=\"async\" src=\"https:\/\/flyfish-bregenzerwald.at\/wp-content\/uploads\/2021\/10\/20211025_064503-300x225.jpg\" width=\"300\" height=\"225\" alt=\"\" \/><\/a><\/div><div class=\"rl-gallery-item\"><a href=\"https:\/\/flyfish-bregenzerwald.at\/wp-content\/uploads\/2021\/10\/20211025_064537-Kopie.jpg\" title=\"\" data-rl_title=\"\" class=\"rl-gallery-link\" data-rl_caption=\"\" data-rel=\"lightbox-gallery-1\"><img loading=\"lazy\" decoding=\"async\" src=\"https:\/\/flyfish-bregenzerwald.at\/wp-content\/uploads\/2021\/10\/20211025_064537-Kopie-300x225.jpg\" width=\"300\" height=\"225\" alt=\"\" \/><\/a><\/div><div class=\"rl-gallery-item\"><a href=\"https:\/\/flyfish-bregenzerwald.at\/wp-content\/uploads\/2021\/10\/20211025_072602-Kopie.jpg\" title=\"\" data-rl_title=\"\" class=\"rl-gallery-link\" data-rl_caption=\"\" data-rel=\"lightbox-gallery-1\"><img loading=\"lazy\" decoding=\"async\" src=\"https:\/\/flyfish-bregenzerwald.at\/wp-content\/uploads\/2021\/10\/20211025_072602-Kopie-300x225.jpg\" width=\"300\" height=\"225\" alt=\"\" \/><\/a><\/div><div class=\"rl-gallery-item\"><a href=\"https:\/\/flyfish-bregenzerwald.at\/wp-content\/uploads\/2021\/10\/20211025_074225-Kopie.jpg\" title=\"\" data-rl_title=\"\" class=\"rl-gallery-link\" data-rl_caption=\"\" data-rel=\"lightbox-gallery-1\"><img loading=\"lazy\" decoding=\"async\" src=\"https:\/\/flyfish-bregenzerwald.at\/wp-content\/uploads\/2021\/10\/20211025_074225-Kopie-300x225.jpg\" width=\"300\" height=\"225\" alt=\"\" \/><\/a><\/div><div class=\"rl-gallery-item\"><a href=\"https:\/\/flyfish-bregenzerwald.at\/wp-content\/uploads\/2021\/10\/20211025_074245-Kopie-e1635312867939.jpg\" title=\"\" data-rl_title=\"\" class=\"rl-gallery-link\" data-rl_caption=\"\" data-rel=\"lightbox-gallery-1\"><img loading=\"lazy\" decoding=\"async\" src=\"https:\/\/flyfish-bregenzerwald.at\/wp-content\/uploads\/2021\/10\/20211025_074245-Kopie-300x225.jpg\" width=\"300\" height=\"225\" alt=\"\" \/><\/a><\/div><div class=\"rl-gallery-item\"><a href=\"https:\/\/flyfish-bregenzerwald.at\/wp-content\/uploads\/2021\/10\/20211025_074000-Kopie.jpg\" title=\"\" data-rl_title=\"\" class=\"rl-gallery-link\" data-rl_caption=\"\" data-rel=\"lightbox-gallery-1\"><img loading=\"lazy\" decoding=\"async\" src=\"https:\/\/flyfish-bregenzerwald.at\/wp-content\/uploads\/2021\/10\/20211025_074000-Kopie-300x225.jpg\" width=\"300\" height=\"225\" alt=\"\" \/><\/a><\/div><div class=\"rl-gallery-item\"><a href=\"https:\/\/flyfish-bregenzerwald.at\/wp-content\/uploads\/2021\/10\/20211025_094833.jpg\" title=\"\" data-rl_title=\"\" class=\"rl-gallery-link\" data-rl_caption=\"\" data-rel=\"lightbox-gallery-1\"><img loading=\"lazy\" decoding=\"async\" src=\"https:\/\/flyfish-bregenzerwald.at\/wp-content\/uploads\/2021\/10\/20211025_094833-300x225.jpg\" width=\"300\" height=\"225\" alt=\"\" \/><\/a><\/div><div class=\"rl-gallery-item\"><a href=\"https:\/\/flyfish-bregenzerwald.at\/wp-content\/uploads\/2021\/10\/20211025_121825-Kopie.jpg\" title=\"\" data-rl_title=\"\" class=\"rl-gallery-link\" data-rl_caption=\"\" data-rel=\"lightbox-gallery-1\"><img loading=\"lazy\" decoding=\"async\" src=\"https:\/\/flyfish-bregenzerwald.at\/wp-content\/uploads\/2021\/10\/20211025_121825-Kopie-300x225.jpg\" width=\"300\" height=\"225\" alt=\"\" \/><\/a><\/div><div class=\"rl-gallery-item\"><a href=\"https:\/\/flyfish-bregenzerwald.at\/wp-content\/uploads\/2021\/10\/20211025_133008-Kopie.jpg\" title=\"\" data-rl_title=\"\" class=\"rl-gallery-link\" data-rl_caption=\"\" data-rel=\"lightbox-gallery-1\"><img loading=\"lazy\" decoding=\"async\" src=\"https:\/\/flyfish-bregenzerwald.at\/wp-content\/uploads\/2021\/10\/20211025_133008-Kopie-300x225.jpg\" width=\"300\" height=\"225\" alt=\"\" \/><\/a><\/div> <\/div> <\/div>\n","protected":false},"excerpt":{"rendered":"<p>Eineinhalb traumhafte Tage am L\u00fcnersee Um die Saison nun auch am L\u00fcnersee abzuschlie\u00dfen fuhr ich am Sonntag den 24.10. nachmittags, eine gute Stunde von Egg aus, zum L\u00fcnersee. Nach ca. 45 min\u00fctigen Aufstieg \u00fcber den &#8222;B\u00f6sen Tritt&#8220; begann das &#8222;Ausschau nach Fisch halten&#8220;! Der Plan &#8211; rund um den See zu laufen, Fischstandorte auszumachen und &#8230; <\/p>\n<p class=\"read-more-container\"><a title=\"L\u00fcnersee zum Saisonabschluss\" class=\"read-more button\" href=\"https:\/\/flyfish-bregenzerwald.at\/index.php\/luenersee-zum-saisonabschluss-2\/#more-453\" aria-label=\"Mehr zu L\u00fcnersee zum Saisonabschluss\">Mehr &#8230;<\/a><\/p>\n","protected":false},"author":2,"featured_media":468,"parent":0,"menu_order":0,"comment_status":"closed","ping_status":"closed","template":"","meta":{"footnotes":""},"_links":{"self":[{"href":"https:\/\/flyfish-bregenzerwald.at\/index.php\/wp-json\/wp\/v2\/pages\/453"}],"collection":[{"href":"https:\/\/flyfish-bregenzerwald.at\/index.php\/wp-json\/wp\/v2\/pages"}],"about":[{"href":"https:\/\/flyfish-bregenzerwald.at\/index.php\/wp-json\/wp\/v2\/types\/page"}],"author":[{"embeddable":true,"href":"https:\/\/flyfish-bregenzerwald.at\/index.php\/wp-json\/wp\/v2\/users\/2"}],"replies":[{"embeddable":true,"href":"https:\/\/flyfish-bregenzerwald.at\/index.php\/wp-json\/wp\/v2\/comments?post=453"}],"version-history":[{"count":29,"href":"https:\/\/flyfish-bregenzerwald.at\/index.php\/wp-json\/wp\/v2\/pages\/453\/revisions"}],"predecessor-version":[{"id":514,"href":"https:\/\/flyfish-bregenzerwald.at\/index.php\/wp-json\/wp\/v2\/pages\/453\/revisions\/514"}],"wp:featuredmedia":[{"embeddable":true,"href":"https:\/\/flyfish-bregenzerwald.at\/index.php\/wp-json\/wp\/v2\/media\/468"}],"wp:attachment":[{"href":"https:\/\/flyfish-bregenzerwald.at\/index.php\/wp-json\/wp\/v2\/media?parent=453"}],"curies":[{"name":"wp","href":"https:\/\/api.w.org\/{rel}","templated":true}]}}