{"id":396,"date":"2021-10-09T10:26:05","date_gmt":"2021-10-09T10:26:05","guid":{"rendered":"http:\/\/flyfish-bregenzerwald.at\/?page_id=396"},"modified":"2021-10-09T11:34:07","modified_gmt":"2021-10-09T11:34:07","slug":"johannes-friends","status":"publish","type":"page","link":"https:\/\/flyfish-bregenzerwald.at\/index.php\/johannes-friends\/","title":{"rendered":"Johannes &#038; Friends"},"content":{"rendered":"<p style=\"text-align: center;\"><strong>Wer sie nicht kennt, sollte sie einmal kennenlernen, die Bregenzer Ache.<\/strong><\/p>\n<p><img loading=\"lazy\" decoding=\"async\" class=\"wp-image-412 alignright\" src=\"https:\/\/flyfish-bregenzerwald.at\/wp-content\/uploads\/2021\/10\/DSC03401-300x200.jpg\" alt=\"\" width=\"455\" height=\"303\" srcset=\"https:\/\/flyfish-bregenzerwald.at\/wp-content\/uploads\/2021\/10\/DSC03401-300x200.jpg 300w, https:\/\/flyfish-bregenzerwald.at\/wp-content\/uploads\/2021\/10\/DSC03401-768x512.jpg 768w, https:\/\/flyfish-bregenzerwald.at\/wp-content\/uploads\/2021\/10\/DSC03401-1024x683.jpg 1024w\" sizes=\"(max-width: 455px) 100vw, 455px\" \/><\/p>\n<p>Tiefeingeschnitten in die idyllische Landschaft des Bregenzerwalds, bietet sie steile Schluchten mit unber\u00fchrter\u00a0Natur. Leicht zug\u00e4nglich ist sie nicht \u00fcberall und leicht zu Befischen auch nicht. Zumindest wenn man untertags es unbedarft, wie wir, mit der Trockenfliege im September versucht. Der Fluss und seine Nebenb\u00e4che sind dann kristallklar und so niedrig dass man leicht waten aber eben auch gesehen werden kann. Zudem haben die Forellen einen ganzen langen Sommer lang gelernt, was man besser nicht frisst, wenn man ein &#8222;ziehen&#8220; im Kiefer vermeiden m\u00f6chte.<\/p>\n<p>So hatten wir denn letztes Jahr die in den tiefen Gumpen stehende kapitalen Forellen bewundert aber eben nicht f\u00fcr unsere Fliegen interessieren k\u00f6nnen. Selbst die kombinierte Erfahrung von vier alten Fliegenfischern war da nicht hinreichend. Irgendetwas machten wir wohl falsch, so dass wir uns beim erneuten Versuch dieses Jahr den Rat und Hilfe eines\u00a0erfahrenen Guides gesucht haben. Claus Elmenreich hatte uns nicht nur vorab Bilder der besten Muster geschickt &#8211; wir binden gerne selber &#8211; sondern auch unsere Vermutung best\u00e4tigt, dass die gewerkschaftlich vereinbarte Mittagspause der Forellen von 11h00 bis 15h00 strikt eingehalten wird.<\/p>\n<p><img loading=\"lazy\" decoding=\"async\" class=\"wp-image-426 alignleft\" src=\"https:\/\/flyfish-bregenzerwald.at\/wp-content\/uploads\/2021\/10\/Johannes_Schaede_2-300x200.jpg\" alt=\"\" width=\"452\" height=\"301\" srcset=\"https:\/\/flyfish-bregenzerwald.at\/wp-content\/uploads\/2021\/10\/Johannes_Schaede_2-300x200.jpg 300w, https:\/\/flyfish-bregenzerwald.at\/wp-content\/uploads\/2021\/10\/Johannes_Schaede_2-768x512.jpg 768w, https:\/\/flyfish-bregenzerwald.at\/wp-content\/uploads\/2021\/10\/Johannes_Schaede_2-1024x683.jpg 1024w\" sizes=\"(max-width: 452px) 100vw, 452px\" \/>An einem wundersch\u00f6nen warmen Herbstnachmittag hat er uns getroffen und an eine der sch\u00f6nsten Strecken der Ache gef\u00fchrt. Wer nicht bereit ist zu lernen, leidet. So hat er uns erst einmal die Wurftechniken korrigiert. Eingeschliffene Laster wird man nur mit sanft-bestimmter F\u00fchrung los. Unsere Fixierung auf Trockenfliege &#8211; die darf auch einmal als Nassfliege abtauchen &#8211; hat er uns dann als schrullige Beschr\u00e4nktheit erkl\u00e4rt. Wer um diese Tageszeit an die erwachsenen Forellen der Ache herankommen m\u00f6chte muss die Fliege zum Fisch bringen. Das hei\u00dft, die Nymphe ist die korrekte Form der Verf\u00fchrung. Was ich mir nie so recht vorstellen konnte, stellte sich bei Anwendung der richtigen Technik (Bissanzeiger, Wurf, Anschlag) als durchaus spannendes Fischen heraus.<\/p>\n<p><img loading=\"lazy\" decoding=\"async\" class=\"wp-image-406 alignright\" src=\"https:\/\/flyfish-bregenzerwald.at\/wp-content\/uploads\/2021\/10\/Johannes_Schaede_4-Kopie-300x200.jpg\" alt=\"\" width=\"452\" height=\"301\" srcset=\"https:\/\/flyfish-bregenzerwald.at\/wp-content\/uploads\/2021\/10\/Johannes_Schaede_4-Kopie-300x200.jpg 300w, https:\/\/flyfish-bregenzerwald.at\/wp-content\/uploads\/2021\/10\/Johannes_Schaede_4-Kopie-768x512.jpg 768w, https:\/\/flyfish-bregenzerwald.at\/wp-content\/uploads\/2021\/10\/Johannes_Schaede_4-Kopie-1024x683.jpg 1024w\" sizes=\"(max-width: 452px) 100vw, 452px\" \/><\/p>\n<p>Dass mir dann schon bei den ersten einigerma\u00dfen korrekten W\u00fcrfen eine 34 cm Bachforelle an eine seiner unscheinbaren K\u00f6cherfliegen-Nymphe gegangen ist, wer h\u00e4tte es erwarten\u00a0k\u00f6nnen.<br \/>\nWir haben den Nachmittag dann gut genutzt. So gut, dass wir f\u00fcr den Rest der Woche gen\u00fcgend Stoff zum \u00dcben hatten. Nicht erfolglos, wie wir best\u00e4tigen k\u00f6nnen, einige kapitale Forellen und auch einige \u00c4schen konnten wir so drillen und entwischen lassen. Die \u00c4schen sind sowieso geschont und die Forellen werden n\u00e4chstes Jahr die l\u00e4stigen Haken vergessen haben. Dass Claus in seinem Truck zum Abschluss im Abenddunkel auch noch ein gek\u00fchltes Bier bereit hielt &#8211; ein perfekter Nachmittag am Fliegenwasser sieht genauso aus.<br \/>\nJohannes Schaede<\/p>\n<div class=\"rl-gallery-container rl-loading\" id=\"rl-gallery-container-1\" data-gallery_id=\"401\"> <div class=\"rl-gallery rl-basicgrid-gallery \" id=\"rl-gallery-1\" data-gallery_no=\"1\"> <div class=\"rl-gallery-item\"><a href=\"https:\/\/flyfish-bregenzerwald.at\/wp-content\/uploads\/2021\/10\/DSC03419-Kopie.jpg\" title=\"\" data-rl_title=\"\" class=\"rl-gallery-link\" data-rl_caption=\"\" data-rel=\"lightbox-gallery-1\"><img loading=\"lazy\" decoding=\"async\" src=\"https:\/\/flyfish-bregenzerwald.at\/wp-content\/uploads\/2021\/10\/DSC03419-Kopie-300x200.jpg\" width=\"300\" height=\"200\" alt=\"\" \/><\/a><\/div><div class=\"rl-gallery-item\"><a href=\"https:\/\/flyfish-bregenzerwald.at\/wp-content\/uploads\/2021\/10\/DSC03443-Kopie.jpg\" title=\"\" data-rl_title=\"\" class=\"rl-gallery-link\" data-rl_caption=\"\" data-rel=\"lightbox-gallery-1\"><img loading=\"lazy\" decoding=\"async\" src=\"https:\/\/flyfish-bregenzerwald.at\/wp-content\/uploads\/2021\/10\/DSC03443-Kopie-300x200.jpg\" width=\"300\" height=\"200\" alt=\"\" \/><\/a><\/div><div class=\"rl-gallery-item\"><a href=\"https:\/\/flyfish-bregenzerwald.at\/wp-content\/uploads\/2021\/10\/DSC03506-Kopie.jpg\" title=\"\" data-rl_title=\"\" class=\"rl-gallery-link\" data-rl_caption=\"\" data-rel=\"lightbox-gallery-1\"><img loading=\"lazy\" decoding=\"async\" src=\"https:\/\/flyfish-bregenzerwald.at\/wp-content\/uploads\/2021\/10\/DSC03506-Kopie-300x200.jpg\" width=\"300\" height=\"200\" alt=\"\" \/><\/a><\/div><div class=\"rl-gallery-item\"><a href=\"https:\/\/flyfish-bregenzerwald.at\/wp-content\/uploads\/2021\/10\/Johannes_Schaede_1-Kopie.jpg\" title=\"\" data-rl_title=\"\" class=\"rl-gallery-link\" data-rl_caption=\"\" data-rel=\"lightbox-gallery-1\"><img loading=\"lazy\" decoding=\"async\" src=\"https:\/\/flyfish-bregenzerwald.at\/wp-content\/uploads\/2021\/10\/Johannes_Schaede_1-Kopie-300x200.jpg\" width=\"300\" height=\"200\" alt=\"\" \/><\/a><\/div><div class=\"rl-gallery-item\"><a href=\"https:\/\/flyfish-bregenzerwald.at\/wp-content\/uploads\/2021\/10\/Johannes_Schaede_4-Kopie.jpg\" title=\"\" data-rl_title=\"\" class=\"rl-gallery-link\" data-rl_caption=\"\" data-rel=\"lightbox-gallery-1\"><img loading=\"lazy\" decoding=\"async\" src=\"https:\/\/flyfish-bregenzerwald.at\/wp-content\/uploads\/2021\/10\/Johannes_Schaede_4-Kopie-300x200.jpg\" width=\"300\" height=\"200\" alt=\"\" \/><\/a><\/div><div class=\"rl-gallery-item\"><a href=\"https:\/\/flyfish-bregenzerwald.at\/wp-content\/uploads\/2021\/10\/Johannes_Schaede_8-Kopie.jpg\" title=\"\" data-rl_title=\"\" class=\"rl-gallery-link\" data-rl_caption=\"\" data-rel=\"lightbox-gallery-1\"><img loading=\"lazy\" decoding=\"async\" src=\"https:\/\/flyfish-bregenzerwald.at\/wp-content\/uploads\/2021\/10\/Johannes_Schaede_8-Kopie-300x200.jpg\" width=\"300\" height=\"200\" alt=\"\" \/><\/a><\/div><div class=\"rl-gallery-item\"><a href=\"https:\/\/flyfish-bregenzerwald.at\/wp-content\/uploads\/2021\/10\/DSC03493-Kopie.jpg\" title=\"\" data-rl_title=\"\" class=\"rl-gallery-link\" data-rl_caption=\"\" data-rel=\"lightbox-gallery-1\"><img loading=\"lazy\" decoding=\"async\" src=\"https:\/\/flyfish-bregenzerwald.at\/wp-content\/uploads\/2021\/10\/DSC03493-Kopie-300x200.jpg\" width=\"300\" height=\"200\" alt=\"\" \/><\/a><\/div> <\/div> <\/div>\n","protected":false},"excerpt":{"rendered":"<p>Wer sie nicht kennt, sollte sie einmal kennenlernen, die Bregenzer Ache. Tiefeingeschnitten in die idyllische Landschaft des Bregenzerwalds, bietet sie steile Schluchten mit unber\u00fchrter\u00a0Natur. Leicht zug\u00e4nglich ist sie nicht \u00fcberall und leicht zu Befischen auch nicht. Zumindest wenn man untertags es unbedarft, wie wir, mit der Trockenfliege im September versucht. Der Fluss und seine Nebenb\u00e4che &#8230; <\/p>\n<p class=\"read-more-container\"><a title=\"Johannes &#038; Friends\" class=\"read-more button\" href=\"https:\/\/flyfish-bregenzerwald.at\/index.php\/johannes-friends\/#more-396\" aria-label=\"Mehr zu Johannes &#038; Friends\">Mehr &#8230;<\/a><\/p>\n","protected":false},"author":2,"featured_media":399,"parent":0,"menu_order":0,"comment_status":"closed","ping_status":"closed","template":"","meta":{"footnotes":""},"_links":{"self":[{"href":"https:\/\/flyfish-bregenzerwald.at\/index.php\/wp-json\/wp\/v2\/pages\/396"}],"collection":[{"href":"https:\/\/flyfish-bregenzerwald.at\/index.php\/wp-json\/wp\/v2\/pages"}],"about":[{"href":"https:\/\/flyfish-bregenzerwald.at\/index.php\/wp-json\/wp\/v2\/types\/page"}],"author":[{"embeddable":true,"href":"https:\/\/flyfish-bregenzerwald.at\/index.php\/wp-json\/wp\/v2\/users\/2"}],"replies":[{"embeddable":true,"href":"https:\/\/flyfish-bregenzerwald.at\/index.php\/wp-json\/wp\/v2\/comments?post=396"}],"version-history":[{"count":22,"href":"https:\/\/flyfish-bregenzerwald.at\/index.php\/wp-json\/wp\/v2\/pages\/396\/revisions"}],"predecessor-version":[{"id":438,"href":"https:\/\/flyfish-bregenzerwald.at\/index.php\/wp-json\/wp\/v2\/pages\/396\/revisions\/438"}],"wp:featuredmedia":[{"embeddable":true,"href":"https:\/\/flyfish-bregenzerwald.at\/index.php\/wp-json\/wp\/v2\/media\/399"}],"wp:attachment":[{"href":"https:\/\/flyfish-bregenzerwald.at\/index.php\/wp-json\/wp\/v2\/media?parent=396"}],"curies":[{"name":"wp","href":"https:\/\/api.w.org\/{rel}","templated":true}]}}