{"id":1855,"date":"2025-10-20T12:47:14","date_gmt":"2025-10-20T12:47:14","guid":{"rendered":"https:\/\/flyfish-bregenzerwald.at\/?page_id=1855"},"modified":"2026-04-07T19:01:51","modified_gmt":"2026-04-07T19:01:51","slug":"kurstermine-2026","status":"publish","type":"page","link":"https:\/\/flyfish-bregenzerwald.at\/index.php\/kurstermine-2026\/","title":{"rendered":"Kurstermine 2026"},"content":{"rendered":"\n<p><strong>Die  Termine unserer Kurse f\u00fcr 2026 stehen fest. Sichern Sie sich heute noch Ihren Platz in einem unserer Kurse!<\/strong><br>Falls Ihr Wunschtermin schon ausgebucht ist, kann es sein, dass ein Kursteilnehmer unerwartet ausf\u00e4llt und kurzfristig ein Platz frei wird oder ein weiterer Kurs zustande kommt.<br>Gerne k\u00f6nnen Sie sich bei uns unter info@flyfish-bregenzerwald.at oder 0043 664 4146482 auf die Warteliste setzen lassen.<\/p>\n\n\n\n<p><strong>21.03.2026<\/strong><br><strong>Hechtkurs<\/strong><br>F\u00fcr viele Fliegenfischer ist die Fischerei auf Hecht noch unbekannt, dies wollen wir \u00e4ndern.<br>\u2192 <a href=\"https:\/\/flyfish-bregenzerwald.at\/wp-content\/uploads\/2025\/10\/ffbw_kurs_hechtkurs_1_21.03.26.pdf\" data-type=\"attachment\" data-id=\"1866\" target=\"_blank\" rel=\"noreferrer noopener\">Zur Kursbeschreibung<\/a><\/p>\n\n\n\n<p><strong>21.03.2026<\/strong><br><strong>Fliegenbindekurs<\/strong><br>Einen Fisch mit einer selbstgebundenen Fliege zu \u00fcberlisten ist meist das H\u00f6chste f\u00fcr einen Fliegen-<br>fischer. Wir geben Ihnen in diesem Kurs den n\u00f6tigen Einblick und das Basiswissen, um mit dem<br>Fliegenbinden beginnen zu k\u00f6nnen.<br>\u2192 <a href=\"https:\/\/flyfish-bregenzerwald.at\/wp-content\/uploads\/2025\/10\/ffbw_kurs_fliegenbindekurs_Einsteiger_21.03.2026.pdf\" data-type=\"attachment\" data-id=\"1862\" target=\"_blank\" rel=\"noreferrer noopener\">Zur Kursbeschreibung<\/a><\/p>\n\n\n\n<p><strong>28.03.2026<\/strong> &#8211;<strong> Ausgebucht!<\/strong><br><strong>Fliegenwurf-Schnupperkurs<\/strong> <br>Schnuppern Sie&nbsp;doch einfach ein bisschen ins Fliegenfischen rein und lassen Sie sich \u00fcberraschen.<br>\u2192 <a href=\"https:\/\/flyfish-bregenzerwald.at\/wp-content\/uploads\/2025\/10\/ffbw_kurs_schnupperkurs_28.03.26.pdf\" data-type=\"attachment\" data-id=\"1869\" target=\"_blank\" rel=\"noreferrer noopener\">Zur Kursbeschreibung<\/a><\/p>\n\n\n\n<p><strong>11.+12.04.2026<\/strong> &#8211;<strong> Ausgebucht!<\/strong><br><strong>Wurf- und Fliegenfischkurs f\u00fcr Einsteiger und leicht Fortgeschrittene<\/strong><br>Bei diesem 2-Tages-Wochenendkurs zeigen wir Ihnen Grundlegendes zur Ger\u00e4tewahl, verschiedene W\u00fcrfe und Techniken, am Gew\u00e4sser setzen wir das Gelernte in die Tat um.<br>\u2192 <a href=\"https:\/\/flyfish-bregenzerwald.at\/wp-content\/uploads\/2026\/04\/ffbw_kurs_einsteiger_11.12.04.26.pdf\" data-type=\"link\" data-id=\"https:\/\/flyfish-bregenzerwald.at\/wp-content\/uploads\/2026\/04\/ffbw_kurs_einsteiger_11.12.04.26.pdf\" target=\"_blank\" rel=\"noreferrer noopener\">Zur Kursbeschreibung<\/a><\/p>\n\n\n\n<p><strong>21.+22.04.2026<\/strong><br><strong>Wurf- und Fliegenfischkurs f\u00fcr Einsteiger und leicht Fortgeschrittene<\/strong><br>Bei diesem 2-Tages-Kurs (Di+Mi) zeigen wir Ihnen Grundlegendes zur Ger\u00e4tewahl, verschiedene W\u00fcrfe und Techniken, am Gew\u00e4sser setzen wir das Gelernte in die Tat um.<br>\u2192 <a href=\"https:\/\/flyfish-bregenzerwald.at\/wp-content\/uploads\/2025\/10\/ffbw_kurs_einsteiger_1_21.22.04.26-1.pdf\" data-type=\"attachment\" data-id=\"1880\" target=\"_blank\" rel=\"noreferrer noopener\">Zur Kursbeschreibung<\/a><\/p>\n\n\n\n<p><strong>25.+26.04.2026<\/strong> &#8211;<strong> Ausgebucht!<\/strong><br><strong>Wurf- und Fliegenfischkurs f\u00fcr Einsteiger und leicht Fortgeschrittene<\/strong><br>Bei diesem 2-Tages-Wochenendkurs zeigen wir Ihnen Grundlegendes zur Ger\u00e4tewahl, verschiedene W\u00fcrfe und Techniken, am Gew\u00e4sser setzen wir das Gelernte in die Tat um.<br>\u2192 <a href=\"https:\/\/flyfish-bregenzerwald.at\/wp-content\/uploads\/2025\/10\/ffbw_kurs_einsteiger_2_25.26.04.26.pdf\" data-type=\"attachment\" data-id=\"1859\" target=\"_blank\" rel=\"noreferrer noopener\">Zur Kursbeschreibung<\/a><\/p>\n\n\n\n<p><strong>02.+03.05.2026<\/strong> &#8211;<strong> Ausgebucht!<\/strong><br><strong>Wurf- und Fliegenfischkurs f\u00fcr Einsteiger und leicht Fortgeschrittene<\/strong> <br>Bei diesem 2-Tages-Wochenendkurs zeigen wir Ihnen Grundlegendes zur Ger\u00e4tewahl, verschiedene W\u00fcrfe und Techniken, am Gew\u00e4sser setzen wir das Gelernte in die Tat um.<br>\u2192 <a href=\"https:\/\/flyfish-bregenzerwald.at\/wp-content\/uploads\/2025\/10\/ffbw_kurs_einsteiger_3_02.03.05.26.pdf\" data-type=\"attachment\" data-id=\"1860\" target=\"_blank\" rel=\"noreferrer noopener\">Zur Kursbeschreibung<\/a><\/p>\n\n\n\n<p><strong>05.+06.05.2026<\/strong> &#8211;<strong> Ausgebucht!<\/strong><br><strong>Wurf- und Fliegenfischkurs f\u00fcr Einsteiger und leicht Fortgeschrittene<\/strong><br>Bei diesem 2-Tages-Kurs (Di+Mi) zeigen wir Ihnen Grundlegendes zur Ger\u00e4tewahl, verschiedene W\u00fcrfe und Techniken, am Gew\u00e4sser setzen wir das Gelernte in die Tat um.<br>\u2192 <a href=\"https:\/\/flyfish-bregenzerwald.at\/wp-content\/uploads\/2025\/10\/ffbw_kurs_ERSATZ_einsteiger_4_05.06.05.26.pdf\" data-type=\"link\" data-id=\"https:\/\/flyfish-bregenzerwald.at\/wp-content\/uploads\/2025\/10\/ffbw_kurs_ERSATZ_einsteiger_4_05.06.05.26.pdf\" target=\"_blank\" rel=\"noreferrer noopener\">Zur Kursbeschreibung<\/a><\/p>\n\n\n\n<p><strong>12.+13.05.2026<\/strong> &#8211;<strong> Ausgebucht!<\/strong><br><strong>Wurf- und Fliegenfischkurs f\u00fcr Fortgeschrittene<\/strong><br>Bei diesem 2-Tages-Kurs (Di+Mi) lernen oder verbessern Sie den Doppelzug und lernen oder perfektionieren Sie diverse Trickw\u00fcrfe. Weit Fortgeschrittene werden individuell geschult. Gew\u00e4sserlesen und Insektenkunde stehen am 2. Tag ua. ebenfalls auf dem Programm.<br>\u2192 <a href=\"https:\/\/flyfish-bregenzerwald.at\/wp-content\/uploads\/2025\/10\/ffbw_kurs_fortgeschritten_1_12.13.05.26.pdf\" data-type=\"attachment\" data-id=\"1865\" target=\"_blank\" rel=\"noreferrer noopener\">Zur Kursbeschreibung<\/a><\/p>\n\n\n\n<p><strong>30.+31.05.2026<\/strong><br><strong>Wurf- und Fliegenfischkurs f\u00fcr Fortgeschrittene<\/strong><br>Bei diesem 2-Tages-Wochenendkurs lernen oder verbessern Sie den Doppelzug und lernen oder perfektionieren Sie diverse Trickw\u00fcrfe. Weit Fortgeschrittene werden individuell geschult. Gew\u00e4sserlesen und Insektenkunde stehen am 2. Tag ua. ebenfalls auf dem Programm.<br>\u2192 <a href=\"https:\/\/flyfish-bregenzerwald.at\/wp-content\/uploads\/2025\/10\/ffbw_kurs_fortgeschritten2_30.31.05.26.pdf\" data-type=\"attachment\" data-id=\"1865\" target=\"_blank\" rel=\"noreferrer noopener\">Zur Kursbeschreibung<\/a><\/p>\n\n\n\n<p><strong>21.11.2026<\/strong><br><strong>Hechtkurs<\/strong><br>F\u00fcr viele Fliegenfischer ist die Fischerei auf Hecht noch unbekannt, dies wollen wir \u00e4ndern.<br>\u2192 <a href=\"https:\/\/flyfish-bregenzerwald.at\/wp-content\/uploads\/2025\/10\/ffbw_kurs_hechtkurs_2_21.11.26.pdf\" data-type=\"attachment\" data-id=\"1867\" target=\"_blank\" rel=\"noreferrer noopener\">Zur Kursbeschreibung<\/a><\/p>\n\n\n\n<p><strong>21.11.2026<\/strong><br><strong>Fliegenbindekurs<\/strong><br>Einen Fisch mit einer selbstgebundenen Fliege zu \u00fcberlisten ist meist das H\u00f6chste f\u00fcr einen Fliegen-<br>fischer. Wir geben Ihnen in diesem Kurs den n\u00f6tigen Einblick und das Basiswissen, um mit dem<br>Fliegenbinden beginnen zu k\u00f6nnen.<br>\u2192 <a href=\"https:\/\/flyfish-bregenzerwald.at\/wp-content\/uploads\/2025\/10\/ffbw_kurs_fliegenbindekurs_Einsteiger_21.11.2026.pdf\" data-type=\"attachment\" data-id=\"1863\" target=\"_blank\" rel=\"noreferrer noopener\">Zur Kursbeschreibung<\/a><\/p>\n\n\n\n<p><strong>28.11.2026<\/strong><br><strong>Hechtstreamer Fliegenbindekurs<\/strong><br>Einen Hecht oder einen gro\u00dfen Raubfisch mit einem selbstgebundenen Streamer zu \u00fcberlisten ist wohl die gr\u00f6\u00dfte Genugtuung f\u00fcr einen Fliegenfischer. Wir zeigen Ihnen in diesem Kurs, wie Sie f\u00e4ngige und gut zu werfende, gro\u00dfe Hechtstreamer mit nach Hause nehmen k\u00f6nnen..<br>\u2192 <a href=\"https:\/\/flyfish-bregenzerwald.at\/wp-content\/uploads\/2025\/10\/ffbw_kurs_hechtstreamer_fliegenbinden_28.11.2026.pdf\" data-type=\"attachment\" data-id=\"1868\" target=\"_blank\" rel=\"noreferrer noopener\">Zur Kursbeschreibung<\/a><\/p>\n\n\n\n<hr class=\"wp-block-separator has-css-opacity\"\/>\n\n\n\n<p><strong>W\u00fcnschen Sie einen Gruppen- oder Einzelkurs in Ihrer Umgebung oder haben Sie eine Veranstaltung, wir reisen gerne zu Ihnen.<\/strong><\/p>\n","protected":false},"excerpt":{"rendered":"<p>Die Termine unserer Kurse f\u00fcr 2026 stehen fest. Sichern Sie sich heute noch Ihren Platz in einem unserer Kurse!Falls Ihr Wunschtermin schon ausgebucht ist, kann es sein, dass ein Kursteilnehmer unerwartet ausf\u00e4llt und kurzfristig ein Platz frei wird oder ein weiterer Kurs zustande kommt.Gerne k\u00f6nnen Sie sich bei uns unter info@flyfish-bregenzerwald.at oder 0043 664 4146482 &#8230; <\/p>\n<p class=\"read-more-container\"><a title=\"Kurstermine 2026\" class=\"read-more button\" href=\"https:\/\/flyfish-bregenzerwald.at\/index.php\/kurstermine-2026\/#more-1855\" aria-label=\"Mehr zu Kurstermine 2026\">Mehr &#8230;<\/a><\/p>\n","protected":false},"author":2,"featured_media":1104,"parent":0,"menu_order":0,"comment_status":"closed","ping_status":"closed","template":"","meta":{"footnotes":""},"_links":{"self":[{"href":"https:\/\/flyfish-bregenzerwald.at\/index.php\/wp-json\/wp\/v2\/pages\/1855"}],"collection":[{"href":"https:\/\/flyfish-bregenzerwald.at\/index.php\/wp-json\/wp\/v2\/pages"}],"about":[{"href":"https:\/\/flyfish-bregenzerwald.at\/index.php\/wp-json\/wp\/v2\/types\/page"}],"author":[{"embeddable":true,"href":"https:\/\/flyfish-bregenzerwald.at\/index.php\/wp-json\/wp\/v2\/users\/2"}],"replies":[{"embeddable":true,"href":"https:\/\/flyfish-bregenzerwald.at\/index.php\/wp-json\/wp\/v2\/comments?post=1855"}],"version-history":[{"count":26,"href":"https:\/\/flyfish-bregenzerwald.at\/index.php\/wp-json\/wp\/v2\/pages\/1855\/revisions"}],"predecessor-version":[{"id":1967,"href":"https:\/\/flyfish-bregenzerwald.at\/index.php\/wp-json\/wp\/v2\/pages\/1855\/revisions\/1967"}],"wp:featuredmedia":[{"embeddable":true,"href":"https:\/\/flyfish-bregenzerwald.at\/index.php\/wp-json\/wp\/v2\/media\/1104"}],"wp:attachment":[{"href":"https:\/\/flyfish-bregenzerwald.at\/index.php\/wp-json\/wp\/v2\/media?parent=1855"}],"curies":[{"name":"wp","href":"https:\/\/api.w.org\/{rel}","templated":true}]}}