{"id":1788,"date":"2024-12-11T07:47:04","date_gmt":"2024-12-11T07:47:04","guid":{"rendered":"https:\/\/flyfish-bregenzerwald.at\/?page_id=1788"},"modified":"2024-12-11T19:39:08","modified_gmt":"2024-12-11T19:39:08","slug":"simms-wathosen-service","status":"publish","type":"page","link":"https:\/\/flyfish-bregenzerwald.at\/index.php\/simms-wathosen-service\/","title":{"rendered":"SIMMS Wathosen Service"},"content":{"rendered":"\n<p>Fliegenfischer im Winter: Das Fliegenbinden r\u00fcckt in den Vordergrund und die Fliegenfischausr\u00fcstung kann endlich auf Vordermann gebracht werden.<\/p>\n\n\n<div class=\"wp-block-image\">\n<figure class=\"alignright size-large is-resized\"><img loading=\"lazy\" decoding=\"async\" width=\"1024\" height=\"683\" src=\"https:\/\/flyfish-bregenzerwald.at\/wp-content\/uploads\/2024\/12\/03032021_BachaPhoto_QuinaultWA_0125-1024x683.jpg\" alt=\"\" class=\"wp-image-1792\" style=\"width:453px;height:auto\" srcset=\"https:\/\/flyfish-bregenzerwald.at\/wp-content\/uploads\/2024\/12\/03032021_BachaPhoto_QuinaultWA_0125-1024x683.jpg 1024w, https:\/\/flyfish-bregenzerwald.at\/wp-content\/uploads\/2024\/12\/03032021_BachaPhoto_QuinaultWA_0125-300x200.jpg 300w, https:\/\/flyfish-bregenzerwald.at\/wp-content\/uploads\/2024\/12\/03032021_BachaPhoto_QuinaultWA_0125-768x512.jpg 768w, https:\/\/flyfish-bregenzerwald.at\/wp-content\/uploads\/2024\/12\/03032021_BachaPhoto_QuinaultWA_0125-1536x1024.jpg 1536w, https:\/\/flyfish-bregenzerwald.at\/wp-content\/uploads\/2024\/12\/03032021_BachaPhoto_QuinaultWA_0125-2048x1366.jpg 2048w\" sizes=\"(max-width: 1024px) 100vw, 1024px\" \/><\/figure><\/div>\n\n\n<p>Damit du aber bei deinem ersten Fischgang nicht nass wirst, bieten wir dir auch heuer wieder den SIMMS-Wathosen-Garantieservice an.<br>Wir senden f\u00fcr dich deine Wathosen (inkl. Rechnung!!) direkt nach Norwegen um Pinholes zu reparieren. Der Selbstbehalt f\u00fcr diesen Service liegt im Schnitt bei ca. \u20ac 70,&#8211; pro Wathose. Nach der Reparatur wird sie getestet, damit sie mit Sicherheit wieder dicht ist.<\/p>\n\n\n\n<p>Die Reparatur beansprucht inclusive Postweg ca. 3 bis 4 Wochen. Damit ist deine Wathose zum Start der Saison 2025 sicher wieder da.<\/p>\n\n\n\n<p>Simms repariert die Wathosen nur in frisch gewaschenem Zustand &#8211; hierf\u00fcr empfehlen wir ein <strong>Spezialwaschmittel f\u00fcr Wathosen<\/strong> (bei uns im Gesch\u00e4ft erh\u00e4ltlich).<\/p>\n\n\n\n<p>Au\u00dferdem bieten wir dir einen Wasch- und Impr\u00e4gnierservice f\u00fcr deine Wathose um \u20ac 30,- pro Wathose an. Dazu ben\u00f6tigen wir die Wathose(n) allerdings bis sp\u00e4testens zum 31.12.2024.<\/p>\n\n\n\n<p>Falls du unseren Wathosenservice in Anspruch nehmen m\u00f6chtest, melde dich bitte bei Claus unter +43 664 4146482 telefonisch an.<\/p>\n\n\n\n<p>In der letzten Ausgabe \u201eVorarlberger Fischerei\u201c findet Ihr einen Artikel bez. SIMMS Wathosen von uns. \u201eDie perfekte Wathose\u201c <a href=\"https:\/\/flyfish-bregenzerwald.at\/wp-content\/uploads\/2024\/12\/die_perfekte_wathose.pdf\" data-type=\"attachment\" data-id=\"1782\" target=\"_blank\" rel=\"noreferrer noopener\">-&gt; hier geht&#8217;s zum Bericht<\/a><\/p>\n","protected":false},"excerpt":{"rendered":"<p>Fliegenfischer im Winter: Das Fliegenbinden r\u00fcckt in den Vordergrund und die Fliegenfischausr\u00fcstung kann endlich auf Vordermann gebracht werden. Damit du aber bei deinem ersten Fischgang nicht nass wirst, bieten wir dir auch heuer wieder den SIMMS-Wathosen-Garantieservice an.Wir senden f\u00fcr dich deine Wathosen (inkl. Rechnung!!) direkt nach Norwegen um Pinholes zu reparieren. Der Selbstbehalt f\u00fcr diesen &#8230; <\/p>\n<p class=\"read-more-container\"><a title=\"SIMMS Wathosen Service\" class=\"read-more button\" href=\"https:\/\/flyfish-bregenzerwald.at\/index.php\/simms-wathosen-service\/#more-1788\" aria-label=\"Mehr zu SIMMS Wathosen Service\">Mehr &#8230;<\/a><\/p>\n","protected":false},"author":2,"featured_media":1785,"parent":0,"menu_order":0,"comment_status":"closed","ping_status":"closed","template":"","meta":{"footnotes":""},"_links":{"self":[{"href":"https:\/\/flyfish-bregenzerwald.at\/index.php\/wp-json\/wp\/v2\/pages\/1788"}],"collection":[{"href":"https:\/\/flyfish-bregenzerwald.at\/index.php\/wp-json\/wp\/v2\/pages"}],"about":[{"href":"https:\/\/flyfish-bregenzerwald.at\/index.php\/wp-json\/wp\/v2\/types\/page"}],"author":[{"embeddable":true,"href":"https:\/\/flyfish-bregenzerwald.at\/index.php\/wp-json\/wp\/v2\/users\/2"}],"replies":[{"embeddable":true,"href":"https:\/\/flyfish-bregenzerwald.at\/index.php\/wp-json\/wp\/v2\/comments?post=1788"}],"version-history":[{"count":14,"href":"https:\/\/flyfish-bregenzerwald.at\/index.php\/wp-json\/wp\/v2\/pages\/1788\/revisions"}],"predecessor-version":[{"id":1810,"href":"https:\/\/flyfish-bregenzerwald.at\/index.php\/wp-json\/wp\/v2\/pages\/1788\/revisions\/1810"}],"wp:featuredmedia":[{"embeddable":true,"href":"https:\/\/flyfish-bregenzerwald.at\/index.php\/wp-json\/wp\/v2\/media\/1785"}],"wp:attachment":[{"href":"https:\/\/flyfish-bregenzerwald.at\/index.php\/wp-json\/wp\/v2\/media?parent=1788"}],"curies":[{"name":"wp","href":"https:\/\/api.w.org\/{rel}","templated":true}]}}