{"id":1662,"date":"2024-08-04T19:12:41","date_gmt":"2024-08-04T19:12:41","guid":{"rendered":"https:\/\/flyfish-bregenzerwald.at\/?page_id=1662"},"modified":"2024-08-04T19:51:38","modified_gmt":"2024-08-04T19:51:38","slug":"20-jahre-flyfishing-bregenzerwald-ein-fischerfest","status":"publish","type":"page","link":"https:\/\/flyfish-bregenzerwald.at\/index.php\/20-jahre-flyfishing-bregenzerwald-ein-fischerfest\/","title":{"rendered":"20 Jahre flyfish Bregenzerwald \u2013 ein Fischerfest!"},"content":{"rendered":"<div class=\"wp-block-image\">\n<figure class=\"alignright size-full is-resized\"><img loading=\"lazy\" decoding=\"async\" width=\"1681\" height=\"2560\" src=\"https:\/\/flyfish-bregenzerwald.at\/wp-content\/uploads\/2024\/08\/Andre_Feldkircher_1-1-scaled.jpg\" alt=\"\" class=\"wp-image-1682\" style=\"width:266px;height:auto\" srcset=\"https:\/\/flyfish-bregenzerwald.at\/wp-content\/uploads\/2024\/08\/Andre_Feldkircher_1-1-scaled.jpg 1681w, https:\/\/flyfish-bregenzerwald.at\/wp-content\/uploads\/2024\/08\/Andre_Feldkircher_1-1-197x300.jpg 197w, https:\/\/flyfish-bregenzerwald.at\/wp-content\/uploads\/2024\/08\/Andre_Feldkircher_1-1-673x1024.jpg 673w, https:\/\/flyfish-bregenzerwald.at\/wp-content\/uploads\/2024\/08\/Andre_Feldkircher_1-1-768x1169.jpg 768w, https:\/\/flyfish-bregenzerwald.at\/wp-content\/uploads\/2024\/08\/Andre_Feldkircher_1-1-1009x1536.jpg 1009w, https:\/\/flyfish-bregenzerwald.at\/wp-content\/uploads\/2024\/08\/Andre_Feldkircher_1-1-1345x2048.jpg 1345w\" sizes=\"(max-width: 1681px) 100vw, 1681px\" \/><\/figure><\/div>\n\n\n<p><strong>20 Jahre flyfish Bregenzerwald \u2013 ein Fischerfest!<\/strong><br><br>Am Samstag, den 15. Juni 2024, konnten wir eine Woche nach dem geplanten Termin unser 20-j\u00e4hriges Jubil\u00e4um beim Fischerheim des Fischervereins Bregenzerwald doch noch feiern.<\/p>\n\n\n\n<p>Andre Feldkircher f\u00fchrte uns als Moderator gekonnt und mit Charme durch den Tag.<\/p>\n\n\n\n<p>Der Start am Vormittag erwies sich zun\u00e4chst durch den Wind als schwierig, allerdings konnten wir die bereits aufgebauten Zelte gut im Zaum halten.<\/p>\n\n\n\n<p>Trotzt des durchwachsenen Wetters lie\u00dfen es sich viele Fischerkolleginnen und Kollegen nicht nehmen und besuchten unsere Veranstaltung. Das Interesse der Besucher bei den Wurfvorf\u00fchrungen von G\u00fcnter Feuerstein, Wolfgang Fabisch und Peter Henggeler war sehr gro\u00df. Und auch der Austausch nach den Wurfvorf\u00fchrungen durfte nicht fehlen. Der eine oder andere Jungfischer &#8211; aber auch \u201eSenior\u201c &#8211; hat sich tolle Tipps bei den Profis abgeholt.<\/p>\n\n\n\n<figure class=\"wp-block-gallery has-nested-images columns-default is-cropped wp-block-gallery-1 is-layout-flex wp-block-gallery-is-layout-flex\">\n<figure class=\"wp-block-image size-large\"><img loading=\"lazy\" decoding=\"async\" width=\"1024\" height=\"576\" data-id=\"1690\" src=\"https:\/\/flyfish-bregenzerwald.at\/wp-content\/uploads\/2024\/08\/Guenter_Feuerstein_1-1024x576.jpg\" alt=\"\" class=\"wp-image-1690\" srcset=\"https:\/\/flyfish-bregenzerwald.at\/wp-content\/uploads\/2024\/08\/Guenter_Feuerstein_1-1024x576.jpg 1024w, https:\/\/flyfish-bregenzerwald.at\/wp-content\/uploads\/2024\/08\/Guenter_Feuerstein_1-300x169.jpg 300w, https:\/\/flyfish-bregenzerwald.at\/wp-content\/uploads\/2024\/08\/Guenter_Feuerstein_1-768x432.jpg 768w, https:\/\/flyfish-bregenzerwald.at\/wp-content\/uploads\/2024\/08\/Guenter_Feuerstein_1-1536x864.jpg 1536w, https:\/\/flyfish-bregenzerwald.at\/wp-content\/uploads\/2024\/08\/Guenter_Feuerstein_1-2048x1152.jpg 2048w\" sizes=\"(max-width: 1024px) 100vw, 1024px\" \/><\/figure>\n\n\n\n<figure class=\"wp-block-image size-large\"><img loading=\"lazy\" decoding=\"async\" width=\"1024\" height=\"576\" data-id=\"1689\" src=\"https:\/\/flyfish-bregenzerwald.at\/wp-content\/uploads\/2024\/08\/Wolfgang_Fabisch_1-1024x576.jpg\" alt=\"\" class=\"wp-image-1689\" srcset=\"https:\/\/flyfish-bregenzerwald.at\/wp-content\/uploads\/2024\/08\/Wolfgang_Fabisch_1-1024x576.jpg 1024w, https:\/\/flyfish-bregenzerwald.at\/wp-content\/uploads\/2024\/08\/Wolfgang_Fabisch_1-300x169.jpg 300w, https:\/\/flyfish-bregenzerwald.at\/wp-content\/uploads\/2024\/08\/Wolfgang_Fabisch_1-768x432.jpg 768w, https:\/\/flyfish-bregenzerwald.at\/wp-content\/uploads\/2024\/08\/Wolfgang_Fabisch_1-1536x864.jpg 1536w, https:\/\/flyfish-bregenzerwald.at\/wp-content\/uploads\/2024\/08\/Wolfgang_Fabisch_1-2048x1152.jpg 2048w\" sizes=\"(max-width: 1024px) 100vw, 1024px\" \/><\/figure>\n\n\n\n<figure class=\"wp-block-image size-large\"><img loading=\"lazy\" decoding=\"async\" width=\"1024\" height=\"576\" data-id=\"1688\" src=\"https:\/\/flyfish-bregenzerwald.at\/wp-content\/uploads\/2024\/08\/Peter_Henggeler_1-1024x576.jpg\" alt=\"\" class=\"wp-image-1688\" srcset=\"https:\/\/flyfish-bregenzerwald.at\/wp-content\/uploads\/2024\/08\/Peter_Henggeler_1-1024x576.jpg 1024w, https:\/\/flyfish-bregenzerwald.at\/wp-content\/uploads\/2024\/08\/Peter_Henggeler_1-300x169.jpg 300w, https:\/\/flyfish-bregenzerwald.at\/wp-content\/uploads\/2024\/08\/Peter_Henggeler_1-768x432.jpg 768w, https:\/\/flyfish-bregenzerwald.at\/wp-content\/uploads\/2024\/08\/Peter_Henggeler_1-1536x864.jpg 1536w, https:\/\/flyfish-bregenzerwald.at\/wp-content\/uploads\/2024\/08\/Peter_Henggeler_1-2048x1152.jpg 2048w\" sizes=\"(max-width: 1024px) 100vw, 1024px\" \/><\/figure>\n<\/figure>\n\n\n\n<p>Stefan Schmid von Flyfish Europe stand den ganzen Tag mit Testruten und -rollen und seinem Service, pinholes bei den Simms Wathosen zu reparieren, zur Verf\u00fcgung.<\/p>\n\n\n\n<p>Auch Michael Helbock war mit seinem professionellen Fischerboot wetterfest und beantwortete viele Fragen zu seinem professionell ausgestatteten Boot und zur Fischerei mit dem Boot.<\/p>\n\n\n\n<p>Durch Bernhard Metzler kamen die Gaumenfreuden von ger\u00e4uchertem Fischen nicht zu kurz, er erkl\u00e4rte \u2013 wie er die Fische vorbereitet, r\u00e4uchert und wie diese am Besten verkostet werden&nbsp;\ud83d\ude09. Bernhard lie\u00df sich durch den Regen nicht beirren und erkl\u00e4rte das R\u00e4uchern von Fischen von A bis Z&nbsp; perfekt. Er war sehr erstaunt, wie viele Besucher sich f\u00fcr diese Zubereitungsart interessieren.<\/p>\n\n\n\n<figure class=\"wp-block-gallery has-nested-images columns-default is-cropped wp-block-gallery-2 is-layout-flex wp-block-gallery-is-layout-flex\">\n<figure class=\"wp-block-image size-large\"><img loading=\"lazy\" decoding=\"async\" width=\"1024\" height=\"848\" data-id=\"1687\" src=\"https:\/\/flyfish-bregenzerwald.at\/wp-content\/uploads\/2024\/08\/Stefan_Schmid_1-1-1024x848.jpg\" alt=\"\" class=\"wp-image-1687\" srcset=\"https:\/\/flyfish-bregenzerwald.at\/wp-content\/uploads\/2024\/08\/Stefan_Schmid_1-1-1024x848.jpg 1024w, https:\/\/flyfish-bregenzerwald.at\/wp-content\/uploads\/2024\/08\/Stefan_Schmid_1-1-300x248.jpg 300w, https:\/\/flyfish-bregenzerwald.at\/wp-content\/uploads\/2024\/08\/Stefan_Schmid_1-1-768x636.jpg 768w, https:\/\/flyfish-bregenzerwald.at\/wp-content\/uploads\/2024\/08\/Stefan_Schmid_1-1-1536x1272.jpg 1536w, https:\/\/flyfish-bregenzerwald.at\/wp-content\/uploads\/2024\/08\/Stefan_Schmid_1-1-2048x1696.jpg 2048w\" sizes=\"(max-width: 1024px) 100vw, 1024px\" \/><\/figure>\n\n\n\n<figure class=\"wp-block-image size-large\"><img loading=\"lazy\" decoding=\"async\" width=\"1024\" height=\"1024\" data-id=\"1696\" src=\"https:\/\/flyfish-bregenzerwald.at\/wp-content\/uploads\/2024\/08\/Michael_Helbock_2-1024x1024.jpg\" alt=\"\" class=\"wp-image-1696\" srcset=\"https:\/\/flyfish-bregenzerwald.at\/wp-content\/uploads\/2024\/08\/Michael_Helbock_2-1024x1024.jpg 1024w, https:\/\/flyfish-bregenzerwald.at\/wp-content\/uploads\/2024\/08\/Michael_Helbock_2-300x300.jpg 300w, https:\/\/flyfish-bregenzerwald.at\/wp-content\/uploads\/2024\/08\/Michael_Helbock_2-150x150.jpg 150w, https:\/\/flyfish-bregenzerwald.at\/wp-content\/uploads\/2024\/08\/Michael_Helbock_2-768x768.jpg 768w, https:\/\/flyfish-bregenzerwald.at\/wp-content\/uploads\/2024\/08\/Michael_Helbock_2-1536x1536.jpg 1536w, https:\/\/flyfish-bregenzerwald.at\/wp-content\/uploads\/2024\/08\/Michael_Helbock_2-2048x2048.jpg 2048w\" sizes=\"(max-width: 1024px) 100vw, 1024px\" \/><\/figure>\n\n\n\n<figure class=\"wp-block-image size-large\"><img loading=\"lazy\" decoding=\"async\" width=\"1024\" height=\"1024\" data-id=\"1695\" src=\"https:\/\/flyfish-bregenzerwald.at\/wp-content\/uploads\/2024\/08\/Bernhard_Metzler_1-1024x1024.jpg\" alt=\"\" class=\"wp-image-1695\" srcset=\"https:\/\/flyfish-bregenzerwald.at\/wp-content\/uploads\/2024\/08\/Bernhard_Metzler_1-1024x1024.jpg 1024w, https:\/\/flyfish-bregenzerwald.at\/wp-content\/uploads\/2024\/08\/Bernhard_Metzler_1-300x300.jpg 300w, https:\/\/flyfish-bregenzerwald.at\/wp-content\/uploads\/2024\/08\/Bernhard_Metzler_1-150x150.jpg 150w, https:\/\/flyfish-bregenzerwald.at\/wp-content\/uploads\/2024\/08\/Bernhard_Metzler_1-768x768.jpg 768w, https:\/\/flyfish-bregenzerwald.at\/wp-content\/uploads\/2024\/08\/Bernhard_Metzler_1-1536x1536.jpg 1536w, https:\/\/flyfish-bregenzerwald.at\/wp-content\/uploads\/2024\/08\/Bernhard_Metzler_1-2048x2048.jpg 2048w\" sizes=\"(max-width: 1024px) 100vw, 1024px\" \/><\/figure>\n<\/figure>\n\n\n\n<p>Martin Weidisch und Peter Kunz hatten viele verschiedene Fliegenbindematerialien dabei und erkl\u00e4rten den Besuchern den Aufbau einer selbst gebundenen Fliege, unter anderem wagten sich Armin und Jasmin dann beim Fliegenbinden mit Kindern an eine selbstgebundene Fliege.<\/p>\n\n\n\n<figure class=\"wp-block-gallery has-nested-images columns-default is-cropped wp-block-gallery-3 is-layout-flex wp-block-gallery-is-layout-flex\">\n<figure class=\"wp-block-image size-large\"><img loading=\"lazy\" decoding=\"async\" width=\"1024\" height=\"1024\" data-id=\"1706\" src=\"https:\/\/flyfish-bregenzerwald.at\/wp-content\/uploads\/2024\/08\/Martin_Weidisch_2-1024x1024.jpg\" alt=\"\" class=\"wp-image-1706\" srcset=\"https:\/\/flyfish-bregenzerwald.at\/wp-content\/uploads\/2024\/08\/Martin_Weidisch_2-1024x1024.jpg 1024w, https:\/\/flyfish-bregenzerwald.at\/wp-content\/uploads\/2024\/08\/Martin_Weidisch_2-300x300.jpg 300w, https:\/\/flyfish-bregenzerwald.at\/wp-content\/uploads\/2024\/08\/Martin_Weidisch_2-150x150.jpg 150w, https:\/\/flyfish-bregenzerwald.at\/wp-content\/uploads\/2024\/08\/Martin_Weidisch_2-768x768.jpg 768w, https:\/\/flyfish-bregenzerwald.at\/wp-content\/uploads\/2024\/08\/Martin_Weidisch_2-1536x1536.jpg 1536w, https:\/\/flyfish-bregenzerwald.at\/wp-content\/uploads\/2024\/08\/Martin_Weidisch_2-2048x2048.jpg 2048w\" sizes=\"(max-width: 1024px) 100vw, 1024px\" \/><\/figure>\n\n\n\n<figure class=\"wp-block-image size-large\"><img loading=\"lazy\" decoding=\"async\" width=\"1024\" height=\"1024\" data-id=\"1729\" src=\"https:\/\/flyfish-bregenzerwald.at\/wp-content\/uploads\/2024\/08\/Fliegen_1-1024x1024.jpg\" alt=\"\" class=\"wp-image-1729\" srcset=\"https:\/\/flyfish-bregenzerwald.at\/wp-content\/uploads\/2024\/08\/Fliegen_1-1024x1024.jpg 1024w, https:\/\/flyfish-bregenzerwald.at\/wp-content\/uploads\/2024\/08\/Fliegen_1-300x300.jpg 300w, https:\/\/flyfish-bregenzerwald.at\/wp-content\/uploads\/2024\/08\/Fliegen_1-150x150.jpg 150w, https:\/\/flyfish-bregenzerwald.at\/wp-content\/uploads\/2024\/08\/Fliegen_1-768x768.jpg 768w, https:\/\/flyfish-bregenzerwald.at\/wp-content\/uploads\/2024\/08\/Fliegen_1-1536x1536.jpg 1536w, https:\/\/flyfish-bregenzerwald.at\/wp-content\/uploads\/2024\/08\/Fliegen_1-2048x2048.jpg 2048w\" sizes=\"(max-width: 1024px) 100vw, 1024px\" \/><\/figure>\n\n\n\n<figure class=\"wp-block-image size-large\"><img loading=\"lazy\" decoding=\"async\" width=\"1024\" height=\"1024\" data-id=\"1698\" src=\"https:\/\/flyfish-bregenzerwald.at\/wp-content\/uploads\/2024\/08\/Peter_Kuenz_1-1024x1024.jpg\" alt=\"\" class=\"wp-image-1698\" srcset=\"https:\/\/flyfish-bregenzerwald.at\/wp-content\/uploads\/2024\/08\/Peter_Kuenz_1-1024x1024.jpg 1024w, https:\/\/flyfish-bregenzerwald.at\/wp-content\/uploads\/2024\/08\/Peter_Kuenz_1-300x300.jpg 300w, https:\/\/flyfish-bregenzerwald.at\/wp-content\/uploads\/2024\/08\/Peter_Kuenz_1-150x150.jpg 150w, https:\/\/flyfish-bregenzerwald.at\/wp-content\/uploads\/2024\/08\/Peter_Kuenz_1-768x768.jpg 768w, https:\/\/flyfish-bregenzerwald.at\/wp-content\/uploads\/2024\/08\/Peter_Kuenz_1-1536x1536.jpg 1536w, https:\/\/flyfish-bregenzerwald.at\/wp-content\/uploads\/2024\/08\/Peter_Kuenz_1-2048x2048.jpg 2048w\" sizes=\"(max-width: 1024px) 100vw, 1024px\" \/><\/figure>\n<\/figure>\n\n\n\n<p>Sehr gro\u00dfe Freude hatten die drei Gewinner des Wurf- und Fun-Bewerbes. Gl\u00fccksfee Marie zog als Hauptgewinner Georg Pfeifroth aus Mannheim. Mit strahlendem Gesicht entschied er sich f\u00fcr die von Flyfish Europe gesponserte Primal Fliegenrute. Den zweiten Preis zog G\u00fcnter Eisbacher, er w\u00e4hlte mit gro\u00dfer Freude das Bootsguiding auf Raubfisch mit Michael Helbock. Last but not least wurde Othmar Kr\u00e4utler gezogen, er konnte sich als letzter Gewinner f\u00fcr eine Ballonfahrt oder f\u00fcr eine Ballonfahrt entscheiden\ud83d\ude0a. Der Wunsch seiner Tochter wurde dadurch auf den Punkt genau getroffen.<\/p>\n\n\n\n<figure class=\"wp-block-gallery has-nested-images columns-default is-cropped wp-block-gallery-4 is-layout-flex wp-block-gallery-is-layout-flex\">\n<figure class=\"wp-block-image size-large\"><img loading=\"lazy\" decoding=\"async\" width=\"1024\" height=\"576\" data-id=\"1703\" src=\"https:\/\/flyfish-bregenzerwald.at\/wp-content\/uploads\/2024\/08\/Gewinner_Georg_Pfeiffroth_1-1024x576.jpg\" alt=\"\" class=\"wp-image-1703\" srcset=\"https:\/\/flyfish-bregenzerwald.at\/wp-content\/uploads\/2024\/08\/Gewinner_Georg_Pfeiffroth_1-1024x576.jpg 1024w, https:\/\/flyfish-bregenzerwald.at\/wp-content\/uploads\/2024\/08\/Gewinner_Georg_Pfeiffroth_1-300x169.jpg 300w, https:\/\/flyfish-bregenzerwald.at\/wp-content\/uploads\/2024\/08\/Gewinner_Georg_Pfeiffroth_1-768x432.jpg 768w, https:\/\/flyfish-bregenzerwald.at\/wp-content\/uploads\/2024\/08\/Gewinner_Georg_Pfeiffroth_1-1536x864.jpg 1536w, https:\/\/flyfish-bregenzerwald.at\/wp-content\/uploads\/2024\/08\/Gewinner_Georg_Pfeiffroth_1-2048x1152.jpg 2048w\" sizes=\"(max-width: 1024px) 100vw, 1024px\" \/><\/figure>\n\n\n\n<figure class=\"wp-block-image size-large\"><img loading=\"lazy\" decoding=\"async\" width=\"1024\" height=\"576\" data-id=\"1702\" src=\"https:\/\/flyfish-bregenzerwald.at\/wp-content\/uploads\/2024\/08\/Gewinner_Guenther_Eisbacher_1-1024x576.jpg\" alt=\"\" class=\"wp-image-1702\" srcset=\"https:\/\/flyfish-bregenzerwald.at\/wp-content\/uploads\/2024\/08\/Gewinner_Guenther_Eisbacher_1-1024x576.jpg 1024w, https:\/\/flyfish-bregenzerwald.at\/wp-content\/uploads\/2024\/08\/Gewinner_Guenther_Eisbacher_1-300x169.jpg 300w, https:\/\/flyfish-bregenzerwald.at\/wp-content\/uploads\/2024\/08\/Gewinner_Guenther_Eisbacher_1-768x432.jpg 768w, https:\/\/flyfish-bregenzerwald.at\/wp-content\/uploads\/2024\/08\/Gewinner_Guenther_Eisbacher_1-1536x864.jpg 1536w, https:\/\/flyfish-bregenzerwald.at\/wp-content\/uploads\/2024\/08\/Gewinner_Guenther_Eisbacher_1-2048x1152.jpg 2048w\" sizes=\"(max-width: 1024px) 100vw, 1024px\" \/><\/figure>\n\n\n\n<figure class=\"wp-block-image size-large\"><img loading=\"lazy\" decoding=\"async\" width=\"1024\" height=\"576\" data-id=\"1704\" src=\"https:\/\/flyfish-bregenzerwald.at\/wp-content\/uploads\/2024\/08\/Gewinner_Othmar_Krautler_1-1024x576.jpg\" alt=\"\" class=\"wp-image-1704\" srcset=\"https:\/\/flyfish-bregenzerwald.at\/wp-content\/uploads\/2024\/08\/Gewinner_Othmar_Krautler_1-1024x576.jpg 1024w, https:\/\/flyfish-bregenzerwald.at\/wp-content\/uploads\/2024\/08\/Gewinner_Othmar_Krautler_1-300x169.jpg 300w, https:\/\/flyfish-bregenzerwald.at\/wp-content\/uploads\/2024\/08\/Gewinner_Othmar_Krautler_1-768x432.jpg 768w, https:\/\/flyfish-bregenzerwald.at\/wp-content\/uploads\/2024\/08\/Gewinner_Othmar_Krautler_1-1536x864.jpg 1536w, https:\/\/flyfish-bregenzerwald.at\/wp-content\/uploads\/2024\/08\/Gewinner_Othmar_Krautler_1-2048x1152.jpg 2048w\" sizes=\"(max-width: 1024px) 100vw, 1024px\" \/><\/figure>\n<\/figure>\n\n\n\n<p>Auch die Kulinarik kam an diesem Tag nicht zu kurz, Obmann Fredi vom Fischereiverein Bregenzerwald betreute einerseits die K\u00fcche mit seinen Helfern und stellte andererseits gemeinsam mit Rudi Pfeiffer den Fischereiverein Bregenzerwald vor. Der Durst konnte bei den M\u00e4dels Leni, Jana, Gloria, Johanna, Marie und bei Jonas gestillt werden.<\/p>\n\n\n\n<figure class=\"wp-block-image size-large\"><img loading=\"lazy\" decoding=\"async\" width=\"1024\" height=\"576\" src=\"https:\/\/flyfish-bregenzerwald.at\/wp-content\/uploads\/2024\/08\/Maedels_1-1024x576.jpg\" alt=\"\" class=\"wp-image-1709\" srcset=\"https:\/\/flyfish-bregenzerwald.at\/wp-content\/uploads\/2024\/08\/Maedels_1-1024x576.jpg 1024w, https:\/\/flyfish-bregenzerwald.at\/wp-content\/uploads\/2024\/08\/Maedels_1-300x169.jpg 300w, https:\/\/flyfish-bregenzerwald.at\/wp-content\/uploads\/2024\/08\/Maedels_1-768x432.jpg 768w, https:\/\/flyfish-bregenzerwald.at\/wp-content\/uploads\/2024\/08\/Maedels_1-1536x864.jpg 1536w, https:\/\/flyfish-bregenzerwald.at\/wp-content\/uploads\/2024\/08\/Maedels_1-2048x1152.jpg 2048w\" sizes=\"(max-width: 1024px) 100vw, 1024px\" \/><\/figure>\n\n\n\n<p>Bedanken m\u00f6chten wir uns besonders herzlich bei allen, die uns eine kleine Aufmerksamkeit zu unserem Jubil\u00e4um \u00fcberreicht haben, das Eine oder Andere werden wir in einer ruhigen Minute sehr genie\u00dfen.<\/p>\n\n\n<div class=\"wp-block-image\">\n<figure class=\"alignleft size-full is-resized\"><img loading=\"lazy\" decoding=\"async\" width=\"2560\" height=\"2560\" src=\"https:\/\/flyfish-bregenzerwald.at\/wp-content\/uploads\/2024\/08\/Gewinner_Versteigerung_1-scaled.jpg\" alt=\"\" class=\"wp-image-1710\" style=\"width:266px;height:auto\" srcset=\"https:\/\/flyfish-bregenzerwald.at\/wp-content\/uploads\/2024\/08\/Gewinner_Versteigerung_1-scaled.jpg 2560w, https:\/\/flyfish-bregenzerwald.at\/wp-content\/uploads\/2024\/08\/Gewinner_Versteigerung_1-300x300.jpg 300w, https:\/\/flyfish-bregenzerwald.at\/wp-content\/uploads\/2024\/08\/Gewinner_Versteigerung_1-1024x1024.jpg 1024w, https:\/\/flyfish-bregenzerwald.at\/wp-content\/uploads\/2024\/08\/Gewinner_Versteigerung_1-150x150.jpg 150w, https:\/\/flyfish-bregenzerwald.at\/wp-content\/uploads\/2024\/08\/Gewinner_Versteigerung_1-768x768.jpg 768w, https:\/\/flyfish-bregenzerwald.at\/wp-content\/uploads\/2024\/08\/Gewinner_Versteigerung_1-1536x1536.jpg 1536w, https:\/\/flyfish-bregenzerwald.at\/wp-content\/uploads\/2024\/08\/Gewinner_Versteigerung_1-2048x2048.jpg 2048w\" sizes=\"(max-width: 2560px) 100vw, 2560px\" \/><\/figure><\/div>\n\n\n<p>Ganz spontan wurde zum Schluss ein \u201ePokal\u201c, welchen Michael Helbock designed und produziert hat, versteigert. Unser Getr\u00e4nkeh\u00e4ndler Artur Egender lie\u00df es sich nicht nehmen, diesen zu ersteigern. Der komplette Erl\u00f6s der Versteigerung und der Reinerl\u00f6s der Spenden ging an die Jugendgruppe des Fischereivereins Bregenzerwald.<\/p>\n\n\n\n<p>Vielen Dank nochmals an alle Helfer, Besucher und Interessierte bei unserer 20-Jahr Feier!<\/p>\n\n\n\n<p>Bis bald!! Michaela &amp; Claus<\/p>\n","protected":false},"excerpt":{"rendered":"<p>20 Jahre flyfish Bregenzerwald \u2013 ein Fischerfest! Am Samstag, den 15. Juni 2024, konnten wir eine Woche nach dem geplanten Termin unser 20-j\u00e4hriges Jubil\u00e4um beim Fischerheim des Fischervereins Bregenzerwald doch noch feiern. Andre Feldkircher f\u00fchrte uns als Moderator gekonnt und mit Charme durch den Tag. Der Start am Vormittag erwies sich zun\u00e4chst durch den Wind &#8230; <\/p>\n<p class=\"read-more-container\"><a title=\"20 Jahre flyfish Bregenzerwald \u2013 ein Fischerfest!\" class=\"read-more button\" href=\"https:\/\/flyfish-bregenzerwald.at\/index.php\/20-jahre-flyfishing-bregenzerwald-ein-fischerfest\/#more-1662\" aria-label=\"Mehr zu 20 Jahre flyfish Bregenzerwald \u2013 ein Fischerfest!\">Mehr &#8230;<\/a><\/p>\n","protected":false},"author":2,"featured_media":1678,"parent":0,"menu_order":0,"comment_status":"closed","ping_status":"closed","template":"","meta":{"footnotes":""},"_links":{"self":[{"href":"https:\/\/flyfish-bregenzerwald.at\/index.php\/wp-json\/wp\/v2\/pages\/1662"}],"collection":[{"href":"https:\/\/flyfish-bregenzerwald.at\/index.php\/wp-json\/wp\/v2\/pages"}],"about":[{"href":"https:\/\/flyfish-bregenzerwald.at\/index.php\/wp-json\/wp\/v2\/types\/page"}],"author":[{"embeddable":true,"href":"https:\/\/flyfish-bregenzerwald.at\/index.php\/wp-json\/wp\/v2\/users\/2"}],"replies":[{"embeddable":true,"href":"https:\/\/flyfish-bregenzerwald.at\/index.php\/wp-json\/wp\/v2\/comments?post=1662"}],"version-history":[{"count":32,"href":"https:\/\/flyfish-bregenzerwald.at\/index.php\/wp-json\/wp\/v2\/pages\/1662\/revisions"}],"predecessor-version":[{"id":1737,"href":"https:\/\/flyfish-bregenzerwald.at\/index.php\/wp-json\/wp\/v2\/pages\/1662\/revisions\/1737"}],"wp:featuredmedia":[{"embeddable":true,"href":"https:\/\/flyfish-bregenzerwald.at\/index.php\/wp-json\/wp\/v2\/media\/1678"}],"wp:attachment":[{"href":"https:\/\/flyfish-bregenzerwald.at\/index.php\/wp-json\/wp\/v2\/media?parent=1662"}],"curies":[{"name":"wp","href":"https:\/\/api.w.org\/{rel}","templated":true}]}}