{"id":1593,"date":"2024-06-11T14:15:20","date_gmt":"2024-06-11T14:15:20","guid":{"rendered":"https:\/\/flyfish-bregenzerwald.at\/?page_id=1593"},"modified":"2024-06-11T16:22:59","modified_gmt":"2024-06-11T16:22:59","slug":"michael-helbock","status":"publish","type":"page","link":"https:\/\/flyfish-bregenzerwald.at\/index.php\/michael-helbock\/","title":{"rendered":"Michael Helbock"},"content":{"rendered":"<div class=\"wp-block-image\">\n<figure class=\"alignright size-large is-resized\"><img loading=\"lazy\" decoding=\"async\" width=\"1024\" height=\"576\" src=\"https:\/\/flyfish-bregenzerwald.at\/wp-content\/uploads\/2024\/06\/IMG-20240611-WA0004-1024x576.jpg\" alt=\"\" class=\"wp-image-1637\" style=\"width:358px\" srcset=\"https:\/\/flyfish-bregenzerwald.at\/wp-content\/uploads\/2024\/06\/IMG-20240611-WA0004-1024x576.jpg 1024w, https:\/\/flyfish-bregenzerwald.at\/wp-content\/uploads\/2024\/06\/IMG-20240611-WA0004-300x169.jpg 300w, https:\/\/flyfish-bregenzerwald.at\/wp-content\/uploads\/2024\/06\/IMG-20240611-WA0004-768x432.jpg 768w, https:\/\/flyfish-bregenzerwald.at\/wp-content\/uploads\/2024\/06\/IMG-20240611-WA0004-1536x865.jpg 1536w, https:\/\/flyfish-bregenzerwald.at\/wp-content\/uploads\/2024\/06\/IMG-20240611-WA0004-2048x1153.jpg 2048w\" sizes=\"(max-width: 1024px) 100vw, 1024px\" \/><\/figure><\/div>\n\n\n<p>Mein Name ist Michael Helbock, 1994 in Egg geboren, und damit der Jungspund im Team von flyfish Bregenzerwald.<br>Meine ersten Schritte ans Wasser machte ich mit meinem Vater im Kindesalter, best\u00fcckt mit Wurm und Blinker an verschiedenen Gew\u00e4ssern im Bregenzerwald.<br>Im Alter von 8 Jahren durfte ich schon meine ersten \u201egro\u00dfen\u201c Hechte und Zander in Schweden fangen, bis heute ist mir diese Leidenschaft f\u00fcr Raubfische geblieben.<\/p>\n\n\n\n<p>Einige Jahre sp\u00e4ter kam dann das Fliegenfischen bei uns im Bregenzerwald oder an verschiedenen Gew\u00e4ssern im In und Ausland dazu.<\/p>\n\n\n<div class=\"wp-block-image\">\n<figure class=\"alignleft size-large is-resized\"><img loading=\"lazy\" decoding=\"async\" width=\"933\" height=\"1024\" src=\"https:\/\/flyfish-bregenzerwald.at\/wp-content\/uploads\/2024\/06\/IMG-20240522-WA0001-933x1024.jpg\" alt=\"\" class=\"wp-image-1635\" style=\"width:358px\" srcset=\"https:\/\/flyfish-bregenzerwald.at\/wp-content\/uploads\/2024\/06\/IMG-20240522-WA0001-933x1024.jpg 933w, https:\/\/flyfish-bregenzerwald.at\/wp-content\/uploads\/2024\/06\/IMG-20240522-WA0001-273x300.jpg 273w, https:\/\/flyfish-bregenzerwald.at\/wp-content\/uploads\/2024\/06\/IMG-20240522-WA0001-768x843.jpg 768w, https:\/\/flyfish-bregenzerwald.at\/wp-content\/uploads\/2024\/06\/IMG-20240522-WA0001-1400x1536.jpg 1400w, https:\/\/flyfish-bregenzerwald.at\/wp-content\/uploads\/2024\/06\/IMG-20240522-WA0001.jpg 1655w\" sizes=\"(max-width: 933px) 100vw, 933px\" \/><\/figure><\/div>\n\n\n<p>Ende 2021 erf\u00fcllte ich mir den Traum von einem eigenen Boot, seither verbrachte ich mit Claus schon einige spannende Stunden auf dem Bodensee.<br>Viele Traumfische durften wir ins Boot locken, viele sch\u00f6ne Momente erleben, anfangs aber auch manch lehrreiche Tage.<br>Mittlerweile haben wir gemeinsam ein Konzept entwickelt, welches wir gerne euch anbieten m\u00f6chten, damit der Weg zum Traumfisch m\u00f6glich wird.<\/p>\n\n\n\n<p>Klassisch mit dem Gummifisch oder f\u00fcr Ge\u00fcbte mit Streamer an der Fliegenrute, einfach was euch mehr Spa\u00df bereitet.<br>Zielfisch ist der Hecht, als Beifang sind Zander und Wels nicht ausgeschlossen.<\/p>\n\n\n\n<p>Sei dabei, ich zeige euch moderne Techniken und viel \u201eknow how\u201c. Auch der Spa\u00df wird nicht zu kurz kommen und die Fische werden den Weg ins Boot finden.<\/p>\n\n\n<div class=\"wp-block-image\">\n<figure class=\"alignleft size-large is-resized\"><img loading=\"lazy\" decoding=\"async\" width=\"1024\" height=\"577\" src=\"https:\/\/flyfish-bregenzerwald.at\/wp-content\/uploads\/2024\/06\/IMG-20240522-WA0003-1-1024x577.jpg\" alt=\"\" class=\"wp-image-1639\" style=\"width:861px;height:auto\" srcset=\"https:\/\/flyfish-bregenzerwald.at\/wp-content\/uploads\/2024\/06\/IMG-20240522-WA0003-1-1024x577.jpg 1024w, https:\/\/flyfish-bregenzerwald.at\/wp-content\/uploads\/2024\/06\/IMG-20240522-WA0003-1-300x169.jpg 300w, https:\/\/flyfish-bregenzerwald.at\/wp-content\/uploads\/2024\/06\/IMG-20240522-WA0003-1-768x432.jpg 768w, https:\/\/flyfish-bregenzerwald.at\/wp-content\/uploads\/2024\/06\/IMG-20240522-WA0003-1-1536x865.jpg 1536w, https:\/\/flyfish-bregenzerwald.at\/wp-content\/uploads\/2024\/06\/IMG-20240522-WA0003-1.jpg 2048w\" sizes=\"(max-width: 1024px) 100vw, 1024px\" \/><\/figure><\/div>\n\n\n<p><br><\/p>\n\n\n\n<p>Wenn auch du das Alles miterleben m\u00f6chtest, w\u00fcrde ich mit dir diese Erfahrung am Gew\u00e4sser gerne teilen.<\/p>\n\n\n\n<p>Petri Michael<\/p>\n\n\n\n<div class=\"rl-gallery-container rl-loading\" id=\"rl-gallery-container-1\" data-gallery_id=\"1641\"> <div class=\"rl-gallery rl-basicgrid-gallery \" id=\"rl-gallery-1\" data-gallery_no=\"1\"> <div class=\"rl-gallery-item\"><a href=\"https:\/\/flyfish-bregenzerwald.at\/wp-content\/uploads\/2024\/06\/IMG-20240611-WA0004-scaled.jpg\" title=\"\" data-rl_title=\"\" class=\"rl-gallery-link\" data-rl_caption=\"\" data-rel=\"lightbox-gallery-1\"><img loading=\"lazy\" decoding=\"async\" src=\"https:\/\/flyfish-bregenzerwald.at\/wp-content\/uploads\/2024\/06\/IMG-20240611-WA0004-300x169.jpg\" width=\"300\" height=\"169\" alt=\"\" \/><\/a><\/div><div class=\"rl-gallery-item\"><a href=\"https:\/\/flyfish-bregenzerwald.at\/wp-content\/uploads\/2024\/06\/IMG-20240522-WA0002-1-scaled.jpg\" title=\"\" data-rl_title=\"\" class=\"rl-gallery-link\" data-rl_caption=\"\" data-rel=\"lightbox-gallery-1\"><img loading=\"lazy\" decoding=\"async\" src=\"https:\/\/flyfish-bregenzerwald.at\/wp-content\/uploads\/2024\/06\/IMG-20240522-WA0002-1-300x169.jpg\" width=\"300\" height=\"169\" alt=\"\" \/><\/a><\/div><div class=\"rl-gallery-item\"><a href=\"https:\/\/flyfish-bregenzerwald.at\/wp-content\/uploads\/2024\/06\/IMG-20240522-WA0003-1.jpg\" title=\"\" data-rl_title=\"\" class=\"rl-gallery-link\" data-rl_caption=\"\" data-rel=\"lightbox-gallery-1\"><img loading=\"lazy\" decoding=\"async\" src=\"https:\/\/flyfish-bregenzerwald.at\/wp-content\/uploads\/2024\/06\/IMG-20240522-WA0003-1-300x169.jpg\" width=\"300\" height=\"169\" alt=\"\" \/><\/a><\/div><div class=\"rl-gallery-item\"><a href=\"https:\/\/flyfish-bregenzerwald.at\/wp-content\/uploads\/2024\/06\/IMG-20240522-WA0004-1.jpg\" title=\"\" data-rl_title=\"\" class=\"rl-gallery-link\" data-rl_caption=\"\" data-rel=\"lightbox-gallery-1\"><img loading=\"lazy\" decoding=\"async\" src=\"https:\/\/flyfish-bregenzerwald.at\/wp-content\/uploads\/2024\/06\/IMG-20240522-WA0004-1-300x169.jpg\" width=\"300\" height=\"169\" alt=\"\" \/><\/a><\/div> <\/div> <\/div>\n","protected":false},"excerpt":{"rendered":"<p>Mein Name ist Michael Helbock, 1994 in Egg geboren, und damit der Jungspund im Team von flyfish Bregenzerwald.Meine ersten Schritte ans Wasser machte ich mit meinem Vater im Kindesalter, best\u00fcckt mit Wurm und Blinker an verschiedenen Gew\u00e4ssern im Bregenzerwald.Im Alter von 8 Jahren durfte ich schon meine ersten \u201egro\u00dfen\u201c Hechte und Zander in Schweden fangen, &#8230; <\/p>\n<p class=\"read-more-container\"><a title=\"Michael Helbock\" class=\"read-more button\" href=\"https:\/\/flyfish-bregenzerwald.at\/index.php\/michael-helbock\/#more-1593\" aria-label=\"Mehr zu Michael Helbock\">Mehr &#8230;<\/a><\/p>\n","protected":false},"author":2,"featured_media":1650,"parent":0,"menu_order":0,"comment_status":"closed","ping_status":"closed","template":"","meta":{"footnotes":""},"_links":{"self":[{"href":"https:\/\/flyfish-bregenzerwald.at\/index.php\/wp-json\/wp\/v2\/pages\/1593"}],"collection":[{"href":"https:\/\/flyfish-bregenzerwald.at\/index.php\/wp-json\/wp\/v2\/pages"}],"about":[{"href":"https:\/\/flyfish-bregenzerwald.at\/index.php\/wp-json\/wp\/v2\/types\/page"}],"author":[{"embeddable":true,"href":"https:\/\/flyfish-bregenzerwald.at\/index.php\/wp-json\/wp\/v2\/users\/2"}],"replies":[{"embeddable":true,"href":"https:\/\/flyfish-bregenzerwald.at\/index.php\/wp-json\/wp\/v2\/comments?post=1593"}],"version-history":[{"count":13,"href":"https:\/\/flyfish-bregenzerwald.at\/index.php\/wp-json\/wp\/v2\/pages\/1593\/revisions"}],"predecessor-version":[{"id":1659,"href":"https:\/\/flyfish-bregenzerwald.at\/index.php\/wp-json\/wp\/v2\/pages\/1593\/revisions\/1659"}],"wp:featuredmedia":[{"embeddable":true,"href":"https:\/\/flyfish-bregenzerwald.at\/index.php\/wp-json\/wp\/v2\/media\/1650"}],"wp:attachment":[{"href":"https:\/\/flyfish-bregenzerwald.at\/index.php\/wp-json\/wp\/v2\/media?parent=1593"}],"curies":[{"name":"wp","href":"https:\/\/api.w.org\/{rel}","templated":true}]}}