{"id":156,"date":"2019-12-01T18:11:19","date_gmt":"2019-12-01T18:11:19","guid":{"rendered":"http:\/\/flyfish-bregenzerwald.at\/?page_id=156"},"modified":"2024-10-27T15:10:11","modified_gmt":"2024-10-27T15:10:11","slug":"privatkurse","status":"publish","type":"page","link":"https:\/\/flyfish-bregenzerwald.at\/index.php\/privatkurse\/","title":{"rendered":"Privatkurse"},"content":{"rendered":"\n<p>Um gezielt mehr auf Ihre St\u00e4rken und Schw\u00e4chen eingehen zu k\u00f6nnen, bietet sich der Privatkurs selbstverst\u00e4ndlich am besten an.<\/p>\n\n\n\n<p>Ob Einsteiger oder Fortgeschrittene dies ist die optimale M\u00f6glichkeit den zu Ihnen passenden Wurfstil zu finden, zu verbessern bzw. zu verfeinern.<\/p>\n\n\n\n<p>Haben Sie von einem bestimmten Wurf wie z.B. Backhand, Doppelzug, Sidecast, Rollwurf, Switch Cast, etc. geh\u00f6rt und m\u00f6chten diesen erlernen? Sicherlich standen Sie schon oft am Wasser und dachten sich, wie komme ich jetzt zu diesem Fisch? Wie werfe ich Ihn am besten an oder dort steht bestimmt ein sch\u00f6ner Fisch, erreichen Ihn aber nicht so wie dies der Fisch oder Sie gerne h\u00e4tten. Bei unserem Privatkurs kann auf jede Frage und Situation optimal eingegangen werden.<\/p>\n\n\n\n<p>Die Termine finden nach Vereinbarung statt.<br>T 0043 664 4146482 oder info@flyfish-bregenzerwald.at<br>Preis pro Stunde f\u00fcr die 1. Person \u20ac 59,- und jede weitere Person \u20ac 39,- pro Stunde zus\u00e4tzlich.<\/p>\n","protected":false},"excerpt":{"rendered":"<p>Um gezielt mehr auf Ihre St\u00e4rken und Schw\u00e4chen eingehen zu k\u00f6nnen, bietet sich der Privatkurs selbstverst\u00e4ndlich am besten an. Ob Einsteiger oder Fortgeschrittene dies ist die optimale M\u00f6glichkeit den zu Ihnen passenden Wurfstil zu finden, zu verbessern bzw. zu verfeinern. Haben Sie von einem bestimmten Wurf wie z.B. Backhand, Doppelzug, Sidecast, Rollwurf, Switch Cast, etc. &#8230; <\/p>\n<p class=\"read-more-container\"><a title=\"Privatkurse\" class=\"read-more button\" href=\"https:\/\/flyfish-bregenzerwald.at\/index.php\/privatkurse\/#more-156\" aria-label=\"Mehr zu Privatkurse\">Mehr &#8230;<\/a><\/p>\n","protected":false},"author":2,"featured_media":0,"parent":0,"menu_order":0,"comment_status":"closed","ping_status":"closed","template":"","meta":{"footnotes":""},"_links":{"self":[{"href":"https:\/\/flyfish-bregenzerwald.at\/index.php\/wp-json\/wp\/v2\/pages\/156"}],"collection":[{"href":"https:\/\/flyfish-bregenzerwald.at\/index.php\/wp-json\/wp\/v2\/pages"}],"about":[{"href":"https:\/\/flyfish-bregenzerwald.at\/index.php\/wp-json\/wp\/v2\/types\/page"}],"author":[{"embeddable":true,"href":"https:\/\/flyfish-bregenzerwald.at\/index.php\/wp-json\/wp\/v2\/users\/2"}],"replies":[{"embeddable":true,"href":"https:\/\/flyfish-bregenzerwald.at\/index.php\/wp-json\/wp\/v2\/comments?post=156"}],"version-history":[{"count":8,"href":"https:\/\/flyfish-bregenzerwald.at\/index.php\/wp-json\/wp\/v2\/pages\/156\/revisions"}],"predecessor-version":[{"id":1742,"href":"https:\/\/flyfish-bregenzerwald.at\/index.php\/wp-json\/wp\/v2\/pages\/156\/revisions\/1742"}],"wp:attachment":[{"href":"https:\/\/flyfish-bregenzerwald.at\/index.php\/wp-json\/wp\/v2\/media?parent=156"}],"curies":[{"name":"wp","href":"https:\/\/api.w.org\/{rel}","templated":true}]}}