{"id":154,"date":"2019-12-01T18:10:42","date_gmt":"2019-12-01T18:10:42","guid":{"rendered":"http:\/\/flyfish-bregenzerwald.at\/?page_id=154"},"modified":"2024-10-18T15:12:48","modified_gmt":"2024-10-18T15:12:48","slug":"fortgeschrittene","status":"publish","type":"page","link":"https:\/\/flyfish-bregenzerwald.at\/index.php\/fortgeschrittene\/","title":{"rendered":"Fortgeschrittene"},"content":{"rendered":"\n<p>Wir sehen schon, Sie haben sich vom Fliegenfischen &#8222;haken&#8220; lassen und k\u00f6nnen nun nicht mehr genug kriegen, wollen Ihre Kenntnisse vertiefen und eventuelle Feinkorrekturen vornehmen.<\/p>\n\n\n<div class=\"wp-block-image\">\n<figure class=\"aligncenter size-full\"><img loading=\"lazy\" decoding=\"async\" width=\"2560\" height=\"709\" src=\"https:\/\/flyfish-bregenzerwald.at\/wp-content\/uploads\/2023\/05\/2-1-scaled.jpg\" alt=\"\" class=\"wp-image-1310\" srcset=\"https:\/\/flyfish-bregenzerwald.at\/wp-content\/uploads\/2023\/05\/2-1-scaled.jpg 2560w, https:\/\/flyfish-bregenzerwald.at\/wp-content\/uploads\/2023\/05\/2-1-300x83.jpg 300w, https:\/\/flyfish-bregenzerwald.at\/wp-content\/uploads\/2023\/05\/2-1-1024x284.jpg 1024w, https:\/\/flyfish-bregenzerwald.at\/wp-content\/uploads\/2023\/05\/2-1-768x213.jpg 768w, https:\/\/flyfish-bregenzerwald.at\/wp-content\/uploads\/2023\/05\/2-1-1536x426.jpg 1536w, https:\/\/flyfish-bregenzerwald.at\/wp-content\/uploads\/2023\/05\/2-1-2048x568.jpg 2048w\" sizes=\"(max-width: 2560px) 100vw, 2560px\" \/><\/figure><\/div>\n\n<div class=\"wp-block-image\">\n<figure class=\"alignleft size-large is-resized\"><img loading=\"lazy\" decoding=\"async\" width=\"1024\" height=\"576\" src=\"https:\/\/flyfish-bregenzerwald.at\/wp-content\/uploads\/2023\/05\/6-1024x576.jpg\" alt=\"\" class=\"wp-image-1315\" style=\"width:358px\" srcset=\"https:\/\/flyfish-bregenzerwald.at\/wp-content\/uploads\/2023\/05\/6-1024x576.jpg 1024w, https:\/\/flyfish-bregenzerwald.at\/wp-content\/uploads\/2023\/05\/6-300x169.jpg 300w, https:\/\/flyfish-bregenzerwald.at\/wp-content\/uploads\/2023\/05\/6-768x432.jpg 768w, https:\/\/flyfish-bregenzerwald.at\/wp-content\/uploads\/2023\/05\/6-1536x865.jpg 1536w, https:\/\/flyfish-bregenzerwald.at\/wp-content\/uploads\/2023\/05\/6-2048x1153.jpg 2048w\" sizes=\"(max-width: 1024px) 100vw, 1024px\" \/><\/figure><\/div>\n\n<div class=\"wp-block-image\">\n<figure class=\"alignright size-large is-resized\"><img loading=\"lazy\" decoding=\"async\" width=\"1024\" height=\"577\" src=\"https:\/\/flyfish-bregenzerwald.at\/wp-content\/uploads\/2023\/05\/5-1024x577.jpg\" alt=\"\" class=\"wp-image-1317\" style=\"width:358px\" srcset=\"https:\/\/flyfish-bregenzerwald.at\/wp-content\/uploads\/2023\/05\/5-1024x577.jpg 1024w, https:\/\/flyfish-bregenzerwald.at\/wp-content\/uploads\/2023\/05\/5-300x169.jpg 300w, https:\/\/flyfish-bregenzerwald.at\/wp-content\/uploads\/2023\/05\/5-768x432.jpg 768w, https:\/\/flyfish-bregenzerwald.at\/wp-content\/uploads\/2023\/05\/5-1536x865.jpg 1536w, https:\/\/flyfish-bregenzerwald.at\/wp-content\/uploads\/2023\/05\/5-2048x1153.jpg 2048w\" sizes=\"(max-width: 1024px) 100vw, 1024px\" \/><\/figure><\/div>\n\n\n<p>Kein Problem in diesem zweit\u00e4gigen Wochenendkurs helfen wir Ihnen dabei.<br>Das Perfektionieren der Grundw\u00fcrfe, der Doppelzug und das Erlernen verschiedener Trickw\u00fcrfe stehen auf dem Programm.<\/p>\n\n\n\n<p>Am zweiten Tag k\u00f6nnen Sie auch schon Ihr Erlerntes in die Praxis umsetzen und Sie werden sehen, dass Sie mit relativ einfachen Tricks mehr Fische \u00fcberlisten k\u00f6nnen.<br>Nat\u00fcrlich stehen wir Ihnen auch in dieser Zeit f\u00fcr Rat und Tat zu allen m\u00f6glichen Themen der Fliegenfischerei zur Seite.<\/p>\n\n\n<div class=\"wp-block-image\">\n<figure class=\"alignleft size-large is-resized\"><img loading=\"lazy\" decoding=\"async\" width=\"1024\" height=\"576\" src=\"https:\/\/flyfish-bregenzerwald.at\/wp-content\/uploads\/2023\/05\/11-1024x576.jpg\" alt=\"\" class=\"wp-image-1319\" style=\"width:358px\" srcset=\"https:\/\/flyfish-bregenzerwald.at\/wp-content\/uploads\/2023\/05\/11-1024x576.jpg 1024w, https:\/\/flyfish-bregenzerwald.at\/wp-content\/uploads\/2023\/05\/11-300x169.jpg 300w, https:\/\/flyfish-bregenzerwald.at\/wp-content\/uploads\/2023\/05\/11-768x432.jpg 768w, https:\/\/flyfish-bregenzerwald.at\/wp-content\/uploads\/2023\/05\/11-1536x864.jpg 1536w, https:\/\/flyfish-bregenzerwald.at\/wp-content\/uploads\/2023\/05\/11-2048x1152.jpg 2048w\" sizes=\"(max-width: 1024px) 100vw, 1024px\" \/><\/figure><\/div>\n\n<div class=\"wp-block-image\">\n<figure class=\"alignright size-large is-resized\"><img loading=\"lazy\" decoding=\"async\" width=\"1024\" height=\"576\" src=\"https:\/\/flyfish-bregenzerwald.at\/wp-content\/uploads\/2023\/05\/12-1024x576.jpg\" alt=\"\" class=\"wp-image-1318\" style=\"width:358px\" srcset=\"https:\/\/flyfish-bregenzerwald.at\/wp-content\/uploads\/2023\/05\/12-1024x576.jpg 1024w, https:\/\/flyfish-bregenzerwald.at\/wp-content\/uploads\/2023\/05\/12-300x169.jpg 300w, https:\/\/flyfish-bregenzerwald.at\/wp-content\/uploads\/2023\/05\/12-768x432.jpg 768w, https:\/\/flyfish-bregenzerwald.at\/wp-content\/uploads\/2023\/05\/12-1536x864.jpg 1536w, https:\/\/flyfish-bregenzerwald.at\/wp-content\/uploads\/2023\/05\/12-2048x1152.jpg 2048w\" sizes=\"(max-width: 1024px) 100vw, 1024px\" \/><\/figure><\/div>\n\n\n<p>Bei einem gem\u00fctlichen Hock am Abend bleibt noch genug Zeit, um \u00fcber das Erlernte zu philosophieren und diskutieren.<\/p>\n\n\n\n<p>Die Gruppenst\u00e4rke liegt bei h\u00f6chstens 6 Personen. So wird sichergestellt, dass auf jeden einzelnen Wurfstil und Typ bestm\u00f6glich eingegangen wird.<\/p>\n\n\n\n<p>Der Kursbeitrag pro Person betr\u00e4gt \u20ac 310,-.<\/p>\n\n\n\n<p>Auch bei diesem Kurs werden selbstverst\u00e4ndlich Leihger\u00e4te f\u00fcr die Dauer des Kurses zur Verf\u00fcgung gestellt.<\/p>\n","protected":false},"excerpt":{"rendered":"<p>Wir sehen schon, Sie haben sich vom Fliegenfischen &#8222;haken&#8220; lassen und k\u00f6nnen nun nicht mehr genug kriegen, wollen Ihre Kenntnisse vertiefen und eventuelle Feinkorrekturen vornehmen. Kein Problem in diesem zweit\u00e4gigen Wochenendkurs helfen wir Ihnen dabei.Das Perfektionieren der Grundw\u00fcrfe, der Doppelzug und das Erlernen verschiedener Trickw\u00fcrfe stehen auf dem Programm. Am zweiten Tag k\u00f6nnen Sie auch &#8230; <\/p>\n<p class=\"read-more-container\"><a title=\"Fortgeschrittene\" class=\"read-more button\" href=\"https:\/\/flyfish-bregenzerwald.at\/index.php\/fortgeschrittene\/#more-154\" aria-label=\"Mehr zu Fortgeschrittene\">Mehr &#8230;<\/a><\/p>\n","protected":false},"author":2,"featured_media":1308,"parent":0,"menu_order":0,"comment_status":"closed","ping_status":"closed","template":"","meta":{"footnotes":""},"_links":{"self":[{"href":"https:\/\/flyfish-bregenzerwald.at\/index.php\/wp-json\/wp\/v2\/pages\/154"}],"collection":[{"href":"https:\/\/flyfish-bregenzerwald.at\/index.php\/wp-json\/wp\/v2\/pages"}],"about":[{"href":"https:\/\/flyfish-bregenzerwald.at\/index.php\/wp-json\/wp\/v2\/types\/page"}],"author":[{"embeddable":true,"href":"https:\/\/flyfish-bregenzerwald.at\/index.php\/wp-json\/wp\/v2\/users\/2"}],"replies":[{"embeddable":true,"href":"https:\/\/flyfish-bregenzerwald.at\/index.php\/wp-json\/wp\/v2\/comments?post=154"}],"version-history":[{"count":8,"href":"https:\/\/flyfish-bregenzerwald.at\/index.php\/wp-json\/wp\/v2\/pages\/154\/revisions"}],"predecessor-version":[{"id":1740,"href":"https:\/\/flyfish-bregenzerwald.at\/index.php\/wp-json\/wp\/v2\/pages\/154\/revisions\/1740"}],"wp:featuredmedia":[{"embeddable":true,"href":"https:\/\/flyfish-bregenzerwald.at\/index.php\/wp-json\/wp\/v2\/media\/1308"}],"wp:attachment":[{"href":"https:\/\/flyfish-bregenzerwald.at\/index.php\/wp-json\/wp\/v2\/media?parent=154"}],"curies":[{"name":"wp","href":"https:\/\/api.w.org\/{rel}","templated":true}]}}