{"id":1527,"date":"2024-05-15T19:03:30","date_gmt":"2024-05-15T19:03:30","guid":{"rendered":"https:\/\/flyfish-bregenzerwald.at\/?page_id=1527"},"modified":"2024-06-11T13:39:59","modified_gmt":"2024-06-11T13:39:59","slug":"20-jahre-flyfish-bregenzerwald","status":"publish","type":"page","link":"https:\/\/flyfish-bregenzerwald.at\/index.php\/20-jahre-flyfish-bregenzerwald\/","title":{"rendered":"20 Jahre flyfish Bregenzerwald"},"content":{"rendered":"<div class=\"wp-block-image\">\n<figure class=\"alignright size-full is-resized\"><a href=\"https:\/\/flyfish-bregenzerwald.at\/wp-content\/uploads\/2024\/06\/Flyer-20-Jahre-Update-A4.pdf\"><img loading=\"lazy\" decoding=\"async\" width=\"595\" height=\"842\" src=\"https:\/\/flyfish-bregenzerwald.at\/wp-content\/uploads\/2024\/06\/IMG-20240609-WA0011.jpg\" alt=\"\" class=\"wp-image-1618\" style=\"width:266px;height:auto\" srcset=\"https:\/\/flyfish-bregenzerwald.at\/wp-content\/uploads\/2024\/06\/IMG-20240609-WA0011.jpg 595w, https:\/\/flyfish-bregenzerwald.at\/wp-content\/uploads\/2024\/06\/IMG-20240609-WA0011-212x300.jpg 212w\" sizes=\"(max-width: 595px) 100vw, 595px\" \/><\/a><\/figure><\/div>\n\n\n<p>Wir laden euch herzlich zu unserem 20-Jahre Event ein. Unsere Jubil\u00e4umsveranstaltung findet am 15. Juni 2024 ab 11.00 Uhr beim Clubheim des Fischereivereins Bregenzerwald statt. Wir haben uns sehr bem\u00fcht und werden euch ein spannendes und abwechslungsreiches Programm bieten! Weiters besteht an diesem Tag die Gelegenheit viele Fischerkollegen in geselliger Atmosph\u00e4re zu treffen und sich fachlich auszutauschen.<strong> <\/strong><\/p>\n\n\n\n<p>Anl\u00e4sslich unseres Jubil\u00e4ums zieht unser Gesch\u00e4ft mit Abverkaufs-Artikeln an diesem Tag ins Clubheim. Ihr d\u00fcrft euch auf viele Angebote freuen! Fredi, der Obmann des FV-Bregenzerwald und sein Team, werden euch mit Speis und Trank verw\u00f6hnen. Lasst euch diesen besonderen Tag nicht entgehen!<\/p>\n\n\n\n<p><strong><a href=\"https:\/\/flyfish-bregenzerwald.at\/wp-content\/uploads\/2024\/06\/Flyer-20-Jahre-Update-A4.pdf\" data-type=\"link\" data-id=\"https:\/\/flyfish-bregenzerwald.at\/wp-content\/uploads\/2024\/06\/Flyer-20-Jahre-Update-A4.pdf\" target=\"_blank\" rel=\"noreferrer noopener\">Flyer 20 Jahre flyfish Bregenzerwald (.pdf)<\/a><\/strong><\/p>\n\n\n\n<p><strong>Wir bitten euch um baldige Anmeldung per E-mail unter info@flyfish-bregenzerwald.at oder per<\/strong><br><strong>Whats App: 0043 664 4146482 bis 02.06.2024. <\/strong>Falls unser Event wegen schlechter Witterung auf den 15.06.2024 verschoben werden muss, verst\u00e4ndigen wir euch am 06.06.2024.<\/p>\n\n\n<div class=\"wp-block-image\">\n<figure class=\"alignleft size-full is-resized\"><a href=\"https:\/\/flyfish-bregenzerwald.at\/wp-content\/uploads\/2024\/06\/Programm-20-Jahre-flyfish-Bregenzerwald_1.pdf\"><img loading=\"lazy\" decoding=\"async\" width=\"1080\" height=\"1528\" src=\"https:\/\/flyfish-bregenzerwald.at\/wp-content\/uploads\/2024\/06\/Programm-20-Jahre-flyfish-Bregenzerwald_1_240611_152243.jpg\" alt=\"\" class=\"wp-image-1626\" style=\"width:240px;height:auto\" srcset=\"https:\/\/flyfish-bregenzerwald.at\/wp-content\/uploads\/2024\/06\/Programm-20-Jahre-flyfish-Bregenzerwald_1_240611_152243.jpg 1080w, https:\/\/flyfish-bregenzerwald.at\/wp-content\/uploads\/2024\/06\/Programm-20-Jahre-flyfish-Bregenzerwald_1_240611_152243-212x300.jpg 212w, https:\/\/flyfish-bregenzerwald.at\/wp-content\/uploads\/2024\/06\/Programm-20-Jahre-flyfish-Bregenzerwald_1_240611_152243-724x1024.jpg 724w, https:\/\/flyfish-bregenzerwald.at\/wp-content\/uploads\/2024\/06\/Programm-20-Jahre-flyfish-Bregenzerwald_1_240611_152243-768x1087.jpg 768w\" sizes=\"(max-width: 1080px) 100vw, 1080px\" \/><\/a><\/figure><\/div>\n\n\n<p><br><a href=\"https:\/\/flyfish-bregenzerwald.at\/wp-content\/uploads\/2024\/06\/Programm-20-Jahre-flyfish-Bregenzerwald_1.pdf\" data-type=\"link\" data-id=\"https:\/\/flyfish-bregenzerwald.at\/wp-content\/uploads\/2024\/06\/Programm-20-Jahre-flyfish-Bregenzerwald_1.pdf\" target=\"_blank\" rel=\"noreferrer noopener\"><strong>Programmplan Event 15.06.2024 (.pdf)<\/strong><\/a><br><br><strong>Zufahrtsbeschreibung zum Fischerheim: <\/strong><br>Bitte beachten: Die Zufahrt ist nur ab der Br\u00fccke vor Bezau m\u00f6glich, die Zufahrt \u00fcber Schwarzenberg Klettergarten ist gesperrt!<\/p>\n\n\n\n<p>Vom B\u00f6dele oder Andelsbuch kommend &#8211; Zufahrt ab Kreisverkehr Schwarzenberg\/Bersbuch: In Richtung Bezau fahren und direkt nach der Achbr\u00fccke rechts abbiegen, die Schienen queren und dann rechts der Bregenzer Ach auf dem Waldweg bis zum Fischerheim folgen! <\/p>\n\n\n\n<p>Von Bezau kommend: Direkt vor der Achbr\u00fccke links abbiegen, die Schienen queren und dann rechts der Bregenzer Ach auf dem Waldweg bis zum Fischerheim folgen!<\/p>\n","protected":false},"excerpt":{"rendered":"<p>Wir laden euch herzlich zu unserem 20-Jahre Event ein. Unsere Jubil\u00e4umsveranstaltung findet am 15. Juni 2024 ab 11.00 Uhr beim Clubheim des Fischereivereins Bregenzerwald statt. Wir haben uns sehr bem\u00fcht und werden euch ein spannendes und abwechslungsreiches Programm bieten! Weiters besteht an diesem Tag die Gelegenheit viele Fischerkollegen in geselliger Atmosph\u00e4re zu treffen und sich &#8230; <\/p>\n<p class=\"read-more-container\"><a title=\"20 Jahre flyfish Bregenzerwald\" class=\"read-more button\" href=\"https:\/\/flyfish-bregenzerwald.at\/index.php\/20-jahre-flyfish-bregenzerwald\/#more-1527\" aria-label=\"Mehr zu 20 Jahre flyfish Bregenzerwald\">Mehr &#8230;<\/a><\/p>\n","protected":false},"author":2,"featured_media":1534,"parent":0,"menu_order":0,"comment_status":"closed","ping_status":"closed","template":"","meta":{"footnotes":""},"_links":{"self":[{"href":"https:\/\/flyfish-bregenzerwald.at\/index.php\/wp-json\/wp\/v2\/pages\/1527"}],"collection":[{"href":"https:\/\/flyfish-bregenzerwald.at\/index.php\/wp-json\/wp\/v2\/pages"}],"about":[{"href":"https:\/\/flyfish-bregenzerwald.at\/index.php\/wp-json\/wp\/v2\/types\/page"}],"author":[{"embeddable":true,"href":"https:\/\/flyfish-bregenzerwald.at\/index.php\/wp-json\/wp\/v2\/users\/2"}],"replies":[{"embeddable":true,"href":"https:\/\/flyfish-bregenzerwald.at\/index.php\/wp-json\/wp\/v2\/comments?post=1527"}],"version-history":[{"count":42,"href":"https:\/\/flyfish-bregenzerwald.at\/index.php\/wp-json\/wp\/v2\/pages\/1527\/revisions"}],"predecessor-version":[{"id":1631,"href":"https:\/\/flyfish-bregenzerwald.at\/index.php\/wp-json\/wp\/v2\/pages\/1527\/revisions\/1631"}],"wp:featuredmedia":[{"embeddable":true,"href":"https:\/\/flyfish-bregenzerwald.at\/index.php\/wp-json\/wp\/v2\/media\/1534"}],"wp:attachment":[{"href":"https:\/\/flyfish-bregenzerwald.at\/index.php\/wp-json\/wp\/v2\/media?parent=1527"}],"curies":[{"name":"wp","href":"https:\/\/api.w.org\/{rel}","templated":true}]}}