{"id":152,"date":"2019-12-01T18:10:19","date_gmt":"2019-12-01T18:10:19","guid":{"rendered":"http:\/\/flyfish-bregenzerwald.at\/?page_id=152"},"modified":"2024-10-18T15:12:27","modified_gmt":"2024-10-18T15:12:27","slug":"einsteiger","status":"publish","type":"page","link":"https:\/\/flyfish-bregenzerwald.at\/index.php\/einsteiger\/","title":{"rendered":"Einsteiger"},"content":{"rendered":"\n<p>So, so der Schnupperkurs hat Sie \u00fcberzeugt. Nun dann erkl\u00e4ren wir Ihnen mal wie es weitergeht.<\/p>\n\n\n<div class=\"wp-block-image\">\n<figure class=\"alignright size-large is-resized\"><img loading=\"lazy\" decoding=\"async\" width=\"1024\" height=\"577\" src=\"https:\/\/flyfish-bregenzerwald.at\/wp-content\/uploads\/2023\/05\/Peter_Hengsberger_Robert_Deutschmann_2-1024x577.jpg\" alt=\"\" class=\"wp-image-1340\" style=\"width:358px\" srcset=\"https:\/\/flyfish-bregenzerwald.at\/wp-content\/uploads\/2023\/05\/Peter_Hengsberger_Robert_Deutschmann_2-1024x577.jpg 1024w, https:\/\/flyfish-bregenzerwald.at\/wp-content\/uploads\/2023\/05\/Peter_Hengsberger_Robert_Deutschmann_2-300x169.jpg 300w, https:\/\/flyfish-bregenzerwald.at\/wp-content\/uploads\/2023\/05\/Peter_Hengsberger_Robert_Deutschmann_2-768x432.jpg 768w, https:\/\/flyfish-bregenzerwald.at\/wp-content\/uploads\/2023\/05\/Peter_Hengsberger_Robert_Deutschmann_2-1536x865.jpg 1536w, https:\/\/flyfish-bregenzerwald.at\/wp-content\/uploads\/2023\/05\/Peter_Hengsberger_Robert_Deutschmann_2-2048x1153.jpg 2048w\" sizes=\"(max-width: 1024px) 100vw, 1024px\" \/><\/figure><\/div>\n\n\n<p>In diesem 2-Tages-Wochenendkurs f\u00fchren wir Sie Schritt f\u00fcr Schritt in die Welt des Fliegenfischens ein. Hier erlernen Sie am ersten Tag Grundlegendes zur Ger\u00e4tewahl, die Basiswurftechniken sowie die Grundz\u00fcge der Insektenkunde. Sie werden sehen, Theorie und Trockentraining auf der Wiese muss nicht nur immer \u201etrocken\u201c sein. <\/p>\n\n\n<div class=\"wp-block-image\">\n<figure class=\"alignleft size-large is-resized\"><img loading=\"lazy\" decoding=\"async\" width=\"1024\" height=\"576\" src=\"https:\/\/flyfish-bregenzerwald.at\/wp-content\/uploads\/2023\/05\/20220501_100017-1024x576.jpg\" alt=\"\" class=\"wp-image-1338\" style=\"width:358px\" srcset=\"https:\/\/flyfish-bregenzerwald.at\/wp-content\/uploads\/2023\/05\/20220501_100017-1024x576.jpg 1024w, https:\/\/flyfish-bregenzerwald.at\/wp-content\/uploads\/2023\/05\/20220501_100017-300x169.jpg 300w, https:\/\/flyfish-bregenzerwald.at\/wp-content\/uploads\/2023\/05\/20220501_100017-768x432.jpg 768w, https:\/\/flyfish-bregenzerwald.at\/wp-content\/uploads\/2023\/05\/20220501_100017-1536x864.jpg 1536w, https:\/\/flyfish-bregenzerwald.at\/wp-content\/uploads\/2023\/05\/20220501_100017-2048x1153.jpg 2048w\" sizes=\"(max-width: 1024px) 100vw, 1024px\" \/><\/figure><\/div>\n\n\n<p>Keine Angst \u201enass\u201c werden Sie noch fr\u00fch genug.<br>Am zweiten Tag haben Sie die M\u00f6glichkeit das Gelernte am Gew\u00e4sser gleich umzusetzen.<\/p>\n\n\n\n<p>Die Gruppenst\u00e4rke liegt bei h\u00f6chstens 6 Personen.<\/p>\n\n\n\n<p>Der Kursbeitrag pro Person betr\u00e4gt \u20ac 310,-.<\/p>\n\n\n\n<p>Leihger\u00e4te werden f\u00fcr die Dauer des Kurses selbstverst\u00e4ndlich zur Verf\u00fcgung gestellt.<\/p>\n","protected":false},"excerpt":{"rendered":"<p>So, so der Schnupperkurs hat Sie \u00fcberzeugt. Nun dann erkl\u00e4ren wir Ihnen mal wie es weitergeht. In diesem 2-Tages-Wochenendkurs f\u00fchren wir Sie Schritt f\u00fcr Schritt in die Welt des Fliegenfischens ein. Hier erlernen Sie am ersten Tag Grundlegendes zur Ger\u00e4tewahl, die Basiswurftechniken sowie die Grundz\u00fcge der Insektenkunde. Sie werden sehen, Theorie und Trockentraining auf der &#8230; <\/p>\n<p class=\"read-more-container\"><a title=\"Einsteiger\" class=\"read-more button\" href=\"https:\/\/flyfish-bregenzerwald.at\/index.php\/einsteiger\/#more-152\" aria-label=\"Mehr zu Einsteiger\">Mehr &#8230;<\/a><\/p>\n","protected":false},"author":2,"featured_media":1342,"parent":0,"menu_order":0,"comment_status":"closed","ping_status":"closed","template":"","meta":{"footnotes":""},"_links":{"self":[{"href":"https:\/\/flyfish-bregenzerwald.at\/index.php\/wp-json\/wp\/v2\/pages\/152"}],"collection":[{"href":"https:\/\/flyfish-bregenzerwald.at\/index.php\/wp-json\/wp\/v2\/pages"}],"about":[{"href":"https:\/\/flyfish-bregenzerwald.at\/index.php\/wp-json\/wp\/v2\/types\/page"}],"author":[{"embeddable":true,"href":"https:\/\/flyfish-bregenzerwald.at\/index.php\/wp-json\/wp\/v2\/users\/2"}],"replies":[{"embeddable":true,"href":"https:\/\/flyfish-bregenzerwald.at\/index.php\/wp-json\/wp\/v2\/comments?post=152"}],"version-history":[{"count":9,"href":"https:\/\/flyfish-bregenzerwald.at\/index.php\/wp-json\/wp\/v2\/pages\/152\/revisions"}],"predecessor-version":[{"id":1739,"href":"https:\/\/flyfish-bregenzerwald.at\/index.php\/wp-json\/wp\/v2\/pages\/152\/revisions\/1739"}],"wp:featuredmedia":[{"embeddable":true,"href":"https:\/\/flyfish-bregenzerwald.at\/index.php\/wp-json\/wp\/v2\/media\/1342"}],"wp:attachment":[{"href":"https:\/\/flyfish-bregenzerwald.at\/index.php\/wp-json\/wp\/v2\/media?parent=152"}],"curies":[{"name":"wp","href":"https:\/\/api.w.org\/{rel}","templated":true}]}}