{"id":150,"date":"2019-12-01T18:09:50","date_gmt":"2019-12-01T18:09:50","guid":{"rendered":"http:\/\/flyfish-bregenzerwald.at\/?page_id=150"},"modified":"2023-11-02T19:26:10","modified_gmt":"2023-11-02T19:26:10","slug":"schnupperkurs","status":"publish","type":"page","link":"https:\/\/flyfish-bregenzerwald.at\/index.php\/schnupperkurs\/","title":{"rendered":"Schnupperkurs"},"content":{"rendered":"<p><\/p>\n\n\n<\/p>\n<figure class=\"wp-block-image alignright size-large is-resized\"><img decoding=\"async\" class=\"wp-image-1098\" src=\"https:\/\/flyfish-bregenzerwald.at\/wp-content\/uploads\/2023\/04\/4-768x1024.jpg\" alt=\"\" width=\"358\" srcset=\"https:\/\/flyfish-bregenzerwald.at\/wp-content\/uploads\/2023\/04\/4-768x1024.jpg 768w, https:\/\/flyfish-bregenzerwald.at\/wp-content\/uploads\/2023\/04\/4-225x300.jpg 225w, https:\/\/flyfish-bregenzerwald.at\/wp-content\/uploads\/2023\/04\/4-1152x1536.jpg 1152w, https:\/\/flyfish-bregenzerwald.at\/wp-content\/uploads\/2023\/04\/4-1536x2048.jpg 1536w, https:\/\/flyfish-bregenzerwald.at\/wp-content\/uploads\/2023\/04\/4-scaled.jpg 1920w\" sizes=\"(max-width: 768px) 100vw, 768px\" \/><\/figure>\n<p>\n\n\n<p>Na haben wir Sie auf den Geschmack gebracht?<br>Sch\u00f6n, das freut uns.<\/p>\n<p>Als Neuling haben Sie bei unseren Schnupperkursen die M\u00f6glichkeit verschiedene Ger\u00e4te der Fliegenfischerei zu testen und herauszufinden, welches Ger\u00e4t f\u00fcr Sie, f\u00fcr Ihr Gew\u00e4sser und ihren Wurfstil das Richtige ist.<\/p>\n<p>Oder fragten Sie sich als Fortgeschrittener schon mal ob Ihr eigenes Ger\u00e4t richtig abgestimmt ist?<\/p>\n<p>Wollten Sie immer schon mal eine andere &#8211; Rute-Rolle-Backing-Schnur-Vorfach-Fliege &#8211; testen?<\/p>\n<p>Oder m\u00f6chten Sie einen 2-Tageskurs besuchen und sind sich nicht sicher, ob Einsteiger oder Fortgeschritten.<\/p>\n<p>Im Klartext hei\u00dft das, dass wir Ihnen einen \u00dcberblick \u00fcber das Fliegenfischen verschaffen m\u00f6chten. Probieren Sie einfach mal das Werfen mit einem passenden Ger\u00e4t aus.<\/p>\n\n<div class=\"wp-block-image\">\n<figure class=\"alignright size-full\"><img loading=\"lazy\" decoding=\"async\" width=\"2560\" height=\"1440\" src=\"https:\/\/flyfish-bregenzerwald.at\/wp-content\/uploads\/2023\/04\/8-scaled.jpg\" alt=\"\" class=\"wp-image-1102\" srcset=\"https:\/\/flyfish-bregenzerwald.at\/wp-content\/uploads\/2023\/04\/8-scaled.jpg 2560w, https:\/\/flyfish-bregenzerwald.at\/wp-content\/uploads\/2023\/04\/8-300x169.jpg 300w, https:\/\/flyfish-bregenzerwald.at\/wp-content\/uploads\/2023\/04\/8-1024x576.jpg 1024w, https:\/\/flyfish-bregenzerwald.at\/wp-content\/uploads\/2023\/04\/8-768x432.jpg 768w, https:\/\/flyfish-bregenzerwald.at\/wp-content\/uploads\/2023\/04\/8-1536x864.jpg 1536w, https:\/\/flyfish-bregenzerwald.at\/wp-content\/uploads\/2023\/04\/8-2048x1152.jpg 2048w\" sizes=\"(max-width: 2560px) 100vw, 2560px\" \/><\/figure><\/div>\n\n<p style=\"text-align: center;\">Weitere Infos erhalten Sie gerne unter info@flyfish-bregenzerwald.at<\/p>","protected":false},"excerpt":{"rendered":"<p>Na haben wir Sie auf den Geschmack gebracht?Sch\u00f6n, das freut uns. Als Neuling haben Sie bei unseren Schnupperkursen die M\u00f6glichkeit verschiedene Ger\u00e4te der Fliegenfischerei zu testen und herauszufinden, welches Ger\u00e4t f\u00fcr Sie, f\u00fcr Ihr Gew\u00e4sser und ihren Wurfstil das Richtige ist. Oder fragten Sie sich als Fortgeschrittener schon mal ob Ihr eigenes Ger\u00e4t richtig abgestimmt &#8230; <\/p>\n<p class=\"read-more-container\"><a title=\"Schnupperkurs\" class=\"read-more button\" href=\"https:\/\/flyfish-bregenzerwald.at\/index.php\/schnupperkurs\/#more-150\" aria-label=\"Mehr zu Schnupperkurs\">Mehr &#8230;<\/a><\/p>\n","protected":false},"author":2,"featured_media":1106,"parent":0,"menu_order":0,"comment_status":"closed","ping_status":"closed","template":"","meta":{"footnotes":""},"_links":{"self":[{"href":"https:\/\/flyfish-bregenzerwald.at\/index.php\/wp-json\/wp\/v2\/pages\/150"}],"collection":[{"href":"https:\/\/flyfish-bregenzerwald.at\/index.php\/wp-json\/wp\/v2\/pages"}],"about":[{"href":"https:\/\/flyfish-bregenzerwald.at\/index.php\/wp-json\/wp\/v2\/types\/page"}],"author":[{"embeddable":true,"href":"https:\/\/flyfish-bregenzerwald.at\/index.php\/wp-json\/wp\/v2\/users\/2"}],"replies":[{"embeddable":true,"href":"https:\/\/flyfish-bregenzerwald.at\/index.php\/wp-json\/wp\/v2\/comments?post=150"}],"version-history":[{"count":18,"href":"https:\/\/flyfish-bregenzerwald.at\/index.php\/wp-json\/wp\/v2\/pages\/150\/revisions"}],"predecessor-version":[{"id":1427,"href":"https:\/\/flyfish-bregenzerwald.at\/index.php\/wp-json\/wp\/v2\/pages\/150\/revisions\/1427"}],"wp:featuredmedia":[{"embeddable":true,"href":"https:\/\/flyfish-bregenzerwald.at\/index.php\/wp-json\/wp\/v2\/media\/1106"}],"wp:attachment":[{"href":"https:\/\/flyfish-bregenzerwald.at\/index.php\/wp-json\/wp\/v2\/media?parent=150"}],"curies":[{"name":"wp","href":"https:\/\/api.w.org\/{rel}","templated":true}]}}