{"id":1107,"date":"2023-04-16T17:25:13","date_gmt":"2023-04-16T17:25:13","guid":{"rendered":"https:\/\/flyfish-bregenzerwald.at\/?page_id=1107"},"modified":"2023-05-07T05:04:44","modified_gmt":"2023-05-07T05:04:44","slug":"schnupperkurs-2023","status":"publish","type":"page","link":"https:\/\/flyfish-bregenzerwald.at\/index.php\/schnupperkurs-2023\/","title":{"rendered":"Schnupperkurs 2023"},"content":{"rendered":"\n<p><br>Am Samstag, den 8. April 23, trafen sich acht interessierte M\u00e4nner beim Fischerheim, welche einfach mal Lust hatten, in das Fliegenfischen rein zu schnuppern!<\/p>\n\n\n<div class=\"wp-block-image\">\n<figure class=\"alignright size-large is-resized\"><img decoding=\"async\" src=\"https:\/\/flyfish-bregenzerwald.at\/wp-content\/uploads\/2023\/04\/1-1024x576.jpg\" alt=\"\" class=\"wp-image-1095\" width=\"358\" srcset=\"https:\/\/flyfish-bregenzerwald.at\/wp-content\/uploads\/2023\/04\/1-1024x576.jpg 1024w, https:\/\/flyfish-bregenzerwald.at\/wp-content\/uploads\/2023\/04\/1-300x169.jpg 300w, https:\/\/flyfish-bregenzerwald.at\/wp-content\/uploads\/2023\/04\/1-768x432.jpg 768w, https:\/\/flyfish-bregenzerwald.at\/wp-content\/uploads\/2023\/04\/1-1536x865.jpg 1536w, https:\/\/flyfish-bregenzerwald.at\/wp-content\/uploads\/2023\/04\/1-2048x1153.jpg 2048w\" sizes=\"(max-width: 1024px) 100vw, 1024px\" \/><\/figure><\/div>\n\n\n<p>Nach der grundlegenden Frage an die Kursteilnehmer \u201eWarum \u00fcberhaupt mit der Fliege fischen?\u201c, folgten Infos zu Themen wie Vor- und Nachteile des Fliegenfischens und zur Ausr\u00fcstung. Anschlie\u00dfend widmeten wir uns dem unendlichen Thema \u201eRute\u201c. Da einige Teilnehmer ihre Ruten \u2013 meist \u00e4lteren Datums \u2013 mitbrachten, bauten wir diese und auch verschiedene Testleihger\u00e4te aus unserem Shop gemeinsam zusammen. Anschlie\u00dfend waren wir startklar f\u00fcr die ersten Wurfversuche mit der Fliegenrute.<\/p>\n\n\n<div class=\"wp-block-image\">\n<figure class=\"alignleft size-large is-resized\"><img decoding=\"async\" src=\"https:\/\/flyfish-bregenzerwald.at\/wp-content\/uploads\/2023\/04\/4-768x1024.jpg\" alt=\"\" class=\"wp-image-1098\" width=\"250\" srcset=\"https:\/\/flyfish-bregenzerwald.at\/wp-content\/uploads\/2023\/04\/4-768x1024.jpg 768w, https:\/\/flyfish-bregenzerwald.at\/wp-content\/uploads\/2023\/04\/4-225x300.jpg 225w, https:\/\/flyfish-bregenzerwald.at\/wp-content\/uploads\/2023\/04\/4-1152x1536.jpg 1152w, https:\/\/flyfish-bregenzerwald.at\/wp-content\/uploads\/2023\/04\/4-1536x2048.jpg 1536w, https:\/\/flyfish-bregenzerwald.at\/wp-content\/uploads\/2023\/04\/4-scaled.jpg 1920w\" sizes=\"(max-width: 768px) 100vw, 768px\" \/><\/figure><\/div>\n\n\n<p>Nach einer kurzen Erkl\u00e4rung der Grundtechniken begaben wir uns auf das \u00dcbungsgel\u00e4nde und begannen mit einfachen Wurftechniken.<br>Sch\u00f6n zu sehen, wenn die Kursteilnehmer verschiedene Ruten testen und tauschen, verschiedene Schnurklassen versuchen und bald selbst sp\u00fcren, dass die selbst Mitgebrachte, oft geschenkte Rute, nicht die erw\u00fcnschten Erfolg bringt! Also Zeit, etwas Neues zu versuchen. Nach etwas Training und den ersten gelungenen Wurfversuchen ging`s gleich ans Wasser. Praxis ist die Intention unserer Kurse!<\/p>\n\n\n<div class=\"wp-block-image\">\n<figure class=\"alignright size-large is-resized\"><img decoding=\"async\" src=\"https:\/\/flyfish-bregenzerwald.at\/wp-content\/uploads\/2023\/04\/10-1024x576.jpeg\" alt=\"\" class=\"wp-image-1104\" width=\"358\" srcset=\"https:\/\/flyfish-bregenzerwald.at\/wp-content\/uploads\/2023\/04\/10-1024x576.jpeg 1024w, https:\/\/flyfish-bregenzerwald.at\/wp-content\/uploads\/2023\/04\/10-300x169.jpeg 300w, https:\/\/flyfish-bregenzerwald.at\/wp-content\/uploads\/2023\/04\/10-768x432.jpeg 768w, https:\/\/flyfish-bregenzerwald.at\/wp-content\/uploads\/2023\/04\/10-1536x864.jpeg 1536w, https:\/\/flyfish-bregenzerwald.at\/wp-content\/uploads\/2023\/04\/10-2048x1152.jpeg 2048w\" sizes=\"(max-width: 1024px) 100vw, 1024px\" \/><\/figure><\/div>\n\n\n<p>Nach einer kurzen Vorf\u00fchrung eines waidgerechten Drills, schonendem L\u00f6sen und Zur\u00fccksetzen eines Fisches ins Wasser, ging`s endlich an die Besichtigung des Gew\u00e4ssers. Die Themen: Erkl\u00e4ren der der Fischn\u00e4hrtiere, Ausmachen des Standortes der Fische, Anbiettechniken etc. und den ersten Eigenversuchen am Wasser. Anschlie\u00dfend waren wirklich alle Teilnehmer von dieser Art des Fischens \u00fcberzeugt.<\/p>\n\n\n\n<p>Und so wurden die nachfolgenden, aufbauenden Kurstermine gleich an Ort und Stelle bei der Abschlussbesprechung vereinbart.<\/p>\n\n\n\n<p>Claus Elmenreich<\/p>\n\n\n\n<div class=\"rl-gallery-container rl-loading\" id=\"rl-gallery-container-1\" data-gallery_id=\"1109\"> <div class=\"rl-gallery rl-basicgrid-gallery \" id=\"rl-gallery-1\" data-gallery_no=\"1\"> <div class=\"rl-gallery-item\"><a href=\"https:\/\/flyfish-bregenzerwald.at\/wp-content\/uploads\/2023\/04\/1-scaled.jpg\" title=\"\" data-rl_title=\"\" class=\"rl-gallery-link\" data-rl_caption=\"\" data-rel=\"lightbox-gallery-1\"><img loading=\"lazy\" decoding=\"async\" src=\"https:\/\/flyfish-bregenzerwald.at\/wp-content\/uploads\/2023\/04\/1-300x169.jpg\" width=\"300\" height=\"169\" alt=\"\" \/><\/a><\/div><div class=\"rl-gallery-item\"><a href=\"https:\/\/flyfish-bregenzerwald.at\/wp-content\/uploads\/2023\/04\/3-scaled.jpg\" title=\"\" data-rl_title=\"\" class=\"rl-gallery-link\" data-rl_caption=\"\" data-rel=\"lightbox-gallery-1\"><img loading=\"lazy\" decoding=\"async\" src=\"https:\/\/flyfish-bregenzerwald.at\/wp-content\/uploads\/2023\/04\/3-300x169.jpg\" width=\"300\" height=\"169\" alt=\"\" \/><\/a><\/div><div class=\"rl-gallery-item\"><a href=\"https:\/\/flyfish-bregenzerwald.at\/wp-content\/uploads\/2023\/04\/2-scaled.jpg\" title=\"\" data-rl_title=\"\" class=\"rl-gallery-link\" data-rl_caption=\"\" data-rel=\"lightbox-gallery-1\"><img loading=\"lazy\" decoding=\"async\" src=\"https:\/\/flyfish-bregenzerwald.at\/wp-content\/uploads\/2023\/04\/2-300x169.jpg\" width=\"300\" height=\"169\" alt=\"\" \/><\/a><\/div><div class=\"rl-gallery-item\"><a href=\"https:\/\/flyfish-bregenzerwald.at\/wp-content\/uploads\/2023\/04\/5-scaled.jpg\" title=\"\" data-rl_title=\"\" class=\"rl-gallery-link\" data-rl_caption=\"\" data-rel=\"lightbox-gallery-1\"><img loading=\"lazy\" decoding=\"async\" src=\"https:\/\/flyfish-bregenzerwald.at\/wp-content\/uploads\/2023\/04\/5-300x169.jpg\" width=\"300\" height=\"169\" alt=\"\" \/><\/a><\/div><div class=\"rl-gallery-item\"><a href=\"https:\/\/flyfish-bregenzerwald.at\/wp-content\/uploads\/2023\/04\/6-scaled.jpg\" title=\"\" data-rl_title=\"\" class=\"rl-gallery-link\" data-rl_caption=\"\" data-rel=\"lightbox-gallery-1\"><img loading=\"lazy\" decoding=\"async\" src=\"https:\/\/flyfish-bregenzerwald.at\/wp-content\/uploads\/2023\/04\/6-300x169.jpg\" width=\"300\" height=\"169\" alt=\"\" \/><\/a><\/div><div class=\"rl-gallery-item\"><a href=\"https:\/\/flyfish-bregenzerwald.at\/wp-content\/uploads\/2023\/04\/7-scaled.jpg\" title=\"\" data-rl_title=\"\" class=\"rl-gallery-link\" data-rl_caption=\"\" data-rel=\"lightbox-gallery-1\"><img loading=\"lazy\" decoding=\"async\" src=\"https:\/\/flyfish-bregenzerwald.at\/wp-content\/uploads\/2023\/04\/7-300x169.jpg\" width=\"300\" height=\"169\" alt=\"\" \/><\/a><\/div><div class=\"rl-gallery-item\"><a href=\"https:\/\/flyfish-bregenzerwald.at\/wp-content\/uploads\/2023\/04\/8-scaled.jpg\" title=\"\" data-rl_title=\"\" class=\"rl-gallery-link\" data-rl_caption=\"\" data-rel=\"lightbox-gallery-1\"><img loading=\"lazy\" decoding=\"async\" src=\"https:\/\/flyfish-bregenzerwald.at\/wp-content\/uploads\/2023\/04\/8-300x169.jpg\" width=\"300\" height=\"169\" alt=\"\" \/><\/a><\/div><div class=\"rl-gallery-item\"><a href=\"https:\/\/flyfish-bregenzerwald.at\/wp-content\/uploads\/2023\/04\/9-scaled.jpg\" title=\"\" data-rl_title=\"\" class=\"rl-gallery-link\" data-rl_caption=\"\" data-rel=\"lightbox-gallery-1\"><img loading=\"lazy\" decoding=\"async\" src=\"https:\/\/flyfish-bregenzerwald.at\/wp-content\/uploads\/2023\/04\/9-300x169.jpg\" width=\"300\" height=\"169\" alt=\"\" \/><\/a><\/div><div class=\"rl-gallery-item\"><a href=\"https:\/\/flyfish-bregenzerwald.at\/wp-content\/uploads\/2023\/04\/12-scaled.jpeg\" title=\"\" data-rl_title=\"\" class=\"rl-gallery-link\" data-rl_caption=\"\" data-rel=\"lightbox-gallery-1\"><img loading=\"lazy\" decoding=\"async\" src=\"https:\/\/flyfish-bregenzerwald.at\/wp-content\/uploads\/2023\/04\/12-300x169.jpeg\" width=\"300\" height=\"169\" alt=\"\" \/><\/a><\/div><div class=\"rl-gallery-item\"><a href=\"https:\/\/flyfish-bregenzerwald.at\/wp-content\/uploads\/2023\/04\/11-scaled.jpeg\" title=\"\" data-rl_title=\"\" class=\"rl-gallery-link\" data-rl_caption=\"\" data-rel=\"lightbox-gallery-1\"><img loading=\"lazy\" decoding=\"async\" src=\"https:\/\/flyfish-bregenzerwald.at\/wp-content\/uploads\/2023\/04\/11-300x169.jpeg\" width=\"300\" height=\"169\" alt=\"\" \/><\/a><\/div><div class=\"rl-gallery-item\"><a href=\"https:\/\/flyfish-bregenzerwald.at\/wp-content\/uploads\/2023\/04\/10-scaled.jpeg\" title=\"\" data-rl_title=\"\" class=\"rl-gallery-link\" data-rl_caption=\"\" data-rel=\"lightbox-gallery-1\"><img loading=\"lazy\" decoding=\"async\" src=\"https:\/\/flyfish-bregenzerwald.at\/wp-content\/uploads\/2023\/04\/10-300x169.jpeg\" width=\"300\" height=\"169\" alt=\"\" \/><\/a><\/div> <\/div> <\/div>\n","protected":false},"excerpt":{"rendered":"<p>Am Samstag, den 8. April 23, trafen sich acht interessierte M\u00e4nner beim Fischerheim, welche einfach mal Lust hatten, in das Fliegenfischen rein zu schnuppern! Nach der grundlegenden Frage an die Kursteilnehmer \u201eWarum \u00fcberhaupt mit der Fliege fischen?\u201c, folgten Infos zu Themen wie Vor- und Nachteile des Fliegenfischens und zur Ausr\u00fcstung. Anschlie\u00dfend widmeten wir uns dem &#8230; <\/p>\n<p class=\"read-more-container\"><a title=\"Schnupperkurs 2023\" class=\"read-more button\" href=\"https:\/\/flyfish-bregenzerwald.at\/index.php\/schnupperkurs-2023\/#more-1107\" aria-label=\"Mehr zu Schnupperkurs 2023\">Mehr &#8230;<\/a><\/p>\n","protected":false},"author":2,"featured_media":1104,"parent":0,"menu_order":0,"comment_status":"closed","ping_status":"closed","template":"","meta":{"footnotes":""},"_links":{"self":[{"href":"https:\/\/flyfish-bregenzerwald.at\/index.php\/wp-json\/wp\/v2\/pages\/1107"}],"collection":[{"href":"https:\/\/flyfish-bregenzerwald.at\/index.php\/wp-json\/wp\/v2\/pages"}],"about":[{"href":"https:\/\/flyfish-bregenzerwald.at\/index.php\/wp-json\/wp\/v2\/types\/page"}],"author":[{"embeddable":true,"href":"https:\/\/flyfish-bregenzerwald.at\/index.php\/wp-json\/wp\/v2\/users\/2"}],"replies":[{"embeddable":true,"href":"https:\/\/flyfish-bregenzerwald.at\/index.php\/wp-json\/wp\/v2\/comments?post=1107"}],"version-history":[{"count":17,"href":"https:\/\/flyfish-bregenzerwald.at\/index.php\/wp-json\/wp\/v2\/pages\/1107\/revisions"}],"predecessor-version":[{"id":1179,"href":"https:\/\/flyfish-bregenzerwald.at\/index.php\/wp-json\/wp\/v2\/pages\/1107\/revisions\/1179"}],"wp:featuredmedia":[{"embeddable":true,"href":"https:\/\/flyfish-bregenzerwald.at\/index.php\/wp-json\/wp\/v2\/media\/1104"}],"wp:attachment":[{"href":"https:\/\/flyfish-bregenzerwald.at\/index.php\/wp-json\/wp\/v2\/media?parent=1107"}],"curies":[{"name":"wp","href":"https:\/\/api.w.org\/{rel}","templated":true}]}}