{"id":1002,"date":"2023-03-16T11:03:52","date_gmt":"2023-03-16T11:03:52","guid":{"rendered":"https:\/\/flyfish-bregenzerwald.at\/?page_id=1002"},"modified":"2023-04-26T14:34:08","modified_gmt":"2023-04-26T14:34:08","slug":"__trashed","status":"publish","type":"page","link":"https:\/\/flyfish-bregenzerwald.at\/index.php\/__trashed\/","title":{"rendered":"Kartenausgabe"},"content":{"rendered":"\n<p>Bei uns erhalten Sie Tageskarten f\u00fcr verschiedene Fischereireviere im Bregenzerwald. Zudem bieten wir Karten f\u00fcr einige interessante Gew\u00e4sser rund um Lustenau\/Dornbirn an.<\/p>\n\n\n\n<p><strong>Gew\u00e4sser des FV Bregenzerwald<\/strong> (http:\/\/fv-bregenzerwald.at)<br>Bregenzerache<br>Von Lingenau bis Mellau und von Mellau bis Au (Saison: 01.05. &#8211; 30.09.)<\/p>\n\n\n\n<figure class=\"wp-block-image\"><img loading=\"lazy\" decoding=\"async\" width=\"650\" height=\"150\" src=\"https:\/\/flyfish-bregenzerwald.at\/wp-content\/uploads\/2020\/12\/Bregenzerache-5.jpg\" alt=\"\" class=\"wp-image-296\" srcset=\"https:\/\/flyfish-bregenzerwald.at\/wp-content\/uploads\/2020\/12\/Bregenzerache-5.jpg 650w, https:\/\/flyfish-bregenzerwald.at\/wp-content\/uploads\/2020\/12\/Bregenzerache-5-300x69.jpg 300w\" sizes=\"(max-width: 650px) 100vw, 650px\" \/><\/figure>\n\n\n\n<p>Subersach<br>Vom Ursprung bis zur M\u00fcndung inkl. dem Sch\u00f6nenbach (Saison: 01.05. &#8211; 30.09.)<\/p>\n\n\n\n<figure class=\"wp-block-image size-full\"><img loading=\"lazy\" decoding=\"async\" width=\"650\" height=\"150\" src=\"https:\/\/flyfish-bregenzerwald.at\/wp-content\/uploads\/2020\/12\/Subersach.jpg\" alt=\"\" class=\"wp-image-297\" srcset=\"https:\/\/flyfish-bregenzerwald.at\/wp-content\/uploads\/2020\/12\/Subersach.jpg 650w, https:\/\/flyfish-bregenzerwald.at\/wp-content\/uploads\/2020\/12\/Subersach-300x69.jpg 300w\" sizes=\"(max-width: 650px) 100vw, 650px\" \/><\/figure>\n\n\n\n<p><strong>Gew\u00e4sser des Fischereiverein Mellau<\/strong> (https:\/\/www.fischen-mellau.com)<br>Bregenzerache<br>Revier Mellau (Saison: 01.05. &#8211; 30.09.)<\/p>\n\n\n\n<p>Mellenbach<br>Vom Ursprung bis zur M\u00fcndung (Saison: 01.05. &#8211; 30.09.)<\/p>\n\n\n\n<p><strong>Gew\u00e4sser des Fischereiverein Bregenz<\/strong><br>Bregenzerache<br>Von Bregenz bis Lingenau (Saison: 01.05. &#8211; 31.08.)<\/p>\n\n\n\n<p><strong>Gew\u00e4sser rund um Lustenau\/Dornbirn<\/strong> (Genauere Infos unter: info@flyfish-bregenzerwald.at)<br>Rhein<br>Bei Lustenau (Saison: 01.02. &#8211; 31.12.)<\/p>\n\n\n\n<p>Dornbirner Ach<br>Bei Dornbirn\/Lustenau (Saison: 01.03. &#8211; 31.12.)<\/p>\n\n\n\n<p>Lustenauer Kanal<br>Bei Lustenau (Saison: 01.03. &#8211; 31.12.)<\/p>\n","protected":false},"excerpt":{"rendered":"<p>Bei uns erhalten Sie Tageskarten f\u00fcr verschiedene Fischereireviere im Bregenzerwald. Zudem bieten wir Karten f\u00fcr einige interessante Gew\u00e4sser rund um Lustenau\/Dornbirn an. Gew\u00e4sser des FV Bregenzerwald (http:\/\/fv-bregenzerwald.at)BregenzeracheVon Lingenau bis Mellau und von Mellau bis Au (Saison: 01.05. &#8211; 30.09.) SubersachVom Ursprung bis zur M\u00fcndung inkl. dem Sch\u00f6nenbach (Saison: 01.05. &#8211; 30.09.) Gew\u00e4sser des Fischereiverein Mellau &#8230; <\/p>\n<p class=\"read-more-container\"><a title=\"Kartenausgabe\" class=\"read-more button\" href=\"https:\/\/flyfish-bregenzerwald.at\/index.php\/__trashed\/#more-1002\" aria-label=\"Mehr zu Kartenausgabe\">Mehr &#8230;<\/a><\/p>\n","protected":false},"author":2,"featured_media":0,"parent":0,"menu_order":0,"comment_status":"closed","ping_status":"closed","template":"","meta":{"footnotes":""},"_links":{"self":[{"href":"https:\/\/flyfish-bregenzerwald.at\/index.php\/wp-json\/wp\/v2\/pages\/1002"}],"collection":[{"href":"https:\/\/flyfish-bregenzerwald.at\/index.php\/wp-json\/wp\/v2\/pages"}],"about":[{"href":"https:\/\/flyfish-bregenzerwald.at\/index.php\/wp-json\/wp\/v2\/types\/page"}],"author":[{"embeddable":true,"href":"https:\/\/flyfish-bregenzerwald.at\/index.php\/wp-json\/wp\/v2\/users\/2"}],"replies":[{"embeddable":true,"href":"https:\/\/flyfish-bregenzerwald.at\/index.php\/wp-json\/wp\/v2\/comments?post=1002"}],"version-history":[{"count":6,"href":"https:\/\/flyfish-bregenzerwald.at\/index.php\/wp-json\/wp\/v2\/pages\/1002\/revisions"}],"predecessor-version":[{"id":1013,"href":"https:\/\/flyfish-bregenzerwald.at\/index.php\/wp-json\/wp\/v2\/pages\/1002\/revisions\/1013"}],"wp:attachment":[{"href":"https:\/\/flyfish-bregenzerwald.at\/index.php\/wp-json\/wp\/v2\/media?parent=1002"}],"curies":[{"name":"wp","href":"https:\/\/api.w.org\/{rel}","templated":true}]}}